{"id":7921,"date":"2012-05-17T09:21:35","date_gmt":"2012-05-17T09:21:35","guid":{"rendered":"http:\/\/wordpress.pressjack.com\/digital-publishing-solutions-2.html"},"modified":"2017-09-15T13:00:29","modified_gmt":"2017-09-15T13:00:29","slug":"respuesta-edicion-digital","status":"publish","type":"page","link":"https:\/\/www.3dissue.com\/es\/recursos\/respuesta-edicion-digital.html\/","title":{"rendered":"Evaluaci\u00f3n de Softwares de Publicaci\u00f3n Digital"},"content":{"rendered":"<div class=\"section group intro\">\n<div class=\"sectionContent varWidth center guideForm\">\n<h2 id=\"guideTitle\">Lista de Caracter\u00edsticas para la Evaluaci\u00f3n de los Softwares para la Publicaci\u00f3n Digital<\/h2>\n<p class=\"grey\">Este e-book contiene detallada informaci\u00f3n sobre los aspectos importantes que se han de considerar a la hora de<br \/>\nelegir un software para la publicaci\u00f3n digital. Incluye:<\/p>\n<p class=\"grey\">\n&#8211; \u00bfEs mejor optar por el servicio o por el software?<br \/>\n&#8211; Integraci\u00f3n de herramientas de control sobre el funcionamiento<br \/>\n&#8211; Caracter\u00edsticas y opciones de personalizaci\u00f3n que son importantes para ti<br \/>\n&#8211; Opciones de compatibilidad con m\u00f3viles<br \/>\n&#8211; Desde qu\u00e9 plataforma prefieres trabajar: \u00bfWindows o Mac?<br \/>\n&#8211; Precio y otras opciones tras la venta\n<\/p>\n<div class=\"col span_1_of_2 coverContainer\">\n<p><img decoding=\"async\" src=\"\/\/static.3dissue.com\/images\/guides\/covers\/publishing\/epublishing-checklist_large.png\" alt=\"checklist evaluating digital publishing solutions\"><\/p>\n<\/div>\n<div class=\"col span_1_of_2 formContainer\">\n<div class=\"wpcf7 no-js\" id=\"wpcf7-f29860-o1\" lang=\"\" dir=\"ltr\" data-wpcf7-id=\"29860\">\n<div class=\"screen-reader-response\">\n<p role=\"status\" aria-live=\"polite\" aria-atomic=\"true\">\n<ul><\/ul>\n<\/div>\n<form action=\"\/es\/wp-json\/wp\/v2\/pages\/7921#wpcf7-f29860-o1\" method=\"post\" class=\"wpcf7-form init\" aria-label=\"Contact form\" novalidate=\"novalidate\" data-status=\"init\">\n<div style=\"display: none;\">\n<input type=\"hidden\" name=\"_wpcf7\" value=\"29860\" \/><br \/>\n<input type=\"hidden\" name=\"_wpcf7_version\" value=\"6.0.6\" \/><br \/>\n<input type=\"hidden\" name=\"_wpcf7_locale\" value=\"\" \/><br \/>\n<input type=\"hidden\" name=\"_wpcf7_unit_tag\" value=\"wpcf7-f29860-o1\" \/><br \/>\n<input type=\"hidden\" name=\"_wpcf7_container_post\" value=\"0\" \/><br \/>\n<input type=\"hidden\" name=\"_wpcf7_posted_data_hash\" value=\"\" \/>\n<\/div>\n<div class=\"embeddedcf\">\n<p>\n<span id=\"wpcf7-69e497e4b5be1-wrapper\" class=\"wpcf7-form-control-wrap your-title-345-wrap\" style=\"display:none !important; visibility:hidden !important;\"><label for=\"wpcf7-69e497e4b5be1-field\" class=\"hp-message\">Please leave this field empty.<\/label><input id=\"wpcf7-69e497e4b5be1-field\"  class=\"wpcf7-form-control wpcf7-text\" type=\"text\" name=\"your-title-345\" value=\"\" size=\"40\" tabindex=\"-1\" autocomplete=\"new-password\" \/><\/span><\/p>\n<p><span class=\"nameLbl\">Nombre <span>*<\/span><\/span><span class=\"wpcf7-form-control-wrap\" data-name=\"your-name\"><input size=\"40\" maxlength=\"400\" class=\"wpcf7-form-control wpcf7-text wpcf7-validates-as-required nameInput\" aria-required=\"true\" aria-invalid=\"false\" value=\"\" type=\"text\" name=\"your-name\" \/><\/span><\/p>\n<p><span class=\"emailLbl\">Email <span>*<\/span><\/span><span class=\"wpcf7-form-control-wrap\" data-name=\"your-email\"><input size=\"40\" maxlength=\"400\" class=\"wpcf7-form-control wpcf7-email wpcf7-validates-as-required wpcf7-text wpcf7-validates-as-email emailInput\" aria-required=\"true\" aria-invalid=\"false\" value=\"\" type=\"email\" name=\"your-email\" \/><\/span><a style=\"font-size: 0.70em;\" href=\"\/es\/privacy-policy.html\" data-mce-href=\"\/es\/privacy-policy.html\" target=\"_blank\">Pol\u00edtica de Privacidad<\/a><\/p>\n<p><span id=\"wpcf7-69e497e4b5c80-wrapper\" class=\"wpcf7-form-control-wrap your-company-094-wrap\" style=\"display:none !important; visibility:hidden !important;\"><label for=\"wpcf7-69e497e4b5c80-field\" class=\"hp-message\">Please leave this field empty.<\/label><input id=\"wpcf7-69e497e4b5c80-field\"  class=\"wpcf7-form-control wpcf7-text\" type=\"text\" name=\"your-company-094\" value=\"\" size=\"40\" tabindex=\"-1\" autocomplete=\"new-password\" \/><\/span><\/p>\n<p><input class=\"wpcf7-form-control wpcf7-submit has-spinner button\" type=\"submit\" value=\"DESCARGAR GRATIS MI E-BOOK\" \/><\/p>\n<\/div>\n<div class=\"wpcf7-response-output\" aria-hidden=\"true\"><\/div>\n<\/form>\n<\/div>\n<\/div>\n<\/div>\n<\/div>\n","protected":false},"excerpt":{"rendered":"<p>Lista de Caracter\u00edsticas para la Evaluaci\u00f3n de los Softwares para la Publicaci\u00f3n Digital<br \/>\nEste e-book contiene detallada informaci\u00f3n sobre los aspectos importantes que se han de considerar a la hora de<br \/>\nelegir un software para la publicaci\u00f3n digital. Incluye:<\/p>\n<p>&#8211; \u00bfEs mejor optar por el servicio o por el software?<br \/>\n&#8211; Integraci\u00f3n de herramientas de control sobre el funcionamiento<br \/>\n&#8211; Caracter\u00edsticas y opciones de personalizaci\u00f3n que son importantes para ti<br \/>\n&#8211; Opciones de compatibilidad con m\u00f3viles<br \/>\n&#8211; &#8230;<\/p>\n","protected":false},"author":1,"featured_media":0,"parent":7853,"menu_order":0,"comment_status":"open","ping_status":"closed","template":"template-guides.php","meta":{"footnotes":""},"class_list":["post-7921","page","type-page","status-publish","hentry","wpautop"],"aioseo_notices":[],"_links":{"self":[{"href":"https:\/\/www.3dissue.com\/es\/wp-json\/wp\/v2\/pages\/7921","targetHints":{"allow":["GET"]}}],"collection":[{"href":"https:\/\/www.3dissue.com\/es\/wp-json\/wp\/v2\/pages"}],"about":[{"href":"https:\/\/www.3dissue.com\/es\/wp-json\/wp\/v2\/types\/page"}],"author":[{"embeddable":true,"href":"https:\/\/www.3dissue.com\/es\/wp-json\/wp\/v2\/users\/1"}],"replies":[{"embeddable":true,"href":"https:\/\/www.3dissue.com\/es\/wp-json\/wp\/v2\/comments?post=7921"}],"version-history":[{"count":1,"href":"https:\/\/www.3dissue.com\/es\/wp-json\/wp\/v2\/pages\/7921\/revisions"}],"predecessor-version":[{"id":54177,"href":"https:\/\/www.3dissue.com\/es\/wp-json\/wp\/v2\/pages\/7921\/revisions\/54177"}],"up":[{"embeddable":true,"href":"https:\/\/www.3dissue.com\/es\/wp-json\/wp\/v2\/pages\/7853"}],"wp:attachment":[{"href":"https:\/\/www.3dissue.com\/es\/wp-json\/wp\/v2\/media?parent=7921"}],"curies":[{"name":"wp","href":"https:\/\/api.w.org\/{rel}","templated":true}]}}