{"id":7853,"date":"2012-05-16T13:40:17","date_gmt":"2012-05-16T13:40:17","guid":{"rendered":"http:\/\/wordpress.pressjack.com\/resources-2.html"},"modified":"2017-09-22T16:26:39","modified_gmt":"2017-09-22T16:26:39","slug":"recursos","status":"publish","type":"page","link":"https:\/\/www.3dissue.com\/es\/recursos.html\/","title":{"rendered":"Recursos"},"content":{"rendered":"<div class=\"section group intro\">\n<div class=\"sectionContent varWidth center\">\n<h1 style=\"font-size:2.6em;font-weight:400\" class=\"sectionHeading\">3D Issue <b>Gu\u00edas para la Publicaci\u00f3n Digital<\/b><\/h1>\n<p class=\"mediumPad reducedWidth3 grey\">Aqu\u00ed puedes acceder a algunos recursos gratuitos sobre la publicaci\u00f3n digital. Puedes consultar gu\u00edas, consejos, trucos y listas para obtener el mayor rendimiento de tu software para publicaciones digitales.<\/p>\n<div class=\"col span_1_of_4\"><a href=\"#beginnerGuides\" class=\"anchor\"><img decoding=\"async\" src=\"\/\/static.3dissue.com\/images\/guides\/beginner.png\" alt=\"beginner guides\"><\/a><\/p>\n<p class=\"guideTitle mediumPad\"><a href=\"#beginnerGuides\" class=\"anchor twoLines\">GU\u00cdAS PARA <span class=\"es\">PRINCIPIANTES<\/span><\/a><\/p>\n<p><a href=\"#beginnerGuides\" id=\"guideBeginnerEs\" class=\"anchor\"><img decoding=\"async\" src=\"\/\/static.3dissue.com\/images\/guides\/covers\/beginners\/7-common-questions.png\" alt=\"free ebook\"><\/a><\/p>\n<\/div>\n<div class=\"col span_1_of_4\"><a href=\"#marketingGuides\" class=\"anchor\"><img decoding=\"async\" src=\"\/\/static.3dissue.com\/images\/guides\/marketing.png\" alt=\"marketing resources\"><\/a><\/p>\n<p class=\"guideTitle mediumPad\"><a href=\"#marketingGuides\" class=\"anchor twoLines\">GU\u00cdAS DE <span class=\"es\">MARKETING<\/span><\/a><\/p>\n<p><a href=\"#marketingGuides\" id=\"guideMarketingEs\" class=\"anchor\"><img decoding=\"async\" src=\"\/\/static.3dissue.com\/images\/guides\/covers\/marketing\/creating-interactive-brochures.png\" alt=\"digital brochure software\"><\/a><\/p>\n<\/div>\n<div class=\"col span_1_of_4\"><a href=\"#publishingGuides\" class=\"anchor\"><img decoding=\"async\" src=\"\/\/static.3dissue.com\/images\/guides\/publishing.png\" alt=\"publishing assets\"><\/a><\/p>\n<p class=\"guideTitle mediumPad\"><a href=\"#publishingGuides\" class=\"anchor twoLines\">GU\u00cdAS SOBRE <span class=\"es\">PUBLICACI\u00d3N<\/span><\/a><\/p>\n<p><a href=\"#publishingGuides\" id=\"guidePublishingEs\" class=\"anchor\"><img decoding=\"async\" src=\"\/\/static.3dissue.com\/images\/guides\/covers\/publishing\/html5-digital-publishing-for-ipad.png\" alt=\"html5 digital publishing\"><\/a><\/p>\n<\/div>\n<div class=\"col span_1_of_4\"><a href=\"#userGuides\" class=\"anchor\"><img decoding=\"async\" src=\"\/\/static.3dissue.com\/images\/guides\/user.png\" alt=\"user manuals\"><\/a><\/p>\n<p class=\"guideTitle mediumPad\"><a href=\"#userGuides\" class=\"anchor\">GU\u00cdAS USUARIO <span class=\"es\">3D ISSUE<\/span><\/a><\/p>\n<p><a href=\"#userGuides\" id=\"guideUserEs\" class=\"anchor\"><img decoding=\"async\" src=\"\/\/static.3dissue.com\/images\/guides\/covers\/userguides\/v7\/3dissue-user-guide-pt1.png\" alt=\"how to create an e-magazine part 1\"><\/a><\/p>\n<\/div>\n<\/div>\n<\/div>\n<div class=\"section group\">\n<div id=\"beginnerGuides\" class=\"sectionContent varWidth center\">\n<p class=\"sectionLogo\"><img decoding=\"async\" src=\"\/\/static.3dissue.com\/images\/guides\/beginner.png\" alt=\"beginner guides\"><\/p>\n<h2 class=\"sectionHeading\"><b>Gu\u00edas<\/b> para Principiantes<\/h2>\n<p class=\"mediumPad grey reducedWidth3\">\u00bfLa publicaci\u00f3n digital es nueva para ti? No te preocupes tenemos una amplia gama de e-books que te ayudar\u00e1n a empezar.<\/p>\n<div class=\"col span_1_of_4\"><a href=\"\/es\/recursos\/7-respuestas-preguntas-comunes-sobre-pasarse-a-digital.html\"><img decoding=\"async\" src=\"\/\/static.3dissue.com\/images\/guides\/covers\/beginners\/7-common-questions.png\" title=\"\u00bfIniciandote en el mundo digital? Respondemos a las preguntas frecuentes\" alt=\"7 Preguntas frecuentes al pasarse al mundo digital\"><\/a><\/div>\n<div class=\"col span_1_of_4\"><a href=\"\/es\/recursos\/guia-edicion-revista-online.html\"><img decoding=\"async\" src=\"\/\/static.3dissue.com\/images\/guides\/covers\/beginners\/10-tips-for-beginners.png\" title=\"Ebook con consejos sobre c\u00f3mo empezar en la edici\u00f3n digital\" alt=\"revista publicacion digital\"><\/a><\/div>\n<div class=\"col span_1_of_4\"><a href=\"\/es\/recursos\/edicion-online-era-digital.html\"><img decoding=\"async\" src=\"\/\/static.3dissue.com\/images\/guides\/covers\/beginners\/online-publishing.png\" title=\"Las diferencias entre las versiones impresas y las digitales y consejos sobre la edici\u00f3n digital\" alt=\"Introduccion a la publicacion online\"><\/a><\/div>\n<div class=\"col span_1_of_4\"><a href=\"\/es\/recursos\/guia-app-revista-ipad-iphone.html\"><img decoding=\"async\" src=\"\/\/static.3dissue.com\/images\/guides\/covers\/beginners\/magazine-apps-ipad-iphone.png\" title=\"Todo lo que necesitas saber para crear apps para iPhone y iPad\" alt=\"La gu\u00eda para crear apps para iPhone y iPad\"><\/a><\/div>\n<\/div>\n<\/div>\n<div class=\"section group\">\n<div id=\"marketingGuides\" class=\"sectionContent varWidth center\">\n<p class=\"sectionLogo\"><img decoding=\"async\" src=\"\/\/static.3dissue.com\/images\/guides\/marketing.png\" alt=\"marketing resources\"><\/p>\n<h2 class=\"sectionHeading\"><b>Gu\u00edas<\/b> de Marketing<\/h2>\n<p class=\"mediumPad grey reducedWidth3\">Si quieres mejorar los resultados de tu estrategia de marketing con ediciones digitales, \u00a1no busques m\u00e1s! Nuestra gu\u00eda para profesionales del marketing cubre todas estas \u00e1reas incluido SEO, ideas sobre contenido y las mejores pr\u00e1cticas.<\/p>\n<div class=\"col span_1_of_4\"><a href=\"\/es\/recursos\/crear-folleto-digital.html\"><img decoding=\"async\" src=\"\/\/static.3dissue.com\/images\/guides\/covers\/marketing\/creating-interactive-brochures.png\" title=\"Esta completa gu\u00eda te dar\u00e1 las bases para crear folletos digitales para tus clientes actuales y potenciales\" alt=\"La gu\u00eda para profesionales del marketing sobre crear folletos online\"><\/a><\/div>\n<div class=\"col span_1_of_4\"><a href=\"\/es\/recursos\/mejores-practicas-llegar-audiencia.html\"><img decoding=\"async\" src=\"\/\/static.3dissue.com\/images\/guides\/covers\/marketing\/best-marketing-practices.png\" title=\"Esta gu\u00eda en formato ebook te muestra las mejores pr\u00e1cticas para alcanzar a tu audiencia de forma efectiva\" alt=\"mejores pr\u00e1cticas para llegar a tu audiencia\"><\/a><\/div>\n<div class=\"col span_1_of_4\"><a href=\"\/es\/recursos\/promocionar-ebook-revista-digital.html\"><img decoding=\"async\" src=\"\/\/static.3dissue.com\/images\/guides\/covers\/marketing\/marketing-ebook.png\" title=\"Te muestra c\u00f3mo promocionar tus publicaciones y ebooks\" alt=\"Gu\u00eda para la promoci\u00f3n de publicaciones digitales y ebooks\"><\/a><\/div>\n<div class=\"col span_1_of_4\"><a href=\"\/es\/recursos\/guia-redes-sociales-editores-digitales.html\"><img decoding=\"async\" src=\"\/\/static.3dissue.com\/images\/guides\/covers\/marketing\/social-media-marketing-guide.png\" title=\"Estad\u00edsticas, consejos y tendencias en el mundo de las redes sociales\" alt=\"Gu\u00eda sobre redes sociales para editores\"><\/a><\/div>\n<\/div>\n<\/div>\n<div class=\"section group\">\n<div id=\"publishingGuides\" class=\"sectionContent varWidth center\">\n<p class=\"sectionLogo\"><img decoding=\"async\" src=\"\/\/static.3dissue.com\/images\/guides\/publishing.png\" alt=\"publishing assets\"><\/p>\n<h2 class=\"sectionHeading\"><b>Gu\u00edas<\/b> sobre Publicaci\u00f3n<\/h2>\n<p class=\"mediumPad grey reducedWidth3\">Obt\u00e9n el mayor rendimiento de tus publicaciones digitales con estas gu\u00edas y consejos. Son recursos gratuitos que tratan todo lo relacionado con oportunidades publicitarias, errores a evitar y c\u00f3mo crear tus e-books digitales.<\/p>\n<div class=\"group\">\n<div class=\"col span_1_of_4\"><a href=\"\/es\/recursos\/edicion-digital-html5-ipad.html\"><img decoding=\"async\" src=\"\/\/static.3dissue.com\/images\/guides\/covers\/publishing\/html5-digital-publishing-for-ipad.png\" title=\"Todo lo que necesitas saber sobre la tecnolog\u00eda HTML5 y la publicaci\u00f3n digital para iPad\" alt=\"html5 gu\u00eda publicacion digital\"><\/a><\/div>\n<div class=\"col span_1_of_4\"><a href=\"\/es\/recursos\/creando-revistas-digitales.html\"><img decoding=\"async\" src=\"\/\/static.3dissue.com\/images\/guides\/covers\/publishing\/best-practices-online-magazines.png\" title=\"Mejores pr\u00e1cticas para la creaci\u00f3n de revistas digitales\" alt=\"mejores practicas en la creaci\u00f3n de revistas digitales\"><\/a><\/div>\n<div class=\"col span_1_of_4\"><a href=\"\/es\/recursos\/respuesta-edicion-digital.html\"><img decoding=\"async\" src=\"\/\/static.3dissue.com\/images\/guides\/covers\/publishing\/epublishing-checklist.png\" title=\"Informaci\u00f3n detallada sobre las cosas a tener en cuenta a la hora de elegir un software para la publicaci\u00f3n digital\" alt=\"claves para la evaluaci\u00f3n de softwares de publicaci\u00f3n digital\"><\/a><\/div>\n<div class=\"col span_1_of_4\"><a href=\"\/es\/recursos\/revista-digital-consejos.html\"><img decoding=\"async\" src=\"\/\/static.3dissue.com\/images\/guides\/covers\/publishing\/ultimate-digital-edition-tips-tricks.png\" title=\"La mejor gu\u00eda para lograr asombrosas ediciones digitales\" alt=\"Los mejores consejos y trucos para edicion digital\"><\/a><\/div>\n<\/div>\n<div class=\"group\">\n<div class=\"col span_1_of_4\"><a href=\"\/es\/recursos\/escritura-edicion-ebook.html\"><img decoding=\"async\" src=\"\/\/static.3dissue.com\/images\/guides\/covers\/publishing\/5-mistakes-to-avoid-ebook-writing.png\" title=\"Consejos para evitar errores en la creaci\u00f3n de ebooks\" alt=\"errores a evitar al escribir un ebook\"><\/a><\/div>\n<div class=\"col span_1_of_4\"><a href=\"\/es\/recursos\/crear-ebook.html\"><img decoding=\"async\" src=\"\/\/static.3dissue.com\/images\/guides\/covers\/publishing\/create-ebook-from-pdf.png\" title=\"Gu\u00eda para ayudarte a crear un ebook desde un pdf\" alt=\"Como crear un ebook desde un pdf\"><\/a><\/div>\n<div class=\"col span_1_of_4\"><a href=\"\/es\/recursos\/personalizando-ebooks-revistas-digitales.html\"><img decoding=\"async\" src=\"\/\/static.3dissue.com\/images\/guides\/covers\/publishing\/customizing-ebooks-digital-magazine-tips.png\" title=\"La personalizaci\u00f3n adecuada para una experiencia del usuario inolvidable\" alt=\"3D Issue ebook personalizacion\"><\/a><\/div>\n<div class=\"col span_1_of_4\"><a href=\"\/es\/recursos\/7-errores-evitar-utilizando-software-revista-online.html\"><img decoding=\"async\" src=\"\/\/static.3dissue.com\/images\/guides\/covers\/publishing\/mistakes-to-avoid-online-magazine-software.png\" title=\"Errores a evitar cuando se utiliza un software de edici\u00f3n digital\" alt=\"Errores a evitar al utilizar un software de publicaci\u00f3n digital\"><\/a><\/div>\n<\/div>\n<div class=\"group\">\n<div class=\"col span_1_of_4\"><a href=\"\/es\/recursos\/publicaciones-digitales-seo.html\"><img decoding=\"async\" src=\"\/\/static.3dissue.com\/images\/guides\/covers\/publishing\/digital-publishing-seo.png\" title=\"Esta gu\u00eda gratuita te ayudar\u00e1 a segurarte de que los lectores encuentran tus publicaciones digitales\" alt=\"Optimizaci\u00f3n SEO para ediciones digitales\"><\/a><\/div>\n<div class=\"col span_1_of_4\"><a href=\"\/es\/recursos\/publicidad-editorial.html\"><img decoding=\"async\" src=\"\/\/static.3dissue.com\/images\/guides\/covers\/publishing\/digital-magazine-advertising.png\" title=\"Este ebook gratuito te dar\u00e1 ideas sobre c\u00f3mo introducir la publicidad en tus ediciones digitales\" alt=\"Oportunidades de publicidad ediciones digitales\"><\/a><\/div>\n<div class=\"col span_1_of_4\"><a href=\"\/es\/recursos\/ebook-gratis-estadisticas-edicion-digital.html\"><img decoding=\"async\" src=\"\/\/static.3dissue.com\/images\/guides\/covers\/publishing\/digital-publishing-decision-making.png\" title=\"Una colecci\u00f3n de estad\u00edsticas sobre edici\u00f3n digital para que tomes la decisi\u00f3n acertada\" alt=\"Estad\u00edsticas sobre la edici\u00f3n decisi\u00f3n adecuada\"><\/a><\/div>\n<div class=\"col span_1_of_4\"><a href=\"\/es\/recursos\/estadisticas-mercado-ebook.html\"><img decoding=\"async\" src=\"\/\/static.3dissue.com\/images\/guides\/covers\/publishing\/latest-ebook-market-statistics.png\" title=\"Una gu\u00eda de referencia sobre las estad\u00edsticas m\u00e1s importantes del mercado de ebooks\" alt=\"\u00faltimas estadisticas mercado ebook\"><\/a><\/div>\n<\/div>\n<\/div>\n<\/div>\n<div class=\"section group\">\n<div id=\"userGuides\" class=\"sectionContent varWidth center\">\n<p class=\"sectionLogo\"><img decoding=\"async\" src=\"\/\/static.3dissue.com\/images\/guides\/user.png\" alt=\"user manuals\"><\/p>\n<h2 class=\"sectionHeading\"><b>Gu\u00edas<\/b> Usuario 3D Issue<\/h2>\n<p class=\"mediumPad grey reducedWidth3\">\u00bfEs el software de publicaci\u00f3n digital de 3D Issue nuevo para ti? Bien pues, \u00a1este es el lugar para empezar! Nuestras gu\u00edas de usuario te mostrar\u00e1n c\u00f3mo utilizar varias caracter\u00edsticas, c\u00f3mo utilizar las herramientas disponibles y c\u00f3mo aprovechar 3D Issue al m\u00e1ximo.<\/p>\n<div class=\"col span_1_of_3\"><a href=\"\/guides\/manuals\/v7part1\/\"><img decoding=\"async\" src=\"\/\/static.3dissue.com\/images\/guides\/covers\/userguides\/v7\/3dissue-user-guide-pt1.png\" title=\"Gu\u00eda de usuario sobre la pestalla contenido del software\" alt=\"3D Issue guia usuario pestalla contenido\"><\/a><\/div>\n<div class=\"col span_1_of_3\"><a href=\"\/guides\/manuals\/v7part2\/\"><img decoding=\"async\" src=\"\/\/static.3dissue.com\/images\/guides\/covers\/userguides\/v7\/3dissue-user-guide-pt2.png\" title=\"Gu\u00eda de usuario sobre la pesta\u00f1a dise\u00f1o del software\" alt=\"3D Issue guia usuario pesta\u00f1a dise\u00f1o\"><\/a><\/div>\n<div class=\"col span_1_of_3\"><a href=\"\/guides\/manuals\/v7part3\/\"><img decoding=\"async\" src=\"\/\/static.3dissue.com\/images\/guides\/covers\/userguides\/v7\/3dissue-user-guide-pt3.png\" title=\"Gu\u00eda de usuario con todo lo que necesitas saber sobre la pesta\u00f1a Salida\" alt=\"3D Issue gu\u00eda usuario pesta\u00f1a salida\"><\/a><\/div>\n<\/div>\n<\/div>\n","protected":false},"excerpt":{"rendered":"<p>3D Issue Gu\u00edas para la Publicaci\u00f3n Digital<br \/>\nAqu\u00ed puedes acceder a algunos recursos gratuitos sobre la publicaci\u00f3n digital. Puedes consultar gu\u00edas, consejos, trucos y listas para obtener el mayor rendimiento de tu software para publicaciones digitales.<\/p>\n<p>GU\u00cdAS PARA PRINCIPIANTES<\/p>\n<p>GU\u00cdAS DE MARKETING<\/p>\n<p>GU\u00cdAS SOBRE PUBLICACI\u00d3N<\/p>\n<p>GU\u00cdAS USUARIO 3D ISSUE<\/p>\n<p>Gu\u00edas para Principiantes<br \/>\n\u00bfLa publicaci\u00f3n digital es nueva para ti? No te &#8230;<\/p>\n","protected":false},"author":1,"featured_media":0,"parent":0,"menu_order":0,"comment_status":"open","ping_status":"closed","template":"template-guides.php","meta":{"footnotes":""},"class_list":["post-7853","page","type-page","status-publish","hentry","wpautop"],"aioseo_notices":[],"_links":{"self":[{"href":"https:\/\/www.3dissue.com\/es\/wp-json\/wp\/v2\/pages\/7853","targetHints":{"allow":["GET"]}}],"collection":[{"href":"https:\/\/www.3dissue.com\/es\/wp-json\/wp\/v2\/pages"}],"about":[{"href":"https:\/\/www.3dissue.com\/es\/wp-json\/wp\/v2\/types\/page"}],"author":[{"embeddable":true,"href":"https:\/\/www.3dissue.com\/es\/wp-json\/wp\/v2\/users\/1"}],"replies":[{"embeddable":true,"href":"https:\/\/www.3dissue.com\/es\/wp-json\/wp\/v2\/comments?post=7853"}],"version-history":[{"count":3,"href":"https:\/\/www.3dissue.com\/es\/wp-json\/wp\/v2\/pages\/7853\/revisions"}],"predecessor-version":[{"id":63188,"href":"https:\/\/www.3dissue.com\/es\/wp-json\/wp\/v2\/pages\/7853\/revisions\/63188"}],"wp:attachment":[{"href":"https:\/\/www.3dissue.com\/es\/wp-json\/wp\/v2\/media?parent=7853"}],"curies":[{"name":"wp","href":"https:\/\/api.w.org\/{rel}","templated":true}]}}