{"id":63303,"date":"2018-05-22T11:30:25","date_gmt":"2018-05-22T11:30:25","guid":{"rendered":"https:\/\/www.3dissue.com\/?page_id=63303\/"},"modified":"2018-08-29T10:01:31","modified_gmt":"2018-08-29T10:01:31","slug":"flipbooks-desktop","status":"publish","type":"page","link":"https:\/\/www.3dissue.com\/es\/flipbooks-desktop.html\/","title":{"rendered":"Flipbooks Desktop (Spanish)"},"content":{"rendered":"<style> #trialHeader .trialInfo img.mwcLogo { margin: 0 1rem 0 0; display: inline; }<\/p>\n<p> #trialHeader .trialInfo img.mwcBtn { margin: 0; padding-bottom: 3px; display: inline; }<\/p>\n<p> #trialHeader .trialInfo img.mwcBtn:hover { opacity: 0.9; }<\/p>\n<p> @media only screen and (max-width: 355px) { #trialHeader .trialInfo img.mwcLogo { width: 48%; } #trialHeader .trialInfo img.mwcBtn { width: 42%; } } <\/style>\n<div class=\"section group features-section\">\n<div id=\"samples\" class=\"sectionContent varWidth center\">\n<h3>Nuestros Ejemplos<\/h3>\n<div class=\"blueHorizontalLineLong textLeft\"><\/div>\n<p>[php]includeSamples();[\/php]<\/p>\n<\/div>\n<\/div>\n<div id=\"flipbookFeatures\" class=\"section group features-section hubpadbtmzero\">\n<div class=\"sectionContent varWidthSmall center\">\n<h3>Ventajas principales<\/h3>\n<div class=\"blueHorizontalLineLong textLeft\"><\/div>\n<p class=\"hubpbtmmar\">Le damos un control absoluto sobre el dise\u00f1o y presentaci\u00f3n de las publicaciones digitales. Existen una gran variedad de opciones de formato y funciones interactivas disponibles a trav\u00e9s de nuestro programa.<\/p>\n<\/p>\n<\/div>\n<div class=\"sectionContent varWidthBenifit center\">\n<div class=\"featureText col hubred span_1_of_3 \">\n<p class=\"hubBoldBenifit\">ALMACENAJE PROPIO<\/p>\n<p> Disponemos de un cliente FTP, que permite al usuario decidir c\u00f3mo y d\u00f3nde almacenar sus documentos. No existe l\u00edmite en la cantidad almacenada. <\/p>\n<p class=\"hubBoldBenifit\">Creaci\u00f3n PDF<\/p>\n<p> Importe uno o m\u00e1s archivos PDF, elimine m\u00e1rgenes y escoja entre trabajar a una p\u00e1gina, a doble p\u00e1gina o una mezcla de ambas. A\u00f1ada, suprima y reorganize las p\u00e1ginas. <\/p>\n<\/div>\n<div class=\"featureText col hubblue span_1_of_3 \">\n<p class=\"hubBoldBenifit\">Ediciones offline<\/p>\n<p> Nuestro programa permite al usuario crear tanto versiones online como offline de sus publicaciones digitales para ordenadores, tablets y dispositivos m\u00f3viles. <\/p>\n<p class=\"hubBoldBenifit\">Autocreaci\u00f3n y publicaci\u00f3n<\/p>\n<p> Automatice la conversi\u00f3n y carga de sus archivos PDF, arrastre e introduzca uno o m\u00e1s archivos en una carpeta determinada para que sean autom\u00e1ticamente tratados y configurados de una manera predeterminada por el usuario.<\/p>\n<\/div>\n<div class=\"featureImg col hubyellow span_1_of_3 \">\n<div> <img decoding=\"async\" class=\"featureImgAnimate\" src=\"\/\/static.3dissue.com\/images\/flipbooks\/desktop\/iphone.png\" alt=\"iphone img\" \/> <\/div>\n<\/p>\n<\/div>\n<\/div>\n<\/div>\n<div class=\"section group features-section hubPanel1\">\n<div class=\"sectionContent varWidthHub center\">\n<div class=\"featureImg col span_1_of_2\"><img decoding=\"async\" class=\"featureImgAnimate\" src=\"\/\/static.3dissue.com\/images\/flipbooks\/desktop\/desktop_mobile.png\" alt=\"Desktop Mobile\" \/><\/div>\n<div class=\"featureText col span_1_of_3 textLeft\"><img decoding=\"async\" class=\"section-icon\" src=\"\/\/static.3dissue.com\/images\/flipbooks\/icons\/desktop_mobile.png\" alt=\"Desktop Mobile icon\" \/> <\/p>\n<h3>Compatibilidad multiplataforma<\/h3>\n<div class=\"blueHorizontalLine textLeft\"><\/div>\n<p> Las publicaciones digitales creadas por nuestro programa pueden ser vistas en cualquier ordenador, tablet o dispositivo m\u00f3vil a trav\u00e9s del propio buscador del dispositivo en cuesti\u00f3n. Se dispone de una versi\u00f3n optimizada para dispositivos m\u00f3viles que facilita el paso de p\u00e1ginas, ofrece grandes velocidades de descarga, as\u00ed como una impecable herramienta de zoom que aseguran al lector disfrutar de una tan grata experiencia como si se estuviera utilizando un ordenador. <\/p>\n<p class=\"hubBold\"> <a class=\"fancybox\" href=\"#contact_form_download\">Empazar &gt;&gt;<\/a> <\/p>\n<\/p>\n<\/div>\n<\/div>\n<\/div>\n<div class=\"section group features-section hubPanel2\">\n<div class=\"sectionContent varWidthHub center\">\n<div class=\"featureText col span_1_of_4 textLeft animationTextMargin\">\n<p> <img decoding=\"async\" class=\"section-icon\" src=\"\/\/static.3dissue.com\/images\/flipbooks\/icons\/editor.png\" alt=\"Editor icon\" \/> <\/p>\n<h3>Funciones interactivas<\/h3>\n<div class=\"blueHorizontalLine textLeft\"><\/div>\n<p> Nuestro programa detecta autom\u00e1ticamente cualquier v\u00ednculo de p\u00e1ginas web e hiperv\u00ednculos presentes en el archivo PDF y coloca al instante un punto de acceso sobre ellos. Existe una gran variedad de opciones de formato y funciones interactivas disponibles en el programa como por ejemplo v\u00eddeos, galer\u00edas de fotos, comercio electr\u00f3nico y muchas otras. <\/p>\n<p class=\"hubBold\"> <a class=\"fancybox\" href=\"#contact_form_download\">Empazar &gt;&gt;<\/a> <\/p>\n<\/div>\n<div class=\"featureImg col span_1_of_2 \">\n<img decoding=\"async\" class=\"featureImgAnimate\" src=\"\/\/static.3dissue.com\/images\/flipbooks\/desktop\/interactive_editor.png\" alt=\"Interactive editor\" \/> <\/p>\n<\/div>\n<\/div>\n<\/div>\n<div class=\"section group features-section hubPanel3\">\n<div class=\"sectionContent varWidthHub center\">\n<div class=\"featureImg col span_1_of_2 \">\n<p> <img decoding=\"async\" class=\"featureImgAnimate\" src=\"\/\/static.3dissue.com\/images\/flipbooks\/desktop\/publish.png\" alt=\"Publish\" \/><\/p>\n<\/div>\n<div class=\"featureText col span_1_of_4 textLeft\"><img decoding=\"async\" class=\"section-icon\" src=\"\/\/static.3dissue.com\/images\/flipbooks\/icons\/publish.png\" alt=\"Publish icon\" \/> <\/p>\n<h3>Publicar en la p\u00e1gina web<\/h3>\n<div class=\"blueHorizontalLine textLeft\"><\/div>\n<p> A trav\u00e9s de nuestro programa puede cargar en su propio servidor tantas publicaciones digitales como desee. Al estar las publicaciones disponibles en sus propias p\u00e1ginas usted puede compartirlas f\u00e1cilmente a trav\u00e9s de redes sociales, campa\u00f1as de e-mail o en su propia p\u00e1gina web. <\/p>\n<p class=\"hubBold\"> <a class=\"fancybox\" href=\"#contact_form_download\">Empazar &gt;&gt;<\/a> <\/p>\n<\/div>\n<\/div>\n<\/div>\n<div class=\"section group features-section hubPanel4\">\n<div class=\"sectionContent varWidthHub center\">\n<div class=\"featureText col span_1_of_4 textLeft animationTextMargin\">\n<p><img decoding=\"async\" class=\"section-icon\" src=\"\/\/static.3dissue.com\/images\/flipbooks\/icons\/stats.png\" alt=\"Stats icon\" \/> <\/p>\n<h3>Informes completos de estad\u00edsticas<\/h3>\n<div class=\"blueHorizontalLine textLeft\"><\/div>\n<p> FlipBooks ofrece informes de datos y estad\u00edsticas al mismo tiempo que permite introducir cualquier edici\u00f3n publicada a sus propias cuentas de Google Analytics benefici\u00e1ndose as\u00ed de todas las ventajas de la informaci\u00f3n demogr\u00e1fica y t\u00e9cnica de Google. Al mismo tiempo, permite disfrutar de los datos recogidos por ediciones digitales de FlipBooks. <\/p>\n<p class=\"hubBold\"> <a class=\"fancybox\" href=\"#contact_form_download\">Empazar &gt;&gt;<\/a> <\/p>\n<\/p>\n<\/div>\n<div class=\"featureImg col span_1_of_2 \">\n<p><img decoding=\"async\" class=\"featureImgAnimate\" src=\"\/\/static.3dissue.com\/images\/flipbooks\/desktop\/stats.png\" alt=\"Stats\" \/><\/p>\n<\/div>\n<\/div>\n<\/div>\n<div class=\"section group features-section hubPanel3\">\n<div class=\"sectionContent varWidthHub center\">\n<div class=\"featureImg col span_1_of_2 \">\n<p> <img decoding=\"async\" class=\"featureImgAnimate\" src=\"\/\/static.3dissue.com\/images\/flipbooks\/desktop\/live_changes.png\" alt=\"Live changes\" \/><\/p>\n<\/div>\n<div class=\"featureText col span_1_of_3 textLeft\"><img decoding=\"async\" class=\"section-icon\" src=\"\/\/static.3dissue.com\/images\/flipbooks\/icons\/changes.png\" alt=\"Changes icon\" \/> <\/p>\n<h3>Actualizaci\u00f3n de eventos pasados<\/h3>\n<div class=\"blueHorizontalLine textLeft\"><\/div>\n<p> El programa permite abrir carpetas de proyectos ya existentes para modificar su contenido como por ejemplo sustituir p\u00e1ginas, cambiar la imagen de fondo o a\u00f1adir m\u00e1s elementos interactivos. Estas modificaciones se aplicar\u00e1n de inmediato. En todo momento la publicaci\u00f3n estar\u00e1 disponible en el mismo v\u00ednculo Web a\u00fan mientras dure la modificaci\u00f3n. <\/p>\n<p class=\"hubBold\"> <a class=\"fancybox\" href=\"#contact_form_download\">Empazar &gt;&gt;<\/a> <\/p>\n<\/p>\n<\/div>\n<\/div>\n<\/div>\n<div class=\"section group features-section hubPanel4\">\n<div class=\"sectionContent varWidthHub center\">\n<div class=\"featureText col span_1_of_4 textLeft animationTextMargin\">\n<p><img decoding=\"async\" class=\"section-icon\" src=\"\/\/static.3dissue.com\/images\/flipbooks\/icons\/apps.png\" alt=\"Apps icon\" \/> <\/p>\n<h3>Soluciones de aplicaciones<\/h3>\n<div class=\"blueHorizontalLine textLeft\"><\/div>\n<p> Puede activar o desactivar nuestra aplicaci\u00f3n gratuita \u2018Flipbook viewer\u2019 (IOS y Android) que se incluye con la plataforma online. Al activar la aplicaci\u00f3n sus publicaciones digitales estar\u00e1n disponibles para que los lectores puedan descargarlas para su uso \u2018Offline\u2019, es decir, sin red. Si quisiera tener su propia aplicaci\u00f3n en las tiendas de Apple y Google consulte nuestra p\u00e1gina de aplicaciones para m\u00e1s informaci\u00f3n. <\/p>\n<p class=\"hubBold\"> <a class=\"fancybox\" href=\"#contact_form_download\">Empazar &gt;&gt;<\/a> <\/p>\n<\/p>\n<\/div>\n<div class=\"featureImg col span_1_of_3 \">\n<p><img decoding=\"async\" class=\"featureImgAnimate\" src=\"\/\/static.3dissue.com\/images\/flipbooks\/desktop\/apps.png\" alt=\"App publishing\" \/>\n<\/div>\n<\/div>\n<\/div>\n<div class=\"section group features-section reviewBGFlipbooksDesktop\">\n<div class=\"sectionContent varWidth center video-max\">\n<div class=\"aspect-ratio\"> <iframe loading=\"lazy\" style=\"border: 0; margin: 0; overflow: auto;\" src=\"https:\/\/videos.3dissue.com\/flipbooks\/flipbooks-desktop\/index.html\" width=\"300\" height=\"150\" allowfullscreen=\"allowfullscreen\"><\/iframe> <\/div>\n<\/p>\n<\/div>\n<\/div>\n<div class=\"section group features-section reviewBGTestemonials\">\n<div class=\"accent-background-overlay\"><\/div>\n<div class=\"sectionContent varWidthTestimonial center\">\n<div class=\"testimonial-text\">&#8220;I couldn&#8217;t recommend the 3D Issue team more highly. They quickly felt like an extension of my team and worked to very tight deadlines to pull off a site, ezine and app for us. I was so impressed i&#8217;m now working with them so we can continue using their products as a regular channel.&#8221;<\/div>\n<div class=\"testimonial-name\">Sara Luker<span class=\"colored-dot\"> \u25cf<\/span> eBay<\/div>\n<p> <a class=\"button button-light\" href=\"\/software-reviews.html\">Read more reviews<\/a><\/div>\n","protected":false},"excerpt":{"rendered":"<p> #trialHeader .trialInfo img.mwcLogo { margin: 0 1rem 0 0; display: inline; }<br \/>\n #trialHeader .trialInfo img.mwcBtn { margin: 0; padding-bottom: 3px; display: inline; }<br \/>\n #trialHeader .trialInfo img.mwcBtn:hover { opacity: 0.9; }<br \/>\n @media only screen and (max-width: 355px) { #trialHeader .trialInfo img.mwcLogo { width: 48%; } #trialHeader .trialInfo img.mwcBtn { width: 42%; } } <\/p>\n<p>\nNuestros Ejemplos<\/p>\n<p>[php]includeSamples();[\/php]<\/p>\n<p>\nVentajas principales<\/p>\n<p>Le damos un control absoluto sobre el dise\u00f1o y presentaci\u00f3n &#8230;<\/p>\n","protected":false},"author":1,"featured_media":0,"parent":0,"menu_order":0,"comment_status":"closed","ping_status":"closed","template":"template-product-page.php","meta":{"footnotes":""},"class_list":["post-63303","page","type-page","status-publish","hentry","wpautop"],"aioseo_notices":[],"_links":{"self":[{"href":"https:\/\/www.3dissue.com\/es\/wp-json\/wp\/v2\/pages\/63303","targetHints":{"allow":["GET"]}}],"collection":[{"href":"https:\/\/www.3dissue.com\/es\/wp-json\/wp\/v2\/pages"}],"about":[{"href":"https:\/\/www.3dissue.com\/es\/wp-json\/wp\/v2\/types\/page"}],"author":[{"embeddable":true,"href":"https:\/\/www.3dissue.com\/es\/wp-json\/wp\/v2\/users\/1"}],"replies":[{"embeddable":true,"href":"https:\/\/www.3dissue.com\/es\/wp-json\/wp\/v2\/comments?post=63303"}],"version-history":[{"count":2,"href":"https:\/\/www.3dissue.com\/es\/wp-json\/wp\/v2\/pages\/63303\/revisions"}],"predecessor-version":[{"id":63606,"href":"https:\/\/www.3dissue.com\/es\/wp-json\/wp\/v2\/pages\/63303\/revisions\/63606"}],"wp:attachment":[{"href":"https:\/\/www.3dissue.com\/es\/wp-json\/wp\/v2\/media?parent=63303"}],"curies":[{"name":"wp","href":"https:\/\/api.w.org\/{rel}","templated":true}]}}