{"id":63301,"date":"2018-05-22T11:28:33","date_gmt":"2018-05-22T11:28:33","guid":{"rendered":"https:\/\/www.3dissue.com\/?page_id=63301\/"},"modified":"2018-08-29T09:57:02","modified_gmt":"2018-08-29T09:57:02","slug":"flipbooks-online","status":"publish","type":"page","link":"https:\/\/www.3dissue.com\/es\/flipbooks-online.html\/","title":{"rendered":"Flipbooks Online (Spanish)"},"content":{"rendered":"<style>#trialHeader .trialInfo img.mwcLogo { margin: 0 1rem 0 0; display: inline; }\n#trialHeader .trialInfo img.mwcBtn { margin: 0; padding-bottom: 3px; display: inline; }\n#trialHeader .trialInfo img.mwcBtn:hover { opacity: 0.9; }\n@media only screen and (max-width: 355px) { #trialHeader .trialInfo img.mwcLogo { width: 48%; } #trialHeader .trialInfo img.mwcBtn { width: 42%; } } <\/style>\n<div class=\"section group features-section\">\n<div id=\"samples\" class=\"sectionContent varWidth center\">\n<h3>Nuestros Ejemplos<\/h3>\n<div class=\"blueHorizontalLineLong textLeft\"><\/div>\n<p>[php]includeSamples();[\/php]<\/p>\n<\/div>\n<\/div>\n<div id=\"flipbookFeatures\" class=\"section group features-section hubpadbtmzero\">\n<div class=\"sectionContent varWidthSmall center\">\n<h3>Ventajas principales<\/h3>\n<div class=\"blueHorizontalLineLong textLeft\"><\/div>\n<p class=\"hubpbtmmar\">Le damos un control absoluto del dise\u00f1o y presentaci\u00f3n de las publicaciones digitales. Hay una gran variedad de opciones de formato y funciones interactivas disponibles a trav\u00e9s de nuestro programa.<\/p>\n<\/p>\n<\/div>\n<div class=\"sectionContent varWidthBenifit center\">\n<div class=\"featureText col hubred span_1_of_3 \">\n<p class=\"hubBoldBenifit\">ALMACENAMIENTO EN LA NUBE<\/p>\n<p> Con simplemente subir sus archivos PDF, FlipBooks Online r\u00e1pidamente llevar\u00e1 a cabo el proceso de publicarlos. Incluso existe la posibilidad de modificar el URL para que aparezca como su propio dominio. <\/p>\n<p class=\"hubBoldBenifit\">COMPATIBILIDAD MULTIPLATAFORMA<\/p>\n<p> Las publicaciones digitales creadas por nuestro programa pueden ser vistas en cualquier ordenador, tablet o dispositivo m\u00f3vil a trav\u00e9s del propio buscador del dispositivo en cuesti\u00f3n gracias a nuestra versi\u00f3n optimizada para m\u00f3viles.<\/p>\n<\/div>\n<div class=\"featureText col hubblue span_1_of_3 \">\n<p class=\"hubBoldBenifit\">INTERACTIVIDAD Y BRANDING<\/p>\n<p> A\u00f1ada su propio logo as\u00ed como el fondo y la combinaci\u00f3n de colores que mejor encajen con su empresa. Introduzca funciones interactivas como por ejemplo v\u00eddeos y galer\u00edas de im\u00e1genes a sus publicaciones digitales. <\/p>\n<p class=\"hubBoldBenifit\">EQUIPO DE ADMINISTRACI\u00d3N Y CLIENTES<\/p>\n<p> Nuestra plataforma online dispone de un sistema de administraci\u00f3n que le permite a usted dar acceso a FlipBooks Online a miembros de su equipo o a sus clientes. Puede tambi\u00e9n asignarles permisos y \u2018brands\u2019.<\/p>\n<\/div>\n<div class=\"featureImg col hubyellow span_1_of_3 \">\n<div> <img decoding=\"async\" class=\"featureImgAnimate\" src=\"\/\/static.3dissue.com\/images\/flipbooks\/online\/iphone.png\" alt=\"iphone img\" \/> <\/div>\n<\/p>\n<\/div>\n<\/div>\n<\/div>\n<div class=\"section group features-section hubPanel1\">\n<div class=\"sectionContent varWidthHub center\">\n<div class=\"featureImg col span_1_of_2\"><img decoding=\"async\" class=\"featureImgAnimate\" src=\"\/\/static.3dissue.com\/images\/flipbooks\/online\/live_publications.png\" alt=\"Live Publications\" \/><\/p>\n<\/div>\n<div class=\"featureText col span_1_of_3 textLeft\"><img decoding=\"async\" class=\"section-icon\" src=\"\/\/static.3dissue.com\/images\/flipbooks\/icons\/live.png\" alt=\"Live icon\" \/> <\/p>\n<h3>Publicaciones instant\u00e1neas<\/h3>\n<div class=\"blueHorizontalLine textLeft\"><\/div>\n<p> FlipBooks Online convierte y publica su publicaci\u00f3n instantes despu\u00e9s de haber subido su archivo PDF. Al estar las publicaciones disponibles en sus propias p\u00e1ginas usted puede compartirlas f\u00e1cilmente a trav\u00e9s de redes sociales, campa\u00f1as de e-mail o en su propia p\u00e1gina web. <\/p>\n<p class=\"hubBold\"> <a class=\"fancybox\" href=\"#contact_form_tryforfree\">Empazar &gt;&gt;<\/a> <\/p>\n<\/p>\n<\/div>\n<\/div>\n<\/div>\n<div class=\"section group features-section hubPanel2\">\n<div class=\"sectionContent varWidthHub center\">\n<div class=\"featureText col span_1_of_4 textLeft animationTextMargin\">\n<p><img decoding=\"async\" class=\"section-icon\" src=\"\/\/static.3dissue.com\/images\/flipbooks\/icons\/seperate.png\" alt=\"Seperate icon\" \/> <\/p>\n<h3>Vista en cualquier dispositivo<\/h3>\n<div class=\"blueHorizontalLine textLeft\"><\/div>\n<p> Se dispone de una versi\u00f3n optimizada para dispositivos m\u00f3viles que facilita el paso de p\u00e1ginas, ofrece grandes velocidades de descarga, as\u00ed como una impecable herramienta de zoom que aseguran al lector disfrutar de una tan grata experiencia como si se estuviera utilizando un ordenador. Cualquier publicaci\u00f3n creada a trav\u00e9s de nuestra plataforma online detectar\u00e1 si est\u00e1 siendo visualizada en un ordenador, Tablet o dispositivo m\u00f3vil y cargar\u00e1 la versi\u00f3n adecuada para ese dispositivo optimizando as\u00ed la resoluci\u00f3n de pantalla del mismo. <\/p>\n<p class=\"hubBold\"> <a class=\"fancybox\" href=\"#contact_form_tryforfree\">Empazar &gt;&gt;<\/a> <\/p>\n<\/p>\n<\/div>\n<div class=\"featureImg col span_1_of_2 \">\n<p> <img decoding=\"async\" class=\"featureImgAnimate\" src=\"\/\/static.3dissue.com\/images\/flipbooks\/online\/desktop_mobile.png\" alt=\"Desktop and mobile editions\" \/> <\/p>\n<\/div>\n<\/div>\n<\/div>\n<div class=\"section group features-section hubPanel3\">\n<div class=\"sectionContent varWidthHub center\">\n<div class=\"featureImg col span_1_of_2 \">\n<p> <img decoding=\"async\" class=\"featureImgAnimate\" src=\"\/\/static.3dissue.com\/images\/flipbooks\/online\/enrich.png\" alt=\"Enrich and interact\" \/><\/p>\n<\/div>\n<div class=\"featureText col span_1_of_4 textLeft\"><img decoding=\"async\" class=\"section-icon\" src=\"\/\/static.3dissue.com\/images\/flipbooks\/icons\/enrich.png\" alt=\"Enrich icon\" \/> <\/p>\n<h3>Funciones interactivas<\/h3>\n<div class=\"blueHorizontalLine textLeft\"><\/div>\n<p> Durante el proceso de conversi\u00f3n nuestro programa detecta autom\u00e1ticamente cualquier v\u00ednculo de p\u00e1ginas web e hiperv\u00ednculos presentes en el archivo PDF y coloca al instante un punto de acceso sobre ellos. Existe una gran variedad de opciones de formato y funciones interactivas disponibles en el programa como por ejemplo v\u00eddeos, galer\u00edas de fotos, comercio electr\u00f3nico y muchas otras. <\/p>\n<p class=\"hubBold\"> <a class=\"fancybox\" href=\"#contact_form_tryforfree\">Empazar &gt;&gt;<\/a> <\/p>\n<\/p>\n<\/div>\n<\/div>\n<\/div>\n<div class=\"section group features-section hubPanel4\">\n<div class=\"sectionContent varWidthHub center\">\n<div class=\"featureText col span_1_of_4 textLeft animationTextMargin\">\n<p> <img decoding=\"async\" class=\"section-icon\" src=\"\/\/static.3dissue.com\/images\/flipbooks\/icons\/whitelabel.png\" alt=\"Whitelabel icon\" \/> <\/p>\n<h3>Marca blanca y API<\/h3>\n<div class=\"blueHorizontalLine textLeft\"><\/div>\n<p> FlipBooks Online se ha creado teniendo en cuenta a nuestros socios. Como socios dedicados a asuntos 3D ustedes no s\u00f3lo tendr\u00e1n posibilidad de crear publicaciones sin marca e identidad si no que tambi\u00e9n podr\u00e1n redise\u00f1ar la soluci\u00f3n web y ofrecerla como parte de su propio servicio y dar acceso a sus clientes. <\/p>\n<p class=\"hubBold\"> <a class=\"fancybox\" href=\"#contact_form_tryforfree\">Empazar &gt;&gt;<\/a> <\/p>\n<\/p>\n<\/div>\n<div class=\"featureImg col span_1_of_2 \">\n<p><img decoding=\"async\" class=\"featureImgAnimate\" src=\"\/\/static.3dissue.com\/images\/flipbooks\/online\/whitelabel.png\" alt=\"Whitelabel\" \/><\/p>\n<\/div>\n<\/div>\n<\/div>\n<div class=\"section group features-section hubPanel3\">\n<div class=\"sectionContent varWidthHub center\">\n<div class=\"featureImg col span_1_of_2 \">\n<p><img decoding=\"async\" class=\"featureImgAnimate\" src=\"\/\/static.3dissue.com\/images\/flipbooks\/online\/stats.png\" alt=\"Stats\" \/><\/p>\n<\/div>\n<div class=\"featureText col span_1_of_3 textLeft\"><img decoding=\"async\" class=\"section-icon\" src=\"\/\/static.3dissue.com\/images\/flipbooks\/icons\/stats.png\" alt=\"Stats icon\" \/> <\/p>\n<h3>Integraci\u00f3n de Google Analytics<\/h3>\n<div class=\"blueHorizontalLine textLeft\"><\/div>\n<p> Al almacenar las publicaciones digitales en sus servidores de la nube, existe la posibilidad de modificar el URL para que aparezca como su propio dominio. Esto le permitir\u00e1 conocer los usos que le dan los usuarios al programa as\u00ed como hacer un seguimiento de algunas estad\u00edsticas como por ejemplo los visitantes que hay, las visitas a p\u00e1ginas web, las p\u00e1ginas que se han visto y muchas otras estad\u00edsticas. Para ello simplemente introduzca en nuestro programa el ID de Google Analytics de su subdominio para comenzar a obtener informaci\u00f3n de sus publicaciones y de c\u00f3mo interact\u00faan los lectores con ellas. <\/p>\n<p class=\"hubBold\"> <a class=\"fancybox\" href=\"#contact_form_tryforfree\">Empazar &gt;&gt;<\/a> <\/p>\n<\/p>\n<\/div>\n<\/div>\n<\/div>\n<div class=\"section group features-section hubPanel4\">\n<div class=\"sectionContent varWidthHub center\">\n<div class=\"featureText col span_1_of_4 textLeft animationTextMargin\">\n<p><img decoding=\"async\" class=\"section-icon\" src=\"\/\/static.3dissue.com\/images\/flipbooks\/icons\/apps.png\" alt=\"Apps icon\" \/> <\/p>\n<h3>Soluciones de aplicaciones<\/h3>\n<div class=\"blueHorizontalLine textLeft\"><\/div>\n<p> Con FlipBooks online podr\u00e1s utilizar nuestra aplicaci\u00f3n gratuita sin marca \u201cFlipBook Viewer\u201d que permite distribuir tus publicaciones digitales a tu audiencia m\u00f3vil para que se puedan ver desde una aplicaci\u00f3n nativa de IOS o Android, permitiendo al mismo tiempo que los lectores descarguen y visualicen tus publicaciones sin necesidad de conexi\u00f3n. Si quieres tener tu propia aplicaci\u00f3n en las tiendas de aplicaciones de Google y Apple, consulta nuestra p\u00e1gina de \u2018Apps\u2019 Para obtener m\u00e1s informaci\u00f3n. <\/p>\n<p class=\"hubBold\"> <a class=\"fancybox\" href=\"#contact_form_tryforfree\">Empazar &gt;&gt;<\/a> <\/p>\n<\/p>\n<\/div>\n<div class=\"featureImg col span_1_of_3 \">\n<p> <img decoding=\"async\" class=\"featureImgAnimate\" src=\"\/\/static.3dissue.com\/images\/flipbooks\/online\/apps.png\" alt=\"App publishing\" \/><\/p>\n<\/div>\n<\/div>\n<\/div>\n<div class=\"section group features-section reviewBGTestemonials\">\n<div class=\"accent-background-overlay\"><\/div>\n<div class=\"sectionContent varWidthTestimonial center\">\n<div class=\"testimonial-text\">&#8220;I couldn&#8217;t recommend the 3D Issue team more highly. They quickly felt like an extension of my team and worked to very tight deadlines to pull off a site, ezine and app for us. I was so impressed i&#8217;m now working with them so we can continue using their products as a regular channel.&#8221;<\/div>\n<div class=\"testimonial-name\">Sara Luker<span class=\"colored-dot\"> \u25cf<\/span> eBay<\/div>\n<p> <a class=\"button button-light\" href=\"\/software-reviews.html\">Read more reviews<\/a><\/div>\n","protected":false},"excerpt":{"rendered":"<p>#trialHeader .trialInfo img.mwcLogo { margin: 0 1rem 0 0; display: inline; }<br \/>\n#trialHeader .trialInfo img.mwcBtn { margin: 0; padding-bottom: 3px; display: inline; }<br \/>\n#trialHeader .trialInfo img.mwcBtn:hover { opacity: 0.9; }<br \/>\n@media only screen and (max-width: 355px) { #trialHeader .trialInfo img.mwcLogo { width: 48%; } #trialHeader .trialInfo img.mwcBtn { width: 42%; } } <\/p>\n<p>\nNuestros Ejemplos<\/p>\n<p>[php]includeSamples();[\/php]<\/p>\n<p>\nVentajas principales<\/p>\n<p>Le damos un control absoluto del dise\u00f1o y presentaci\u00f3n de las publicaciones digitales. Hay &#8230;<\/p>\n","protected":false},"author":1,"featured_media":0,"parent":0,"menu_order":0,"comment_status":"closed","ping_status":"closed","template":"template-product-page.php","meta":{"footnotes":""},"class_list":["post-63301","page","type-page","status-publish","hentry","wpautop"],"aioseo_notices":[],"_links":{"self":[{"href":"https:\/\/www.3dissue.com\/es\/wp-json\/wp\/v2\/pages\/63301","targetHints":{"allow":["GET"]}}],"collection":[{"href":"https:\/\/www.3dissue.com\/es\/wp-json\/wp\/v2\/pages"}],"about":[{"href":"https:\/\/www.3dissue.com\/es\/wp-json\/wp\/v2\/types\/page"}],"author":[{"embeddable":true,"href":"https:\/\/www.3dissue.com\/es\/wp-json\/wp\/v2\/users\/1"}],"replies":[{"embeddable":true,"href":"https:\/\/www.3dissue.com\/es\/wp-json\/wp\/v2\/comments?post=63301"}],"version-history":[{"count":3,"href":"https:\/\/www.3dissue.com\/es\/wp-json\/wp\/v2\/pages\/63301\/revisions"}],"predecessor-version":[{"id":63604,"href":"https:\/\/www.3dissue.com\/es\/wp-json\/wp\/v2\/pages\/63301\/revisions\/63604"}],"wp:attachment":[{"href":"https:\/\/www.3dissue.com\/es\/wp-json\/wp\/v2\/media?parent=63301"}],"curies":[{"name":"wp","href":"https:\/\/api.w.org\/{rel}","templated":true}]}}