{"id":62874,"date":"2017-06-09T13:20:34","date_gmt":"2017-06-09T13:20:34","guid":{"rendered":"https:\/\/www.3dissue.com\/casos-reales\/warbble.html\/"},"modified":"2017-06-13T13:50:15","modified_gmt":"2017-06-13T13:50:15","slug":"warbble","status":"publish","type":"page","link":"https:\/\/www.3dissue.com\/es\/casos-reales\/warbble.html\/","title":{"rendered":"Warbble"},"content":{"rendered":"<div class=\"case-study-header warbble-bg\">\n<div class=\"case-study-header-inner\">\n<div><img decoding=\"async\" src=\"\/\/static.3dissue.com\/images\/case_studies\/warbble\/logo.png\" alt=\"warbble\" ><\/div>\n<\/div>\n<\/div>\n<div class=\"case-study-content\">\n<div class=\"case-study-content-inner\">\n<img decoding=\"async\" src=\"\/\/static.3dissue.com\/images\/case_studies\/company.png\" alt=\"Warbble\" class=\"center-image\"><\/p>\n<p class=\"title\">Resumen Ejecutivo<\/p>\n<p class=\"message\">Warbble la empresa m\u00e1s innovadora en el mercado de la organizaci\u00f3n de redes sociales estaba buscando un arma secreta que le permitiera mejorar su plataforma. La API de content hubs fue a\u00f1adida a su sistema para ahorrar dinero y tiempo a sus clientes a la vez que atra\u00edan nuevos clientes potenciales y los manten\u00edan interesados con contenido relevante.<\/p>\n<\/div>\n<\/div>\n<div class=\"case-study-content even\">\n<div class=\"case-study-content-inner\">\n<p class=\"title\">Antecedentes<\/p>\n<p class=\"message\">Warbble fue fundada en 2015 y desde entonces ha pasado de ser una idea para una start-up a ser una plataforma generadora de ingresos. La oficina central se encuentra en el Guinness Enterprise Centre en Dublin con un equipo de 20 personas en continuo crecimiento.<\/p>\n<p class=\"message\">Warbble es una empresa pionera en la organizaci\u00f3n de redes sociales y en la creaci\u00f3n de contenido dirigido a los clientes finales para otras empresas. Su objetivo es simplificar la direcci\u00f3n de las redes sociales y crear una plataforma que ayude a las empresas con esta tarea. La empresa se centra en crear y ofrecer el contenido social y las cualidades necesarias para garantizar la formaci\u00f3n de una relaci\u00f3n efectiva con los consumidores.<\/p>\n<\/div>\n<\/div>\n<div class=\"case-study-content\">\n<div class=\"case-study-content-inner\">\n<img decoding=\"async\" src=\"\/\/static.3dissue.com\/images\/case_studies\/problem.png\" alt=\"Warbble\" class=\"center-image\"><\/p>\n<p class=\"title\">Desaf\u00edos<\/p>\n<p class=\"message\">Warbble estaba buscando crear un agregador de contenido para incluirlo en su plataforma de organizaci\u00f3n de contenido social. Quer\u00edan a\u00f1adir valor a su sistema y ofrecer a us clientes noticias y contenido relevantes y reci\u00e9n salidos del horno para sus particulares audiencias objetivo. Ya dispon\u00edan de una plataforma de organizaci\u00f3n social as\u00ed que estaban buscando una API que les permitiera desarrollar su sistema a\u00fan m\u00e1s.<\/p>\n<p class=\"message\">El equipo de Warbble se di\u00f3 cuenta de que para crecer su base de clientes necesitaban tener un sistema que pudiera generar contenido adaptado y relevante para que sus clientes lo distribuyeran. La plataforma de organizaci\u00f3n de redes sociales de Warbble ya dispon\u00eda de la opci\u00f3n de programar contenido, pero quer\u00edan aumentar su funcionalidad y llevarla al siguiente nivel.<\/p>\n<\/div>\n<\/div>\n<div class=\"case-study-content even\">\n<div class=\"case-study-content-inner\">\n<img decoding=\"async\" src=\"\/\/static.3dissue.com\/images\/case_studies\/solution.png\" alt=\"Warbble Solution\" class=\"center-image\"><\/p>\n<p class=\"title\">C\u00f3mo 3D Issue ayud\u00f3 a Warbble a lograr su objetivo<\/p>\n<p class=\"message\">3D Issue trabaj\u00f3 junto al jefe tecnol\u00f3gico y al jefe de operaciones para integrar content hubs en su plataforma de organizaci\u00f3n de redes sociales.<\/p>\n<p class=\"message\">hubs en Warbble busca las \u00faltimas noticias y el contenido m\u00e1s relevante asociado directamente a los itnereses de la audiencia del cliente, permiti\u00e9ndole transmitir su contenido a trav\u00e9s de sus cuentas de redes sociales. Esta automatizaci\u00f3n les permite a sus clientes centrarse en otras \u00e1reas del negocio que generan mayores ingresos.<\/p>\n<p class=\"message\">Emmet Gallagher, jefe de operaciones dijo:<\/p>\n<p class=\"italic\">&#8220;El equipo y la estructura de soporte de 3D Issue es la mejor. Cada uno de los problemas que hemos tenido a la hora de integrar la plataforma han sido resueltos inmediatamente. Esto nos ha permitido salir al mercado con nuestra oferta mucho antes. A medida que nuestro negocio creca, content hubs se convertir\u00e1 en el eje central de nuestra oferta.&#8221;<\/p>\n<\/div>\n<\/div>\n<div class=\"case-study-content\">\n<div class=\"case-study-content-inner\">\n<p class=\"title\">Resultados, Retorno de la Inversi\u00f3n y Planes para el Futuro<\/p>\n<p class=\"message\">La API de content hubs en Warbble les ha permitido ofrecer a sus clientes un mejor servicio con contenido espec\u00edfico, actualizado que eliminia los dolores de cabeza y los l\u00edos a los clientes.<\/p>\n<p class=\"italic\">&#8220;A nuestros clientes les gusta el hecho de que no tienen que buscar el contenido, que se les presenta en un formato sencillo de ver en el que pueden rechazar o programar el contenido que quieran.&#8221; dice Emmet Callagher. &#8220;Tenemos clientes que han elegido Warbble bas\u00e1ndose en los beneficios de la API de content hubs &#8211; \u00a1qu\u00e9 m\u00e1s podemos decir, estamos muy contentos!&#8221;<\/p>\n<\/div>\n<\/div>\n","protected":false},"excerpt":{"rendered":"<p>Resumen Ejecutivo<br \/>\nWarbble la empresa m\u00e1s innovadora en el mercado de la organizaci\u00f3n de redes sociales estaba buscando un arma secreta que le permitiera mejorar su plataforma. La API de content hubs fue a\u00f1adida a su sistema para ahorrar dinero y tiempo a sus clientes a la vez que atra\u00edan nuevos clientes potenciales y los manten\u00edan interesados con contenido relevante.<\/p>\n<p>\nAntecedentes<br \/>\nWarbble fue fundada en 2015 y desde &#8230;<\/p>\n","protected":false},"author":1,"featured_media":0,"parent":59923,"menu_order":0,"comment_status":"closed","ping_status":"closed","template":"template-case-study.php","meta":{"footnotes":""},"class_list":["post-62874","page","type-page","status-publish","hentry","wpautop"],"aioseo_notices":[],"_links":{"self":[{"href":"https:\/\/www.3dissue.com\/es\/wp-json\/wp\/v2\/pages\/62874","targetHints":{"allow":["GET"]}}],"collection":[{"href":"https:\/\/www.3dissue.com\/es\/wp-json\/wp\/v2\/pages"}],"about":[{"href":"https:\/\/www.3dissue.com\/es\/wp-json\/wp\/v2\/types\/page"}],"author":[{"embeddable":true,"href":"https:\/\/www.3dissue.com\/es\/wp-json\/wp\/v2\/users\/1"}],"replies":[{"embeddable":true,"href":"https:\/\/www.3dissue.com\/es\/wp-json\/wp\/v2\/comments?post=62874"}],"version-history":[{"count":1,"href":"https:\/\/www.3dissue.com\/es\/wp-json\/wp\/v2\/pages\/62874\/revisions"}],"predecessor-version":[{"id":62875,"href":"https:\/\/www.3dissue.com\/es\/wp-json\/wp\/v2\/pages\/62874\/revisions\/62875"}],"up":[{"embeddable":true,"href":"https:\/\/www.3dissue.com\/es\/wp-json\/wp\/v2\/pages\/59923"}],"wp:attachment":[{"href":"https:\/\/www.3dissue.com\/es\/wp-json\/wp\/v2\/media?parent=62874"}],"curies":[{"name":"wp","href":"https:\/\/api.w.org\/{rel}","templated":true}]}}