{"id":5613,"date":"2012-04-10T02:38:42","date_gmt":"2012-04-10T02:38:42","guid":{"rendered":"http:\/\/cssensei.com\/work\/3dissue\/flash-magazine-software-2.html"},"modified":"2016-07-07T13:54:48","modified_gmt":"2016-07-07T13:54:48","slug":"software-de-revista-flash","status":"publish","type":"page","link":"https:\/\/www.3dissue.com\/es\/software-de-revista-flash.html\/","title":{"rendered":"Licencia"},"content":{"rendered":"<div class=\"section group intro\">\n<div class=\"sectionContent varWidth\">\n<h2 class=\"sectionHeading\">Licencia 3D Issue<\/h2>\n<p class=\"mediumPad\"><b>Por favor, aseg\u00farese de haber le\u00eddo y entendido correctamente nuestra pol\u00edtica de concesi\u00f3n de licencias antes de adquirir nuestro software.<\/b><\/p>\n<p class=\"mediumPad\">3D Issue ha sido dise\u00f1ado para proporcionar a su empresa la libertad necesaria para producir p\u00e1ginas ilimitadas, ediciones y publicaciones bajo una sola licencia. Esta licencia permite que nuestro software sea tambi\u00e9n utilizado por los dise\u00f1adores, especialistas en marketing, etc. que deseen digitalizar cualquier tipo de publicaci\u00f3n para sus clientes. Existen algunas restricciones, con lo que si tiene alg\u00fan tipo de duda no deje de preguntar al respecto.<\/p>\n<p class=\"mediumPad\">Todos los productos 3D Issue se venden a trav\u00e9s de una Licencia por empresa. Esta licencia permite a dicha empresa la digitalizaci\u00f3n de las ediciones pasadas, presentes y futuras que pertenecen completamente a esa empresa.<\/p>\n<p class=\"mediumPad\">Nosotros incluso le ayudaremos tanto a usted como a su equipo a familiarizarse con el software y les acompa\u00f1aremos a trav\u00e9s de todo el proceso, desde la conversi\u00f3n de las publicaciones a su posterior publicaci\u00f3n online. Una vez adquirido el software ofrecemos a todos nuestros clientes un seminario Web one2one con las herramientas necesarias para compartir pantalla.<\/p>\n<p class=\"mediumPad\">Una vez recibido el software podr\u00e1 comenzar la producci\u00f3n sin demora. Su empresa tendr\u00e1 permiso para digitalizar cualquier publicaci\u00f3n que sea propiedad exclusiva de la empresa. Independientemente de si se trata de una publicaci\u00f3n anual o un peri\u00f3dico diario, una Licencia 3D Issue cubrir\u00e1 todo el proceso de su edici\u00f3n digital.<\/p>\n<p class=\"mediumPad\"><b>Preguntas<\/b><\/p>\n<div id=\"questions\" class=\"textLeft\">\n<a href=\"#1\" class=\"anchor\">&#8211; \u00bfQui\u00e9n aloja mis publicaciones digitales?<\/a><br \/>\n<a href=\"#2\" class=\"anchor\">&#8211; \u00bfPuedo crear ediciones digitales para mis clientes?<\/a><br \/>\n<a href=\"#3\" class=\"anchor\">&#8211; \u00bfCu\u00e1ndo y c\u00f3mo recibir\u00e9 mi software?<\/a><br \/>\n<a href=\"#4\" class=\"anchor\">&#8211; \u00bfCu\u00e1nto dura la licencia del software?<\/a><br \/>\n<a href=\"#5\" class=\"anchor\">&#8211; \u00bfPuedo crear todas las publicaciones que quiera o hay un l\u00edmite?<\/a><br \/>\n<a href=\"#6\" class=\"anchor\">&#8211; Si adquiero la versi\u00f3n Gold, \u00bftengo asistencia t\u00e9cnica, mantenimiento y entrenamiento tras el primer a\u00f1o?<\/a><br \/>\n<a href=\"#7\" class=\"anchor\">&#8211; \u00bfSi sac\u00e1is una actualizaci\u00f3n, cu\u00e1l es el coste de la misma?<\/a><br \/>\n<a href=\"#8\" class=\"anchor\">&#8211; \u00bfHay alguna forma de asegurarme las actualizaciones?<\/a><br \/>\n<a href=\"#9\" class=\"anchor\">&#8211; \u00bfUna vez creada la revista digital c\u00f3mo puedo enviarla a mis lectores?<\/a><br \/>\n<a href=\"#10\" class=\"anchor\">&#8211; \u00bfC\u00f3mo subo mi revista digital a la p\u00e1gina web?<\/a><br \/>\n<a href=\"#11\" class=\"anchor\">&#8211; \u00bfPueden verse las ediciones digitales en iPad, iPhone y dispositivos m\u00f3viles?<\/a><br \/>\n<a href=\"#12\" class=\"anchor\">&#8211; \u00bfC\u00f3mo incluyo mi logo en el software?<\/a><br \/>\n<a href=\"#13\" class=\"anchor\">&#8211; \u00bfPuedo transferir el programa de 3D Issue de un ordenador a otro si cambio de equipo?<\/a>\n<\/div>\n<div id=\"1\" class=\"faqAnswer\">\n<p style=\"padding-top: 80px; margin-top: -80px;\"><strong>\u00bfQui\u00e9n aloja mis publicaciones digitales?<\/strong><\/p>\n<p>T\u00fa. Nuestro producto consiste en ofrecer el software en lugar del servicio. Por lo tanto, una vez que creas tu propia publicaci\u00f3n digital puedes albergarla en tu propia web. T\u00fa tienes todo el control.<\/p>\n<\/div>\n<div id=\"2\" class=\"faqAnswer\">\n<p style=\"padding-top: 80px; margin-top: -80px;\"><strong>\u00bfPuedo crear ediciones digitales para mis clientes?<\/strong><\/p>\n<p>Cada producto adquirido en nuestra p\u00e1gina viene con 1 licencia por empresa. Esto quiere decir que puedes usar el software para crear ediciones digitales de cualquier publicaci\u00f3n pasada, presente o futura de esa empresa. Si alguno de tus otros clientes quiere que crees ediciones digitales para ellos, contacta con nosotros para adquirir una plantilla adicional.<\/p>\n<p>Una vez que hayas comprado la plantilla para la segunda empresa esta se integrar\u00e1 en tu software y podr\u00e1s crear ediciones digitales de cualquier publicaci\u00f3n pasada, presente y futura para esa segunda empresa.<\/p>\n<p>Las plantillas ser\u00e1n configuradas para incluir su logo. Por su puesto se trata de una nueva licencia de por vida que podr\u00e1 ser utilizada en todas las publicaciones de ese cliente.<\/p>\n<\/div>\n<div id=\"3\" class=\"faqAnswer\">\n<p style=\"padding-top: 80px; margin-top: -80px;\"><strong>\u00bfCu\u00e1ndo y c\u00f3mo recibir\u00e9 mi software?<\/strong><\/p>\n<p>Una vez que hayamos recibido el pago de tu pedido recibir\u00e1s un email en el que te explicaremos el procedimiento para descargar el software.<\/p>\n<\/div>\n<div id=\"4\" class=\"faqAnswer\">\n<p style=\"padding-top: 80px; margin-top: -80px;\"><strong>\u00bfCu\u00e1nto dura la licencia del software?<\/strong><\/p>\n<p>\u00a1La licencia es de por vida! 3D Issue se vende por licencias de empresa. Una vez que compras una licencia, t\u00fa o tu empresa podr\u00e9is crear todas las ediciones digitales de publicaciones pasadas, presentes o futuras pertenecientes a tu compa\u00f1\u00eda.<\/p>\n<\/div>\n<div id=\"5\" class=\"faqAnswer\">\n<p style=\"padding-top: 80px; margin-top: -80px;\"><strong>\u00bfPuedo crear todas las publicaciones que quiera o hay un l\u00edmite?<\/strong><\/p>\n<p>No. 3D Issue se vende por licencias de empresa. Una vez que compras una licencia, t\u00fa o tu empresa podr\u00e9is crear todas las ediciones digitales de publicaciones pasadas, presentes o futuras pertenecientes a tu compa\u00f1\u00eda.<\/p>\n<\/div>\n<div id=\"6\" class=\"faqAnswer\">\n<p style=\"padding-top: 80px; margin-top: -80px;\"><strong>Si adquiero la versi\u00f3n Gold, \u00bftengo asistencia t\u00e9cnica, mantenimiento y entrenamiento tras el primer a\u00f1o?<\/strong><\/p>\n<p>La licencia Gold incluye asistencia t\u00e9cnica, mantenimiento, entrenamiento y protecci\u00f3n frente actualizaciones durante el primer a\u00f1o. Pasado ese a\u00f1o recibir\u00e1s una notificaci\u00f3n de nuestro equipo comunic\u00e1ndote que tu protecci\u00f3n frente actualizaciones est\u00e1 a punto de caducar. En la notificaci\u00f3n tendr\u00e1s tambi\u00e9n un link que te permitir\u00e1 realizar una renovaci\u00f3n autom\u00e1tica en el caso de que quisieras mantener el servicio de asistencia t\u00e9cnica, mantenimiento y de actualizaciones.<\/p>\n<\/div>\n<div id=\"7\" class=\"faqAnswer\">\n<p style=\"padding-top: 80px; margin-top: -80px;\"><strong>\u00bfSi sac\u00e1is una actualizaci\u00f3n, cu\u00e1l es el coste de la misma?<\/strong><\/p>\n<p>Si dispones de las licencias Gold Professional o Gold Enterprise, dispondr\u00e1s de protecci\u00f3n frente actualizaciones y recibir\u00e1s la actualizaci\u00f3n a la \u00faltima versi\u00f3n de forma totalmente gratuita. Si por el contrario dispones de una licencia Enterprise, el coste de la actualizaci\u00f3n a la \u00faltima versi\u00f3n es de 1299$, en el caso de la versi\u00f3n Professional el coste ser\u00e1 de 599$. Si tienes la versi\u00f3n Lite y quieres actualizar el coste ser\u00e1 de 249$. La actualizaci\u00f3n se lleva a cabo de la misma forma que la compra inicial, una vez que recibimos el pago por la actualizaci\u00f3n crearemos un nuevo archivo de instalaci\u00f3n que te enviaremos para que lo descargues.<\/p>\n<\/div>\n<div id=\"8\" class=\"faqAnswer\">\n<p style=\"padding-top: 80px; margin-top: -80px;\"><strong>\u00bfHay alguna forma de asegurarme las actualizaciones?<\/strong><\/p>\n<p>S\u00ed. La protecci\u00f3n frente actualizaciones tiene una duraci\u00f3n de 12 meses y est\u00e1 disponible con Gold Professional y Gold Enterprise.<\/p>\n<\/div>\n<div id=\"9\" class=\"faqAnswer\">\n<p style=\"padding-top: 80px; margin-top: -80px;\"><strong>\u00bfUna vez creada la revista digital c\u00f3mo puedo enviarla a mis lectores?<\/strong><\/p>\n<p>Cuando has convertido tu PDF en una publicaci\u00f3n 3D Issue, puedes subir esta publicaci\u00f3n digital a tu propia p\u00e1gina web y dirigir a tus clientes a su localizaci\u00f3n a trav\u00e9s de un link en un e-mail o en cualquier otra parte de tu p\u00e1gina web etc. Puedes tambi\u00e9n optar por crear ediciones offline que pueden ser grabadas en dvd, cd o usb y distribuirlas a tus lectores.<\/p>\n<\/div>\n<div id=\"10\" class=\"faqAnswer\">\n<p style=\"padding-top: 80px; margin-top: -80px;\"><strong>\u00bfC\u00f3mo subo mi revista digital a la p\u00e1gina web?<\/strong><\/p>\n<p>Si conoces los datos para albergar tu p\u00e1gina web puedes seleccionar \u201cOnline\u201d en la pesta\u00f1a de \u201cSalida\u201d y despu\u00e9s pulsar \u201cCargar\u201d. En las opciones de subida o carga, puedes editar los detalles dentro de la aplicaci\u00f3n ftp. Esto guardar\u00e1 la informaci\u00f3n del lugar en el que quieres albergar tus publicaciones. Despu\u00e9s selecciona \u201cConstruir\u201d para completar el proceso y tendr\u00e1s la revista digital cargada en tu p\u00e1gina web.<\/p>\n<p>Si no conoces los datos para albergar tu p\u00e1gina porque las actualizaciones las hace otra persona, selecciona \u201cOnline\u201d pero no hagas clic en \u201cCargar\u201d, haz clic en \u201cConstruir\u201d. Recibir\u00e1s una carpeta que contiene todo lo que necesitas para que tu revista digital pueda ser vista. Dale esta carpeta a la persona encargada de tu p\u00e1gina web para que la suba a la misma.<\/p>\n<\/div>\n<div id=\"11\" class=\"faqAnswer\">\n<p style=\"padding-top: 80px; margin-top: -80px;\"><strong>\u00bfPueden verse las ediciones digitales en iPad, iPhone y dispositivos m\u00f3viles?<\/strong><\/p>\n<p>S\u00ed. El software de 3D Issue crea versiones HTML5 de todas las revistas digitales. La versi\u00f3n HTML5 puede verse en dispositivos como el iPad, otros dispositivos m\u00f3viles y tabletas y ordenadores de escritorio.<\/p>\n<\/div>\n<div id=\"12\" class=\"faqAnswer\">\n<p style=\"padding-top: 80px; margin-top: -80px;\"><strong>\u00bfC\u00f3mo incluyo mi logo en el software?<\/strong><\/p>\n<p>Cuando inicias el programa por primera vez aparece un asistente de instalaci\u00f3n que te permite subir tu logo y elegir los dominios en los que quieres albergar la revista.<\/p>\n<\/div>\n<div id=\"13\" class=\"faqAnswer\">\n<p style=\"padding-top: 80px; margin-top: -80px;\"><strong>\u00bfPuedo transferir el programa de 3D Issue de un ordenador a otro si cambio de equipo?<\/strong><\/p>\n<p>S\u00ed. Somos conscientes de que cada cierto tiempo las actualizaciones y cambios de equipo son necesarios.<\/p>\n<p>1. Abre el programa en el ordenador original.<br \/>2. CHaz click en Archivo: Transferir Licencia: Desactivar<br \/>3. React\u00edvalo en el nuevo ordenador.<\/p>\n<\/div>\n<\/div>\n<\/div>\n","protected":false},"excerpt":{"rendered":"<p>Licencia 3D Issue<br \/>\nPor favor, aseg\u00farese de haber le\u00eddo y entendido correctamente nuestra pol\u00edtica de concesi\u00f3n de licencias antes de adquirir nuestro software.<br \/>\n3D Issue ha sido dise\u00f1ado para proporcionar a su empresa la libertad necesaria para producir p\u00e1ginas ilimitadas, ediciones y publicaciones bajo una sola licencia. Esta licencia permite que nuestro software sea tambi\u00e9n utilizado por los dise\u00f1adores, especialistas en marketing, etc. que deseen digitalizar cualquier tipo de publicaci\u00f3n para sus clientes. Existen algunas restricciones, con lo &#8230;<\/p>\n","protected":false},"author":1,"featured_media":0,"parent":0,"menu_order":0,"comment_status":"open","ping_status":"closed","template":"template-terms-licensing.php","meta":{"footnotes":""},"class_list":["post-5613","page","type-page","status-publish","hentry","wpautop"],"aioseo_notices":[],"_links":{"self":[{"href":"https:\/\/www.3dissue.com\/es\/wp-json\/wp\/v2\/pages\/5613","targetHints":{"allow":["GET"]}}],"collection":[{"href":"https:\/\/www.3dissue.com\/es\/wp-json\/wp\/v2\/pages"}],"about":[{"href":"https:\/\/www.3dissue.com\/es\/wp-json\/wp\/v2\/types\/page"}],"author":[{"embeddable":true,"href":"https:\/\/www.3dissue.com\/es\/wp-json\/wp\/v2\/users\/1"}],"replies":[{"embeddable":true,"href":"https:\/\/www.3dissue.com\/es\/wp-json\/wp\/v2\/comments?post=5613"}],"version-history":[{"count":1,"href":"https:\/\/www.3dissue.com\/es\/wp-json\/wp\/v2\/pages\/5613\/revisions"}],"predecessor-version":[{"id":59880,"href":"https:\/\/www.3dissue.com\/es\/wp-json\/wp\/v2\/pages\/5613\/revisions\/59880"}],"wp:attachment":[{"href":"https:\/\/www.3dissue.com\/es\/wp-json\/wp\/v2\/media?parent=5613"}],"curies":[{"name":"wp","href":"https:\/\/api.w.org\/{rel}","templated":true}]}}