{"id":52720,"date":"2015-01-20T11:28:56","date_gmt":"2015-01-20T11:28:56","guid":{"rendered":"https:\/\/www.3dissue.com\/hubs-samples-2.html"},"modified":"2018-01-04T12:16:40","modified_gmt":"2018-01-04T12:16:40","slug":"ejemplos-hubs","status":"publish","type":"page","link":"https:\/\/www.3dissue.com\/es\/ejemplos-hubs.html\/","title":{"rendered":"Ejemplos &#8211; content hubs"},"content":{"rendered":"<div style=\"display:none\" class=\"fancybox-hidden\">\n<div id=\"contact_form_request_demo_hubs\" class=\"contact-form-popup\">\n<div class=\"wpcf7 no-js\" id=\"wpcf7-f60005-o1\" lang=\"en-US\" dir=\"ltr\" data-wpcf7-id=\"60005\">\n<div class=\"screen-reader-response\">\n<p role=\"status\" aria-live=\"polite\" aria-atomic=\"true\">\n<ul><\/ul>\n<\/div>\n<form action=\"\/es\/wp-json\/wp\/v2\/pages\/52720#wpcf7-f60005-o1\" method=\"post\" class=\"wpcf7-form init\" aria-label=\"Contact form\" novalidate=\"novalidate\" data-status=\"init\">\n<div style=\"display: none;\">\n<input type=\"hidden\" name=\"_wpcf7\" value=\"60005\" \/><br \/>\n<input type=\"hidden\" name=\"_wpcf7_version\" value=\"6.0.6\" \/><br \/>\n<input type=\"hidden\" name=\"_wpcf7_locale\" value=\"en_US\" \/><br \/>\n<input type=\"hidden\" name=\"_wpcf7_unit_tag\" value=\"wpcf7-f60005-o1\" \/><br \/>\n<input type=\"hidden\" name=\"_wpcf7_container_post\" value=\"0\" \/><br \/>\n<input type=\"hidden\" name=\"_wpcf7_posted_data_hash\" value=\"\" \/>\n<\/div>\n<div class=\"page-form\">\n<div class=\"title\">Sign Up<\/div>\n<div class=\"form-elements\">\n<div class=\"wpcf7-response-output\" aria-hidden=\"true\"><\/div>\n<p><span id=\"wpcf7-69f45f3b7160f-wrapper\" class=\"wpcf7-form-control-wrap title-153-wrap\" style=\"display:none !important; visibility:hidden !important;\"><label for=\"wpcf7-69f45f3b7160f-field\" class=\"hp-message\">Please leave this field empty.<\/label><input id=\"wpcf7-69f45f3b7160f-field\"  class=\"wpcf7-form-control wpcf7-text\" type=\"text\" name=\"title-153\" value=\"\" size=\"40\" tabindex=\"-1\" autocomplete=\"new-password\" \/><\/span><\/p>\n<div class=\"label\">Your Name<span class=\"asterix\"><\/span><\/div>\n<div class=\"input tooltip\" title=\"Please enter your name here\">\n<span class=\"wpcf7-form-control-wrap\" data-name=\"your-name\"><input size=\"40\" maxlength=\"50\" class=\"wpcf7-form-control wpcf7-text wpcf7-validates-as-required rd-name\" aria-required=\"true\" aria-invalid=\"false\" value=\"\" type=\"text\" name=\"your-name\" \/><\/span>\n<\/div>\n<div class=\"label\">Your Work Email<span class=\"asterix\"><\/span><\/div>\n<div class=\"input tooltip\" title=\"Please enter your work email address here\">\n<span class=\"wpcf7-form-control-wrap\" data-name=\"your-email\"><input size=\"40\" maxlength=\"400\" class=\"wpcf7-form-control wpcf7-email wpcf7-validates-as-required wpcf7-text wpcf7-validates-as-email rd-email\" aria-required=\"true\" aria-invalid=\"false\" placeholder=\"\" value=\"\" type=\"email\" name=\"your-email\" \/><\/span>\n<\/div>\n<div class=\"label\">Your Company<span class=\"asterix\"><\/span><\/div>\n<div class=\"input tooltip\" title=\"Please enter your company name here\">\n<span class=\"wpcf7-form-control-wrap\" data-name=\"your-company\"><input size=\"40\" maxlength=\"100\" class=\"wpcf7-form-control wpcf7-text wpcf7-validates-as-required rd-company\" aria-required=\"true\" aria-invalid=\"false\" placeholder=\"\" value=\"\" type=\"text\" name=\"your-company\" \/><\/span>\n<\/div>\n<div class=\"phone-number-container\">\n<div class=\"label\">Your Phone Number<\/div>\n<div class=\"input tooltip\" title=\"If you would like us to give you a call, please enter your phone number here\">\n<div class=\"area-code\">\n<span class=\"wpcf7-form-control-wrap\" data-name=\"your-area-code\"><select class=\"wpcf7-form-control wpcf7-select area-code-selector\" aria-invalid=\"false\" name=\"your-area-code\"><option value=\"\">&#8212;Please choose an option&#8212;<\/option><\/select><\/span>\n<\/div>\n<div class=\"phone-number\">\n<span class=\"wpcf7-form-control-wrap\" data-name=\"your-phone\"><input size=\"40\" maxlength=\"50\" class=\"wpcf7-form-control wpcf7-tel wpcf7-text wpcf7-validates-as-tel rd-phone\" aria-invalid=\"false\" value=\"\" type=\"tel\" name=\"your-phone\" \/><\/span>\n<\/div>\n<\/div>\n<\/div>\n<\/div>\n<div class=\"footer\">\n<input class=\"wpcf7-form-control wpcf7-submit has-spinner button-send\" type=\"submit\" value=\"Send\" \/><\/p>\n<p><a href=\"\/terms.html\" data-mce-href=\"\/terms.html\" target=\"_blank\">Terms of Use<\/a> and <a href=\"\/privacy-policy.html\" data-mce-href=\"\/privacy-policy.html\" target=\"_blank\">Privacy Policy<\/a><\/p>\n<\/div>\n<\/div>\n<div class=\"page-thankyou\">\n<div class=\"title\">\n<img decoding=\"async\" src=\"\/\/static.3dissue.com\/images\/logos\/logo.png\"\/><\/p>\n<div>Thank you for your interest in 3D Issue Hubs<\/div>\n<\/div>\n<div class=\"form-elements\">\n<div class=\"normal-text\">Your request has been forwarded to one of our team who will connect with you shortly to arrange a time that works for you.<\/div>\n<div class=\"small-text\">If you have any additional questions please feel free to call us on <b>+1 718 5696 212<\/b> or via email on <a href=\"mailto:sales@3dissue.com\">info@3dissue.com<\/a><\/div>\n<\/div>\n<div class=\"footer\">\n<input type=\"button\" class=\"button-close\" value=\"Close\">\n<\/div>\n<\/div>\n<\/form>\n<\/div>\n<\/div>\n<\/div>\n<div class=\"section group intro\">\n<div class=\"samples sectionContent varWidth center\">\n<h2 class=\"sectionHeading\">3D Issue <b>hubs<\/b><\/h2>\n<p class=\"mediumPad grey reducedWidth3\">Mira c\u00f3mo nuestros clientes est\u00e1n utilizando la tecnolog\u00eda Hub para transformar su contenido de marketing. Un Hub tiene muchos usos, mira cu\u00e1les aqu\u00ed.<\/p>\n<div class=\"group\">\n<div class=\"col span_1_of_4\">\n<p class=\"sample-link\"><a href=\"https:\/\/hubs.3dissue.net\/NRY7nctS\" target=\"_blank\"><img decoding=\"async\" src=\"\/\/static.3dissue.com\/images\/samples\/hubs\/eBayHub.png\" alt=\"eBay Hub sample\"><img decoding=\"async\" src=\"\/\/static.3dissue.com\/images\/samples\/view.png\" class=\"magnifying-glass-icon centered\"\/><\/a><\/p>\n<\/div>\n<div class=\"col span_1_of_4\">\n<p class=\"sample-link\"><a href=\"http:\/\/hub.3dissue.net\/LpYs5fKp\" target=\"_blank\"><img decoding=\"async\" src=\"\/\/static.3dissue.com\/images\/samples\/hubs\/dubstreamHub.png\" alt=\"Dublin Airport Hub sample\"><img decoding=\"async\" src=\"\/\/static.3dissue.com\/images\/samples\/view.png\" class=\"magnifying-glass-icon centered\"\/><\/a><\/p>\n<\/div>\n<div class=\"col span_1_of_4\">\n<p class=\"sample-link\"><a href=\"http:\/\/hub.3dissue.net\/shB0\" target=\"_blank\"><img decoding=\"async\" src=\"\/\/static.3dissue.com\/images\/samples\/hubs\/pearsonHub.png\" alt=\"Pearson Hub sample\"><img decoding=\"async\" src=\"\/\/static.3dissue.com\/images\/samples\/view.png\" class=\"magnifying-glass-icon centered\"\/><\/a><\/p>\n<\/div>\n<div class=\"col span_1_of_4\">\n<p class=\"sample-link\"><a href=\"http:\/\/hub.3dissue.net\/stC1\" target=\"_blank\"><img decoding=\"async\" src=\"\/\/static.3dissue.com\/images\/samples\/hubs\/redkenHub.png\" alt=\"Redken Girl Hub sample\"><img decoding=\"async\" src=\"\/\/static.3dissue.com\/images\/samples\/view.png\" class=\"magnifying-glass-icon centered\"\/><\/a><\/p>\n<\/div>\n<\/div>\n<\/div>\n<\/div>\n","protected":false},"excerpt":{"rendered":"<p>\n3D Issue hubs<br \/>\nMira c\u00f3mo nuestros clientes est\u00e1n utilizando la tecnolog\u00eda Hub para transformar su contenido de marketing. Un Hub tiene muchos usos, mira cu\u00e1les aqu\u00ed.<\/p>\n<p><\/p>\n","protected":false},"author":1,"featured_media":0,"parent":0,"menu_order":0,"comment_status":"closed","ping_status":"closed","template":"template-guides.php","meta":{"footnotes":""},"class_list":["post-52720","page","type-page","status-publish","hentry","wpautop"],"aioseo_notices":[],"_links":{"self":[{"href":"https:\/\/www.3dissue.com\/es\/wp-json\/wp\/v2\/pages\/52720","targetHints":{"allow":["GET"]}}],"collection":[{"href":"https:\/\/www.3dissue.com\/es\/wp-json\/wp\/v2\/pages"}],"about":[{"href":"https:\/\/www.3dissue.com\/es\/wp-json\/wp\/v2\/types\/page"}],"author":[{"embeddable":true,"href":"https:\/\/www.3dissue.com\/es\/wp-json\/wp\/v2\/users\/1"}],"replies":[{"embeddable":true,"href":"https:\/\/www.3dissue.com\/es\/wp-json\/wp\/v2\/comments?post=52720"}],"version-history":[{"count":2,"href":"https:\/\/www.3dissue.com\/es\/wp-json\/wp\/v2\/pages\/52720\/revisions"}],"predecessor-version":[{"id":63280,"href":"https:\/\/www.3dissue.com\/es\/wp-json\/wp\/v2\/pages\/52720\/revisions\/63280"}],"wp:attachment":[{"href":"https:\/\/www.3dissue.com\/es\/wp-json\/wp\/v2\/media?parent=52720"}],"curies":[{"name":"wp","href":"https:\/\/api.w.org\/{rel}","templated":true}]}}