{"id":31328,"date":"2014-07-04T14:35:41","date_gmt":"2014-07-04T14:35:41","guid":{"rendered":"http:\/\/stage2.3dissue.com\/?page_id=31328"},"modified":"2018-05-24T15:17:16","modified_gmt":"2018-05-24T15:17:16","slug":"plataforma-publicacion-revistas","status":"publish","type":"page","link":"https:\/\/www.3dissue.com\/es\/plataforma-publicacion-revistas.html\/","title":{"rendered":"Plataforma para Publicaci\u00f3n de Revistas"},"content":{"rendered":"<p>[php]<br \/>\ninclude_once(&#8220;wp-content\/themes\/ktwosix\/Mobile_Detect.php&#8221;);<br \/>\n$detect = new Mobile_Detect();<br \/>\nif($detect->isMobile() || $detect->isTablet())<br \/>\n echo &#8216;<\/p>\n<div style=\"display:none\" class=\"fancybox-hidden\">\n<div id=\"contact_form_download\" class=\"contact-form-popup contact-form-trial\">\n<div class=\"wpcf7 no-js\" id=\"wpcf7-f30784-o1\" lang=\"en-US\" dir=\"ltr\" data-wpcf7-id=\"30784\">\n<div class=\"screen-reader-response\">\n<p role=\"status\" aria-live=\"polite\" aria-atomic=\"true\">\n<ul><\/ul>\n<\/div>\n<form action=\"\/es\/wp-json\/wp\/v2\/pages\/31328#wpcf7-f30784-o1\" method=\"post\" class=\"wpcf7-form init\" aria-label=\"Contact form\" novalidate=\"novalidate\" data-status=\"init\">\n<div style=\"display: none;\">\n<input type=\"hidden\" name=\"_wpcf7\" value=\"30784\" \/><br \/>\n<input type=\"hidden\" name=\"_wpcf7_version\" value=\"6.0.6\" \/><br \/>\n<input type=\"hidden\" name=\"_wpcf7_locale\" value=\"en_US\" \/><br \/>\n<input type=\"hidden\" name=\"_wpcf7_unit_tag\" value=\"wpcf7-f30784-o1\" \/><br \/>\n<input type=\"hidden\" name=\"_wpcf7_container_post\" value=\"0\" \/><br \/>\n<input type=\"hidden\" name=\"_wpcf7_posted_data_hash\" value=\"\" \/>\n<\/div>\n<div class=\"header\"><\/div>\n<div class=\"title\">Prueba 3D Issue <span>GRATIS<\/span> durante 14 d\u00edas<\/div>\n<div class=\"form-elements\">\n<div class=\"wpcf7-response-output\" aria-hidden=\"true\"><\/div>\n<p><span class=\"wpcf7-form-control-wrap\" data-name=\"Version\"><span class=\"wpcf7-form-control wpcf7-radio\"><span class=\"wpcf7-list-item first\"><input type=\"radio\" name=\"Version\" value=\"PC\" \/><span class=\"wpcf7-list-item-label\">PC<\/span><\/span><span class=\"wpcf7-list-item last\"><input type=\"radio\" name=\"Version\" value=\"Mac\" \/><span class=\"wpcf7-list-item-label\">Mac<\/span><\/span><\/span><\/span><\/p>\n<div class=\"input input-borderless input-name\" title=\"Por favor introduzca su nombre aqu\u00ed\">\n<span class=\"wpcf7-form-control-wrap\" data-name=\"your-name\"><input size=\"40\" maxlength=\"50\" class=\"wpcf7-form-control wpcf7-text wpcf7-validates-as-required dwName\" aria-required=\"true\" aria-invalid=\"false\" placeholder=\"Su Nombre\" value=\"\" type=\"text\" name=\"your-name\" \/><\/span>\n<\/div>\n<div class=\"input input-borderless input-email\" title=\"Por favor introduzca su email profesional. Este ser\u00e1 su usuario para acceder al software\">\n<input style=\"display:none\" type=\"email\" name=\"fakeusernameremembered\"><br \/>\n<span class=\"wpcf7-form-control-wrap\" data-name=\"your-email\"><input size=\"40\" maxlength=\"400\" class=\"wpcf7-form-control wpcf7-email wpcf7-validates-as-required wpcf7-text wpcf7-validates-as-email dwEmail\" aria-required=\"true\" aria-invalid=\"false\" placeholder=\"Su Email Profesional\" value=\"\" type=\"email\" name=\"your-email\" \/><\/span>\n<\/div>\n<div class=\"input input-borderless input-password\" title=\"Por favor seleccione una contrase\u00f1a segura.\">\n<input style=\"display:none\" type=\"password\" name=\"fakepasswordremembered\"><br \/>\n<span class=\"wpcf7-form-control-wrap\" data-name=\"your-password\"><input size=\"40\" maxlength=\"25\" class=\"wpcf7-form-control wpcf7-text wpcf7-validates-as-required dwPass\" aria-required=\"true\" aria-invalid=\"false\" placeholder=\"Elige Contrase\u00f1a\" value=\"\" type=\"text\" name=\"your-password\" \/><\/span>\n<\/div>\n<p><label class=\"terms-checkbox\"><input id=\"termsCheckboxDesktop\" type=\"checkbox\" name=\"your-terms\" required><span>Al marcar esta casilla, acepta nuestra <a href=\"\/es\/terminos-de-revistas.html\" data-mce-href=\"\/es\/terminos-de-revistas.html\" target=\"_blank\">T&#038;C<\/a> y <a href=\"\/es\/privacy-policy.html\" data-mce-href=\"\/es\/privacy-policy.html\" target=\"_blank\">pol\u00edtica de privacidad<\/a><\/span><\/label><br \/>\n<label class=\"phone-number-checkbox\"><input type=\"checkbox\"><span>\u00bfTe gustar\u00eda que te llam\u00e1ramos?<\/span><\/label><\/p>\n<div class=\"phone-number-container\">\n<div class=\"label\">Tu n\u00famero de tel\u00e9fono<\/div>\n<div class=\"input tooltip\" title=\"Si quieres que te llamemos para ayudarte con la utilizaci\u00f3n del software, por favor introduce tu tel\u00e9fono\">\n<div class=\"area-code\">\n<span class=\"wpcf7-form-control-wrap\" data-name=\"your-area-code\"><select class=\"wpcf7-form-control wpcf7-select area-code-selector\" aria-invalid=\"false\" name=\"your-area-code\"><option value=\"\">&#8212;Please choose an option&#8212;<\/option><\/select><\/span>\n<\/div>\n<div class=\"phone-number\">\n<span class=\"wpcf7-form-control-wrap\" data-name=\"your-phone\"><input size=\"40\" maxlength=\"25\" class=\"wpcf7-form-control wpcf7-tel wpcf7-text wpcf7-validates-as-tel dwPhone\" aria-invalid=\"false\" value=\"\" type=\"tel\" name=\"your-phone\" \/><\/span>\n<\/div>\n<\/div>\n<\/div>\n<p><span id=\"wpcf7-69efb79fef505-wrapper\" class=\"wpcf7-form-control-wrap telephone-157-wrap\" style=\"display:none !important; visibility:hidden !important;\"><label for=\"wpcf7-69efb79fef505-field\" class=\"hp-message\">Please leave this field empty.<\/label><input id=\"wpcf7-69efb79fef505-field\"  class=\"wpcf7-form-control wpcf7-text\" type=\"text\" name=\"telephone-157\" value=\"\" size=\"40\" tabindex=\"-1\" autocomplete=\"new-password\" \/><\/span>\n<\/div>\n<div class=\"footer footer-flipbooks\">\n<input class=\"wpcf7-form-control wpcf7-submit has-spinner button\" type=\"submit\" value=\"Empazar\" \/>\n<\/div>\n<\/form>\n<\/div>\n<\/div>\n<\/div>\n<p>&#8216;;<br \/>\nelse<br \/>\n echo &#8216;<\/p>\n<div style=\"display:none\" class=\"fancybox-hidden\">\n<div id=\"contact_form_download\" class=\"contact-form-popup contact-form-trial\">\n<div class=\"wpcf7 no-js\" id=\"wpcf7-f8307-o2\" lang=\"en-US\" dir=\"ltr\" data-wpcf7-id=\"8307\">\n<div class=\"screen-reader-response\">\n<p role=\"status\" aria-live=\"polite\" aria-atomic=\"true\">\n<ul><\/ul>\n<\/div>\n<form action=\"\/es\/wp-json\/wp\/v2\/pages\/31328#wpcf7-f8307-o2\" method=\"post\" class=\"wpcf7-form init\" aria-label=\"Contact form\" novalidate=\"novalidate\" data-status=\"init\">\n<div style=\"display: none;\">\n<input type=\"hidden\" name=\"_wpcf7\" value=\"8307\" \/><br \/>\n<input type=\"hidden\" name=\"_wpcf7_version\" value=\"6.0.6\" \/><br \/>\n<input type=\"hidden\" name=\"_wpcf7_locale\" value=\"en_US\" \/><br \/>\n<input type=\"hidden\" name=\"_wpcf7_unit_tag\" value=\"wpcf7-f8307-o2\" \/><br \/>\n<input type=\"hidden\" name=\"_wpcf7_container_post\" value=\"0\" \/><br \/>\n<input type=\"hidden\" name=\"_wpcf7_posted_data_hash\" value=\"\" \/>\n<\/div>\n<div class=\"header\"><\/div>\n<div class=\"title\">Prueba 3D Issue <span>GRATIS<\/span> durante 14 d\u00edas<\/div>\n<div class=\"form-elements\">\n<div class=\"wpcf7-response-output\" aria-hidden=\"true\"><\/div>\n<p><span class=\"wpcf7-form-control-wrap\" data-name=\"Version\"><span class=\"wpcf7-form-control wpcf7-radio\"><span class=\"wpcf7-list-item first\"><input type=\"radio\" name=\"Version\" value=\"PC\" \/><span class=\"wpcf7-list-item-label\">PC<\/span><\/span><span class=\"wpcf7-list-item last\"><input type=\"radio\" name=\"Version\" value=\"Mac\" \/><span class=\"wpcf7-list-item-label\">Mac<\/span><\/span><\/span><\/span><\/p>\n<div class=\"input input-borderless input-name\" title=\"Por favor introduzca su nombre aqu\u00ed\">\n<span class=\"wpcf7-form-control-wrap\" data-name=\"your-name\"><input size=\"40\" maxlength=\"50\" class=\"wpcf7-form-control wpcf7-text wpcf7-validates-as-required dwName\" aria-required=\"true\" aria-invalid=\"false\" placeholder=\"Su Nombre\" value=\"\" type=\"text\" name=\"your-name\" \/><\/span>\n<\/div>\n<div class=\"input input-borderless input-email\" title=\"Por favor introduzca su email profesional. Este ser\u00e1 su usuario para acceder al software\">\n<input style=\"display:none\" type=\"email\" name=\"fakeusernameremembered\"><br \/>\n<span class=\"wpcf7-form-control-wrap\" data-name=\"your-email\"><input size=\"40\" maxlength=\"400\" class=\"wpcf7-form-control wpcf7-email wpcf7-validates-as-required wpcf7-text wpcf7-validates-as-email dwEmail\" aria-required=\"true\" aria-invalid=\"false\" placeholder=\"Su Email Profesional\" value=\"\" type=\"email\" name=\"your-email\" \/><\/span>\n<\/div>\n<div class=\"input input-borderless input-password\" title=\"Por favor seleccione una contrase\u00f1a segura.\">\n<input style=\"display:none\" type=\"password\" name=\"fakepasswordremembered\"><br \/>\n<span class=\"wpcf7-form-control-wrap\" data-name=\"your-password\"><input size=\"40\" maxlength=\"25\" class=\"wpcf7-form-control wpcf7-text wpcf7-validates-as-required dwPass\" aria-required=\"true\" aria-invalid=\"false\" placeholder=\"Elige Contrase\u00f1a\" value=\"\" type=\"text\" name=\"your-password\" \/><\/span>\n<\/div>\n<p><label class=\"terms-checkbox\"><input id=\"termsCheckboxDesktop\" type=\"checkbox\" name=\"your-terms\" required><span>Al marcar esta casilla, acepta nuestra <a href=\"\/es\/terminos-de-revistas.html\" data-mce-href=\"\/es\/terminos-de-revistas.html\" target=\"_blank\">T&#038;C<\/a> y <a href=\"\/es\/privacy-policy.html\" data-mce-href=\"\/es\/privacy-policy.html\" target=\"_blank\">pol\u00edtica de privacidad<\/a><\/span><\/label><br \/>\n<label class=\"phone-number-checkbox\"><input type=\"checkbox\"><span>\u00bfTe gustar\u00eda que te llam\u00e1ramos?<\/span><\/label><\/p>\n<div class=\"phone-number-container\">\n<div class=\"label\">Tu n\u00famero de tel\u00e9fono<\/div>\n<div class=\"input tooltip\" title=\"Si quieres que te llamemos para ayudarte con la utilizaci\u00f3n del software, por favor introduce tu tel\u00e9fono\">\n<div class=\"area-code\">\n<span class=\"wpcf7-form-control-wrap\" data-name=\"your-area-code\"><select class=\"wpcf7-form-control wpcf7-select area-code-selector\" aria-invalid=\"false\" name=\"your-area-code\"><option value=\"\">&#8212;Please choose an option&#8212;<\/option><\/select><\/span>\n<\/div>\n<div class=\"phone-number\">\n<span class=\"wpcf7-form-control-wrap\" data-name=\"your-phone\"><input size=\"40\" maxlength=\"25\" class=\"wpcf7-form-control wpcf7-tel wpcf7-text wpcf7-validates-as-tel dwPhone\" aria-invalid=\"false\" value=\"\" type=\"tel\" name=\"your-phone\" \/><\/span>\n<\/div>\n<\/div>\n<\/div>\n<p><span id=\"wpcf7-69efb79ff04bf-wrapper\" class=\"wpcf7-form-control-wrap telephone-157-wrap\" style=\"display:none !important; visibility:hidden !important;\"><label for=\"wpcf7-69efb79ff04bf-field\" class=\"hp-message\">Please leave this field empty.<\/label><input id=\"wpcf7-69efb79ff04bf-field\"  class=\"wpcf7-form-control wpcf7-text\" type=\"text\" name=\"telephone-157\" value=\"\" size=\"40\" tabindex=\"-1\" autocomplete=\"new-password\" \/><\/span>\n<\/div>\n<div class=\"footer footer-flipbooks\">\n<input class=\"wpcf7-form-control wpcf7-submit has-spinner button\" type=\"submit\" value=\"Empazar\" \/>\n<\/div>\n<\/form>\n<\/div>\n<\/div>\n<\/div>\n<p>&#8216;;<br \/>\n[\/php]<\/p>\n<div class=\"section group \">\n<div class=\"sectionContent varWidth center\">\n<div class=\"featureImg col span_1_of_2\"><img decoding=\"async\" src=\"\/\/static.3dissue.com\/images\/lp\/stock\/flipbook.jpg\" alt=\"\"><\/div>\n<div class=\"featureText col span_1_of_2 textLeft\">\n<h3>Videos y audio para realzar tu revista<\/h3>\n<p>Transforma tus PDFs en revistas digitales a las que puedes a\u00f1adir contenido en videos o audio. Adem\u00e1s todas las publicaciones creadas con 3D Issue pueden verse en escritorios, m\u00f3viles y tabletas, permiti\u00e9ndo a tus clientes leerlas en cualquier lugar.<\/p>\n<\/div>\n<\/div>\n<\/div>\n<div class=\"section group \">\n<div class=\"sectionContent varWidth center\">\n<div class=\"featureText col span_1_of_2 textLeft\">\n<h3>Deleita a tu audiencia m\u00f3vil con revistas que se adaptan a distintas pantallas<\/h3>\n<p>Tu audiencia est\u00e1 cambiando al consumo de noticias y audiovisuales en dispositivos m\u00f3viles \u00bfest\u00e1s preparado para ello? 3D Issue ofrece una novedosa forma de mostrar todo tu contenido de marketing digital en una revista digital que se actualiza y adapta autom\u00e1ticamente a la pantalla de tus lectores para ofrecerles la mejor experiencia.<\/p>\n<\/div>\n<div class=\"featureImg col span_1_of_2\"><img decoding=\"async\" src=\"\/\/static.3dissue.com\/images\/lp\/stock\/hubs.jpg\" alt=\"\"><\/div>\n<\/div>\n<\/div>\n<div class=\"section group \">\n<div class=\"sectionContent varWidth center\">\n<div class=\"featureImg col span_1_of_2\"><img decoding=\"async\" src=\"\/\/static.3dissue.com\/images\/lp\/stock\/app.jpg\" alt=\"\"><\/div>\n<div class=\"featureText col span_1_of_2 textLeft\">\n<h3>Llega a tus lectores en cualquier lugar con una app nativa<\/h3>\n<p>3D Issue ofrece una completa soluci\u00f3n para las necesidades de publicaci\u00f3n en dispositivos iOS y Android. Una App para tu publicaci\u00f3n y tu contenido permite a tus lectores acceder a tu informaci\u00f3n cu\u00e1ndo y d\u00f3nde prefieran.<\/p>\n<\/div>\n<\/div>\n<\/div>\n<div class=\"valueProp section group\">\n<div class=\"sectionContent varWidth center\">\n<p class=\"sectionLogo\"><img decoding=\"async\" src=\"\/\/static.3dissue.com\/images\/logos\/flipbooksSmall.png\" alt=\"flipbook software\"><\/p>\n<h2 class=\"sectionHeading\">Disfruta los beneficios<\/h2>\n<p class=\"mediumPad grey\">Optimiza tu contenido. Obt\u00e9n datos en tiempo real sobre tus lectores a trav\u00e9s de la integraci\u00f3n del software de 3D Issue con Google Analytics. Descubre cu\u00e1l es el contenido que interesa a tus clientes, cu\u00e1nto tiempo pasan en determinadas p\u00e1ginas y art\u00edculos. Decide qu\u00e9 contenido funciona mejor y toma decisiones de acuerdo a ello.<\/p>\n<p class=\"btmImg\"><img decoding=\"async\" src=\"\/\/static.3dissue.com\/images\/stock\/multiDevice.jpg\" alt=\"\"><\/p>\n<\/div>\n<\/div>\n<div class=\"section group reviewBG\">\n<div class=\"sectionContent varWidth center\">\n<h2>Nuestros <b>clientes<\/b> tienen mucho que decir sobre nosotros<\/h2>\n<p class=\"mediumPad reducedWidth2 grey\">Valoramos mucho las opiniones de nuestros clientes y agradecemos cualquier feedback y sugerencia sobre las caracter\u00edsticas del software.<\/p>\n<div class=\"col span_1_of_3\">\n<p><img decoding=\"async\" src=\"\/\/static.3dissue.com\/images\/reviews\/amazonReviewEs.png\" alt=\"Review from Amazon\"><\/p>\n<p><img decoding=\"async\" src=\"\/\/static.3dissue.com\/images\/reviews\/amazon.png\" alt=\"5 star review\"><\/p>\n<p class=\"smallerFont\"><b>Fergus Burns<\/b><br \/>Amazon<\/p>\n<p><img decoding=\"async\" src=\"\/\/static.3dissue.com\/images\/reviews\/rating5.png\" alt=\"5 star review\"><\/p>\n<\/div>\n<div class=\"col span_1_of_3\">\n<p class=\"reviewPadding\"><img decoding=\"async\" src=\"\/\/static.3dissue.com\/images\/reviews\/macyReviewEs.png\" alt=\"Review from Macys\"><\/p>\n<p><img decoding=\"async\" src=\"\/\/static.3dissue.com\/images\/reviews\/macys.png\" alt=\"5 star review\"><\/p>\n<p class=\"smallerFont\"><b>Stephen Competello<\/b><br \/>MACYS<\/p>\n<p><img decoding=\"async\" src=\"\/\/static.3dissue.com\/images\/reviews\/rating5.png\" alt=\"5 star review\"><\/p>\n<\/div>\n<div class=\"col span_1_of_3\">\n<p><img decoding=\"async\" src=\"\/\/static.3dissue.com\/images\/reviews\/chicagoReviewEs.png\" alt=\"Review from Chicago\"><\/p>\n<p><img decoding=\"async\" src=\"\/\/static.3dissue.com\/images\/reviews\/chicago.png\" alt=\"5 star review\"><\/p>\n<p class=\"smallerFont\"><b>Josh Metnick<\/b><br \/>Chicago.com, Inc.<\/p>\n<p><img decoding=\"async\" src=\"\/\/static.3dissue.com\/images\/reviews\/rating5.png\" alt=\"5 star review\"><\/p>\n<\/div>\n<\/div>\n<p class=\"clear center\"><a class=\"button readMore\" href=\"\/es\/testimonios-revista-digital.html\">Sigue leyendo opiniones<\/a><\/p>\n<\/div>\n<div class=\"section group webinar\">\n<div class=\"sectionContent varWidth center\">\n<h2>\u00bfPor qu\u00e9 no te unes a una <b>demostraci\u00f3n<\/b> online en directo?<\/h2>\n<p class=\"mediumPad reducedWidth2\">Ofrecemos webinars gratuitos en los que puedes ver paso a paso y en directo c\u00f3mo nuestro equipo crea una publicaci\u00f3n digital desde el principio y la cuelga en la red.<\/p>\n<p class=\"webinarBtnContainer\"><a class=\"button attendWebinarBtn\" href=\"\/es\/webinar.html\">Asistir Webinar<\/a><\/p>\n<p class=\"btmImage\"><img decoding=\"async\" src=\"\/\/static.3dissue.com\/images\/stock\/iMacWebinar.jpg\" alt=\"For a free step by step guide on how to create your own digital publications, why not join a Webinar?\"><\/p>\n<\/div>\n<\/div>\n","protected":false},"excerpt":{"rendered":"<p>[php]<br \/>\ninclude_once(&#8220;wp-content\/themes\/ktwosix\/Mobile_Detect.php&#8221;);<br \/>\n$detect = new Mobile_Detect();<br \/>\nif($detect->isMobile() || $detect->isTablet())<br \/>\n echo &#8216;<\/p>\n<p>&#8216;;<br \/>\nelse<br \/>\n echo &#8216;<\/p>\n<p>&#8216;;<br \/>\n[\/php]<\/p>\n<p>\nVideos y audio para realzar tu revista<br \/>\nTransforma tus PDFs en revistas digitales a las que puedes a\u00f1adir contenido en videos o audio. Adem\u00e1s todas las publicaciones creadas con 3D Issue pueden verse en escritorios, m\u00f3viles y tabletas, permiti\u00e9ndo a tus clientes leerlas en cualquier lugar.<\/p>\n<p>\n<br ...\n<\/p>\n","protected":false},"author":1,"featured_media":0,"parent":0,"menu_order":0,"comment_status":"open","ping_status":"closed","template":"template-landing-page-resp.php","meta":{"footnotes":""},"class_list":["post-31328","page","type-page","status-publish","hentry","wpautop"],"aioseo_notices":[],"_links":{"self":[{"href":"https:\/\/www.3dissue.com\/es\/wp-json\/wp\/v2\/pages\/31328","targetHints":{"allow":["GET"]}}],"collection":[{"href":"https:\/\/www.3dissue.com\/es\/wp-json\/wp\/v2\/pages"}],"about":[{"href":"https:\/\/www.3dissue.com\/es\/wp-json\/wp\/v2\/types\/page"}],"author":[{"embeddable":true,"href":"https:\/\/www.3dissue.com\/es\/wp-json\/wp\/v2\/users\/1"}],"replies":[{"embeddable":true,"href":"https:\/\/www.3dissue.com\/es\/wp-json\/wp\/v2\/comments?post=31328"}],"version-history":[{"count":3,"href":"https:\/\/www.3dissue.com\/es\/wp-json\/wp\/v2\/pages\/31328\/revisions"}],"predecessor-version":[{"id":63335,"href":"https:\/\/www.3dissue.com\/es\/wp-json\/wp\/v2\/pages\/31328\/revisions\/63335"}],"wp:attachment":[{"href":"https:\/\/www.3dissue.com\/es\/wp-json\/wp\/v2\/media?parent=31328"}],"curies":[{"name":"wp","href":"https:\/\/api.w.org\/{rel}","templated":true}]}}