{"id":31318,"date":"2014-07-04T14:05:49","date_gmt":"2014-07-04T14:05:49","guid":{"rendered":"http:\/\/stage2.3dissue.com\/?page_id=31318"},"modified":"2017-09-15T11:22:43","modified_gmt":"2017-09-15T11:22:43","slug":"catalogos-online","status":"publish","type":"page","link":"https:\/\/www.3dissue.com\/es\/catalogos-online.html\/","title":{"rendered":"Cat\u00e1logos online 3D Issue"},"content":{"rendered":"<div class=\"section group \">\n<div class=\"sectionContent varWidth center\">\n<div class=\"featureImg col span_1_of_2\"><img decoding=\"async\" src=\"\/\/static.3dissue.com\/images\/lp\/stock\/flipbook.jpg\" alt=\"cat\u00e1logo en l\u00ednea\"><\/div>\n<div class=\"featureText col span_1_of_2 textLeft\">\n<h3>Una Experiencia de Compra Inspiradora<\/h3>\n<p>3D Issue convertir\u00e1 tu contenido en una publicaci\u00f3n online que animar\u00e1 al consumidor a explorar, localizar y comprar al mismo tiempo que disfruta de una agradable experiencia de compra. Una de las maravillas de los cat\u00e1logos digitales son sus caracter\u00edsticas interactivas. \u00bfQu\u00e9 mejor manera de experimentar algo que has estado leyendo que acompa\u00f1\u00e1ndolo de audio o video? Si una imagen vale m\u00e1s que mil palabras \u00bfcu\u00e1ntas vale un video?<\/p>\n<\/div>\n<\/div>\n<\/div>\n<div class=\"section group \">\n<div class=\"sectionContent varWidth center\">\n<div class=\"featureText col span_1_of_2 textLeft\">\n<h3>Haz resaltar las p\u00e1ginas de tu cat\u00e1logo<\/h3>\n<p>Muchos programas para la edici\u00f3n de publicaciones digitales dan como resultado publicaciones con p\u00e1ginas sin vidas que poco tienen que ver con la imagen de tu marca. 3D Issue da a conocer tu marca a los consumidores en todo su esplendor a trav\u00e9s de ricos elementos interactivos que estar\u00e1n accesibles independientemente del dispositivo que el consumidor haya elegido para visualizarlo. Algo indispensable en el mundo interconectado en el que vivimos hoy en d\u00eda.<\/p>\n<\/div>\n<div class=\"featureImg col span_1_of_2\"><img decoding=\"async\" src=\"\/\/static.3dissue.com\/images\/lp\/stock\/hubs.jpg\" alt=\"hubs\"><\/div>\n<\/div>\n<\/div>\n<div class=\"valueProp section group\">\n<div class=\"sectionContent varWidth center\">\n<p class=\"sectionLogo\"><img decoding=\"async\" src=\"\/\/static.3dissue.com\/images\/logos\/flipbooksSmall.png\" alt=\"flipbook software\"><\/p>\n<h2 class=\"sectionHeading\">Aumenta el n\u00famero de pedidos<\/h2>\n<p class=\"mediumPad grey\">&#8211; Inicia el contacto con el consumidor a trav\u00e9s de las caracter\u00edsticas interactivas de tu cat\u00e1logo.<br \/>\n&#8211; Utiliza elementos que se quedar\u00e1n grabados en la mente de los consumidores durante mucho tiempo.<br \/>\n&#8211; Hechiza al consumidor con ejemplos encantadores de tu marca para que pase m\u00e1s tiempo explorando, ojeando y comprando.<br \/>\n&#8211; Obtendr\u00e1s un conocimiento vital sobre cu\u00e1les son las p\u00e1ginas de tu cat\u00e1logo que mejor funcionan, en las que m\u00e1s tiempo pasan los consumidores y mucho m\u00e1s, todo a trav\u00e9s de la integraci\u00f3n en el cat\u00e1logo de la herramienta de Google Analytics.<br \/>\n&#8211; Disponible en todos los dispositivos<\/p>\n<p class=\"btmImg\"><img decoding=\"async\" src=\"\/\/static.3dissue.com\/images\/stock\/multiDevice.jpg\" alt=\"publicar a cualquier dispositivo\"><\/p>\n<\/div>\n<\/div>\n<div class=\"section group reviewBG\">\n<div class=\"sectionContent varWidth center\">\n<h2>Nuestros <b>clientes<\/b> tienen mucho que decir sobre nosotros<\/h2>\n<p class=\"mediumPad reducedWidth2 grey\">Valoramos mucho las opiniones de nuestros clientes y agradecemos cualquier feedback y sugerencia sobre las caracter\u00edsticas del software.<\/p>\n<div class=\"col span_1_of_3\">\n<p><img decoding=\"async\" src=\"\/\/static.3dissue.com\/images\/reviews\/amazonReviewEs.png\" alt=\"Review from Amazon\"><\/p>\n<p><img decoding=\"async\" src=\"\/\/static.3dissue.com\/images\/reviews\/amazon.png\" alt=\"5 star review\"><\/p>\n<p class=\"smallerFont\"><b>Fergus Burns<\/b><br \/>Amazon<\/p>\n<p><img decoding=\"async\" src=\"\/\/static.3dissue.com\/images\/reviews\/rating5.png\" alt=\"5 star review\"><\/p>\n<\/div>\n<div class=\"col span_1_of_3\">\n<p class=\"reviewPadding\"><img decoding=\"async\" src=\"\/\/static.3dissue.com\/images\/reviews\/macyReviewEs.png\" alt=\"Review from Macys\"><\/p>\n<p><img decoding=\"async\" src=\"\/\/static.3dissue.com\/images\/reviews\/macys.png\" alt=\"5 star review\"><\/p>\n<p class=\"smallerFont\"><b>Stephen Competello<\/b><br \/>MACYS<\/p>\n<p><img decoding=\"async\" src=\"\/\/static.3dissue.com\/images\/reviews\/rating5.png\" alt=\"5 star review\"><\/p>\n<\/div>\n<div class=\"col span_1_of_3\">\n<p><img decoding=\"async\" src=\"\/\/static.3dissue.com\/images\/reviews\/chicagoReviewEs.png\" alt=\"Review from Chicago\"><\/p>\n<p><img decoding=\"async\" src=\"\/\/static.3dissue.com\/images\/reviews\/chicago.png\" alt=\"5 star review\"><\/p>\n<p class=\"smallerFont\"><b>Josh Metnick<\/b><br \/>Chicago.com, Inc.<\/p>\n<p><img decoding=\"async\" src=\"\/\/static.3dissue.com\/images\/reviews\/rating5.png\" alt=\"5 star review\"><\/p>\n<\/div>\n<\/div>\n<p class=\"clear center\"><a class=\"button readMore\" href=\"\/es\/testimonios-revista-digital.html\">Sigue leyendo opiniones<\/a><\/p>\n<\/div>\n<div class=\"section group webinar\">\n<div class=\"sectionContent varWidth center\">\n<h2>\u00bfPor qu\u00e9 no te unes a una <b>demostraci\u00f3n<\/b> online en directo?<\/h2>\n<p class=\"mediumPad reducedWidth2\">Ofrecemos webinars gratuitos en los que puedes ver paso a paso y en directo c\u00f3mo nuestro equipo crea una publicaci\u00f3n digital desde el principio y la cuelga en la red.<\/p>\n<p class=\"webinarBtnContainer\"><a class=\"button attendWebinarBtn\" href=\"\/es\/webinar.html\">Asistir Webinar<\/a><\/p>\n<p class=\"btmImage\"><img decoding=\"async\" src=\"\/\/static.3dissue.com\/images\/stock\/iMacWebinar.jpg\" alt=\"Para un paso libre por paso gu\u00eda sobre c\u00f3mo crear sus propias publicaciones digitales , \u00bfpor qu\u00e9 no unirse a un Webinar ?\"><\/p>\n<\/div>\n<\/div>\n","protected":false},"excerpt":{"rendered":"<p>Una Experiencia de Compra Inspiradora<br \/>\n3D Issue convertir\u00e1 tu contenido en una publicaci\u00f3n online que animar\u00e1 al consumidor a explorar, localizar y comprar al mismo tiempo que disfruta de una agradable experiencia de compra. Una de las maravillas de los cat\u00e1logos digitales son sus caracter\u00edsticas interactivas. \u00bfQu\u00e9 mejor manera de experimentar algo que has estado leyendo que acompa\u00f1\u00e1ndolo de audio o video? Si una imagen vale m\u00e1s que mil palabras \u00bfcu\u00e1ntas vale un video?<\/p>\n<p><br ...\n<\/p>\n","protected":false},"author":1,"featured_media":0,"parent":0,"menu_order":0,"comment_status":"open","ping_status":"closed","template":"template-flipbooks-2022.php","meta":{"footnotes":""},"class_list":["post-31318","page","type-page","status-publish","hentry","wpautop"],"aioseo_notices":[],"_links":{"self":[{"href":"https:\/\/www.3dissue.com\/es\/wp-json\/wp\/v2\/pages\/31318","targetHints":{"allow":["GET"]}}],"collection":[{"href":"https:\/\/www.3dissue.com\/es\/wp-json\/wp\/v2\/pages"}],"about":[{"href":"https:\/\/www.3dissue.com\/es\/wp-json\/wp\/v2\/types\/page"}],"author":[{"embeddable":true,"href":"https:\/\/www.3dissue.com\/es\/wp-json\/wp\/v2\/users\/1"}],"replies":[{"embeddable":true,"href":"https:\/\/www.3dissue.com\/es\/wp-json\/wp\/v2\/comments?post=31318"}],"version-history":[{"count":2,"href":"https:\/\/www.3dissue.com\/es\/wp-json\/wp\/v2\/pages\/31318\/revisions"}],"predecessor-version":[{"id":48232,"href":"https:\/\/www.3dissue.com\/es\/wp-json\/wp\/v2\/pages\/31318\/revisions\/48232"}],"wp:attachment":[{"href":"https:\/\/www.3dissue.com\/es\/wp-json\/wp\/v2\/media?parent=31318"}],"curies":[{"name":"wp","href":"https:\/\/api.w.org\/{rel}","templated":true}]}}