{"id":31314,"date":"2014-07-04T13:46:00","date_gmt":"2014-07-04T13:46:00","guid":{"rendered":"http:\/\/stage2.3dissue.com\/?page_id=31314"},"modified":"2014-07-30T10:59:39","modified_gmt":"2014-07-30T10:59:39","slug":"sofware-para-folleto-digital","status":"publish","type":"page","link":"https:\/\/www.3dissue.com\/es\/sofware-para-folleto-digital.html\/","title":{"rendered":"Software para Folleto Online"},"content":{"rendered":"<div class=\"section group \">\n<div class=\"sectionContent varWidth center\">\n<div class=\"featureImg col span_1_of_2\"><img decoding=\"async\" src=\"\/\/static.3dissue.com\/images\/lp\/stock\/flipbook.jpg\" alt=\"\"><\/div>\n<div class=\"featureText col span_1_of_2 textLeft\">\n<h3>Alcance Global<\/h3>\n<p>Crea una publicaci\u00f3n digital que estar\u00e1 disponible para tus lectores all\u00e1 d\u00f3nde se encuentren ya sea en su m\u00f3vil, tableta u ordenador de escritorio. La utilizaci\u00f3n de HTML5 por parte de 3D Issue asegura que la publicaci\u00f3n est\u00e9 disponible para la m\u00e1s amplia audiencia y en todos los dispositivos. Reduce los costes de distribuci\u00f3n tanto de env\u00edo como de impresi\u00f3n manteniendo la experiencia de lectura y aumentando tus ingresos.<\/p>\n<\/div>\n<\/div>\n<\/div>\n<div class=\"section group \">\n<div class=\"sectionContent varWidth center\">\n<div class=\"featureText col span_1_of_2 textLeft\">\n<h3>Anima a los consumidores a actuar<\/h3>\n<p>El objetivo de tu folleto es animar a los consumidores a reaccionar al contenido que les ofreces. 3D Issue te puede ayudar a crear la llamada a la acci\u00f3n que necesitas creando un folleto digital sorprendente que puede ser visualizado en cualquier dispositivo. Haz destacar tu marca con un folleto digital de calidad premium que puede dar la vuelta al mundo en segundos.<\/p>\n<\/div>\n<div class=\"featureImg col span_1_of_2\"><img decoding=\"async\" src=\"\/\/static.3dissue.com\/images\/lp\/stock\/hubs.jpg\" alt=\"\"><\/div>\n<\/div>\n<\/div>\n<div class=\"valueProp section group\">\n<div class=\"sectionContent varWidth center\">\n<p class=\"sectionLogo\"><img decoding=\"async\" src=\"\/\/static.3dissue.com\/images\/logos\/flipbooksSmall.png\" alt=\"flipbook software\"><\/p>\n<h2 class=\"sectionHeading\">Crea un contenido interactivo que genere potenciales clientes<\/h2>\n<p class=\"mediumPad grey\">Distribuye tu folleto digital por todo el mundo, exp\u00f3n tu marca a una audiencia m\u00e1s amplia y crea nuevos clientes potenciales. Encandila al consumidor con un contenido interactivo que lo impresionar\u00e1, aumentar\u00e1 las visitas a tu folleto y fomentar\u00e1 una mayor interacci\u00f3n tus clientes.<\/p>\n<p class=\"btmImg\"><img decoding=\"async\" src=\"\/\/static.3dissue.com\/images\/stock\/multiDevice.jpg\" alt=\"\"><\/p>\n<\/div>\n<\/div>\n<div class=\"section group reviewBG\">\n<div class=\"sectionContent varWidth center\">\n<h2>Nuestros <b>clientes<\/b> tienen mucho que decir sobre nosotros<\/h2>\n<p class=\"mediumPad reducedWidth2 grey\">Valoramos mucho las opiniones de nuestros clientes y agradecemos cualquier feedback y sugerencia sobre las caracter\u00edsticas del software.<\/p>\n<div class=\"col span_1_of_3\">\n<p><img decoding=\"async\" src=\"\/\/static.3dissue.com\/images\/reviews\/amazonReviewEs.png\" alt=\"Review from Amazon\"><\/p>\n<p><img decoding=\"async\" src=\"\/\/static.3dissue.com\/images\/reviews\/amazon.png\" alt=\"5 star review\"><\/p>\n<p class=\"smallerFont\"><b>Fergus Burns<\/b><br \/>Amazon<\/p>\n<p><img decoding=\"async\" src=\"\/\/static.3dissue.com\/images\/reviews\/rating5.png\" alt=\"5 star review\"><\/p>\n<\/div>\n<div class=\"col span_1_of_3\">\n<p class=\"reviewPadding\"><img decoding=\"async\" src=\"\/\/static.3dissue.com\/images\/reviews\/macyReviewEs.png\" alt=\"Review from Macys\"><\/p>\n<p><img decoding=\"async\" src=\"\/\/static.3dissue.com\/images\/reviews\/macys.png\" alt=\"5 star review\"><\/p>\n<p class=\"smallerFont\"><b>Stephen Competello<\/b><br \/>MACYS<\/p>\n<p><img decoding=\"async\" src=\"\/\/static.3dissue.com\/images\/reviews\/rating5.png\" alt=\"5 star review\"><\/p>\n<\/div>\n<div class=\"col span_1_of_3\">\n<p><img decoding=\"async\" src=\"\/\/static.3dissue.com\/images\/reviews\/chicagoReviewEs.png\" alt=\"Review from Chicago\"><\/p>\n<p><img decoding=\"async\" src=\"\/\/static.3dissue.com\/images\/reviews\/chicago.png\" alt=\"5 star review\"><\/p>\n<p class=\"smallerFont\"><b>Josh Metnick<\/b><br \/>Chicago.com, Inc.<\/p>\n<p><img decoding=\"async\" src=\"\/\/static.3dissue.com\/images\/reviews\/rating5.png\" alt=\"5 star review\"><\/p>\n<\/div>\n<\/div>\n<p class=\"clear center\"><a class=\"button readMore\" href=\"\/es\/testimonios-revista-digital.html\">Sigue leyendo opiniones<\/a><\/p>\n<\/div>\n<div class=\"section group webinar\">\n<div class=\"sectionContent varWidth center\">\n<h2>\u00bfPor qu\u00e9 no te unes a una <b>demostraci\u00f3n<\/b> online en directo?<\/h2>\n<p class=\"mediumPad reducedWidth2\">Ofrecemos webinars gratuitos en los que puedes ver paso a paso y en directo c\u00f3mo nuestro equipo crea una publicaci\u00f3n digital desde el principio y la cuelga en la red.<\/p>\n<p class=\"webinarBtnContainer\"><a class=\"button attendWebinarBtn\" href=\"\/es\/webinar.html\">Asistir Webinar<\/a><\/p>\n<p class=\"btmImage\"><img decoding=\"async\" src=\"\/\/static.3dissue.com\/images\/stock\/iMacWebinar.jpg\" alt=\"For a free step by step guide on how to create your own digital publications, why not join a Webinar?\"><\/p>\n<\/div>\n<\/div>\n","protected":false},"excerpt":{"rendered":"<p>Alcance Global<br \/>\nCrea una publicaci\u00f3n digital que estar\u00e1 disponible para tus lectores all\u00e1 d\u00f3nde se encuentren ya sea en su m\u00f3vil, tableta u ordenador de escritorio. La utilizaci\u00f3n de HTML5 por parte de 3D Issue asegura que la publicaci\u00f3n est\u00e9 disponible para la m\u00e1s amplia audiencia y en todos los dispositivos. Reduce los costes de distribuci\u00f3n tanto de env\u00edo como de impresi\u00f3n manteniendo la experiencia de lectura y aumentando tus ingresos.<\/p>\n<p>\n<br ...\n<\/p>\n","protected":false},"author":1,"featured_media":0,"parent":0,"menu_order":0,"comment_status":"closed","ping_status":"closed","template":"template-landing-page-resp.php","meta":{"footnotes":""},"class_list":["post-31314","page","type-page","status-publish","hentry","wpautop"],"aioseo_notices":[],"_links":{"self":[{"href":"https:\/\/www.3dissue.com\/es\/wp-json\/wp\/v2\/pages\/31314","targetHints":{"allow":["GET"]}}],"collection":[{"href":"https:\/\/www.3dissue.com\/es\/wp-json\/wp\/v2\/pages"}],"about":[{"href":"https:\/\/www.3dissue.com\/es\/wp-json\/wp\/v2\/types\/page"}],"author":[{"embeddable":true,"href":"https:\/\/www.3dissue.com\/es\/wp-json\/wp\/v2\/users\/1"}],"replies":[{"embeddable":true,"href":"https:\/\/www.3dissue.com\/es\/wp-json\/wp\/v2\/comments?post=31314"}],"version-history":[{"count":0,"href":"https:\/\/www.3dissue.com\/es\/wp-json\/wp\/v2\/pages\/31314\/revisions"}],"wp:attachment":[{"href":"https:\/\/www.3dissue.com\/es\/wp-json\/wp\/v2\/media?parent=31314"}],"curies":[{"name":"wp","href":"https:\/\/api.w.org\/{rel}","templated":true}]}}