{"id":30348,"date":"2014-06-26T08:55:38","date_gmt":"2014-06-26T08:55:38","guid":{"rendered":"http:\/\/stage2.3dissue.com\/custom-apps-2.html"},"modified":"2018-10-12T11:46:50","modified_gmt":"2018-10-12T11:46:50","slug":"apps-corporativas","status":"publish","type":"page","link":"https:\/\/www.3dissue.com\/es\/apps-corporativas.html\/","title":{"rendered":"Apps"},"content":{"rendered":"<div style=\"display:none\" class=\"fancybox-hidden\">\n<div id=\"contact_form_request_demo_apps\" class=\"contact-form-popup\">\n<div class=\"wpcf7 no-js\" id=\"wpcf7-f60004-o1\" lang=\"en-US\" dir=\"ltr\" data-wpcf7-id=\"60004\">\n<div class=\"screen-reader-response\">\n<p role=\"status\" aria-live=\"polite\" aria-atomic=\"true\">\n<ul><\/ul>\n<\/div>\n<form action=\"\/es\/wp-json\/wp\/v2\/pages\/30348#wpcf7-f60004-o1\" method=\"post\" class=\"wpcf7-form init\" aria-label=\"Contact form\" novalidate=\"novalidate\" data-status=\"init\">\n<div style=\"display: none;\">\n<input type=\"hidden\" name=\"_wpcf7\" value=\"60004\" \/><br \/>\n<input type=\"hidden\" name=\"_wpcf7_version\" value=\"6.0.6\" \/><br \/>\n<input type=\"hidden\" name=\"_wpcf7_locale\" value=\"en_US\" \/><br \/>\n<input type=\"hidden\" name=\"_wpcf7_unit_tag\" value=\"wpcf7-f60004-o1\" \/><br \/>\n<input type=\"hidden\" name=\"_wpcf7_container_post\" value=\"0\" \/><br \/>\n<input type=\"hidden\" name=\"_wpcf7_posted_data_hash\" value=\"\" \/>\n<\/div>\n<div class=\"page-form\">\n<div class=\"title\">Sign Up<\/div>\n<div class=\"form-elements\">\n<div class=\"wpcf7-response-output\" aria-hidden=\"true\"><\/div>\n<p><span id=\"wpcf7-69f21ea98b250-wrapper\" class=\"wpcf7-form-control-wrap title-153-wrap\" style=\"display:none !important; visibility:hidden !important;\"><label for=\"wpcf7-69f21ea98b250-field\" class=\"hp-message\">Please leave this field empty.<\/label><input id=\"wpcf7-69f21ea98b250-field\"  class=\"wpcf7-form-control wpcf7-text\" type=\"text\" name=\"title-153\" value=\"\" size=\"40\" tabindex=\"-1\" autocomplete=\"new-password\" \/><\/span><\/p>\n<div class=\"label\">Your Name<span class=\"asterix\"><\/span><\/div>\n<div class=\"input tooltip\" title=\"Please enter your name here\">\n<span class=\"wpcf7-form-control-wrap\" data-name=\"your-name\"><input size=\"40\" maxlength=\"50\" class=\"wpcf7-form-control wpcf7-text wpcf7-validates-as-required rd-name\" aria-required=\"true\" aria-invalid=\"false\" value=\"\" type=\"text\" name=\"your-name\" \/><\/span>\n<\/div>\n<div class=\"label\">Your Work Email<span class=\"asterix\"><\/span><\/div>\n<div class=\"input tooltip\" title=\"Please enter your work email address here\">\n<span class=\"wpcf7-form-control-wrap\" data-name=\"your-email\"><input size=\"40\" maxlength=\"400\" class=\"wpcf7-form-control wpcf7-email wpcf7-validates-as-required wpcf7-text wpcf7-validates-as-email rd-email\" aria-required=\"true\" aria-invalid=\"false\" placeholder=\"\" value=\"\" type=\"email\" name=\"your-email\" \/><\/span>\n<\/div>\n<div class=\"label\">Your Company<span class=\"asterix\"><\/span><\/div>\n<div class=\"input tooltip\" title=\"Please enter your company name here\">\n<span class=\"wpcf7-form-control-wrap\" data-name=\"your-company\"><input size=\"40\" maxlength=\"100\" class=\"wpcf7-form-control wpcf7-text wpcf7-validates-as-required rd-company\" aria-required=\"true\" aria-invalid=\"false\" placeholder=\"\" value=\"\" type=\"text\" name=\"your-company\" \/><\/span>\n<\/div>\n<div class=\"phone-number-container\">\n<div class=\"label\">Your Phone Number<\/div>\n<div class=\"input tooltip\" title=\"If you would like us to give you a call, please enter your phone number here\">\n<div class=\"area-code\">\n<span class=\"wpcf7-form-control-wrap\" data-name=\"your-area-code\"><select class=\"wpcf7-form-control wpcf7-select area-code-selector\" aria-invalid=\"false\" name=\"your-area-code\"><option value=\"\">&#8212;Please choose an option&#8212;<\/option><\/select><\/span>\n<\/div>\n<div class=\"phone-number\">\n<span class=\"wpcf7-form-control-wrap\" data-name=\"your-phone\"><input size=\"40\" maxlength=\"50\" class=\"wpcf7-form-control wpcf7-tel wpcf7-text wpcf7-validates-as-tel rd-phone\" aria-invalid=\"false\" value=\"\" type=\"tel\" name=\"your-phone\" \/><\/span>\n<\/div>\n<\/div>\n<\/div>\n<\/div>\n<div class=\"footer\">\n<input class=\"wpcf7-form-control wpcf7-submit has-spinner button-send\" type=\"submit\" value=\"Send\" \/><\/p>\n<p><a href=\"\/terms.html\" data-mce-href=\"\/terms.html\" target=\"_blank\">Terms of Use<\/a> and <a href=\"\/privacy-policy.html\" data-mce-href=\"\/privacy-policy.html\" target=\"_blank\">Privacy Policy<\/a><\/p>\n<\/div>\n<\/div>\n<div class=\"page-thankyou\">\n<div class=\"title\">\n<img decoding=\"async\" src=\"\/\/static.3dissue.com\/images\/logos\/logo.png\"\/><\/p>\n<div>Thank you for your interest in 3D Issue Apps<\/div>\n<\/div>\n<div class=\"form-elements\">\n<div class=\"normal-text\">Your request has been forwarded to one of our team who will connect with you shortly to arrange a time that works for you.<\/div>\n<div class=\"small-text\">If you have any additional questions please feel free to call us on <b>+1 718 5696 212<\/b> or via email on <a href=\"mailto:sales@3dissue.com\">info@3dissue.com<\/a><\/div>\n<\/div>\n<div class=\"footer\">\n<input type=\"button\" class=\"button-close\" value=\"Close\">\n<\/div>\n<\/div>\n<\/form>\n<\/div>\n<\/div>\n<\/div>\n<div class=\"section group intro\">\n<div class=\"sectionContent varWidth center\">\n<h2 class=\"sectionHeading\">Los <b>Beneficios<\/b> clave de utilizar las Apps de 3D Issue<\/h2>\n<p class=\"mediumPad reducedWidth2 grey\">\n<div class=\"col span_1_of_5\"><img decoding=\"async\" src=\"\/\/static.3dissue.com\/images\/honeycombs\/apps\/mobileLrg.png\" alt=\"\"><\/p>\n<h3 class=\"normal mediumPadBoth\">Estrategia m\u00f3vil<\/h3>\n<p class=\"grey smallerFont\">Con un 80% de tu audiencia utilizando Apps frente a exploradores web, necesitas publicar un contenido que pueda verse a trav\u00e9s de Apps nativas.<\/p>\n<\/div>\n<div class=\"col span_1_of_5\"><img decoding=\"async\" src=\"\/\/static.3dissue.com\/images\/honeycombs\/apps\/unifyLrg.png\" alt=\"\"><\/p>\n<h3 class=\"normal mediumPadBoth\">Unificaci\u00f3n de contenido<\/h3>\n<p class=\"grey smallerFont\">Agrega el contenido disponible a trav\u00e9s de todas tus plataformas online. Blog, feeds, video, emails, alertas, Tweets, comentarios de Facebook y m\u00e1s.<\/p>\n<\/div>\n<div class=\"col span_1_of_5\"><img decoding=\"async\" src=\"\/\/static.3dissue.com\/images\/honeycombs\/apps\/instantLrg.png\" alt=\"\"><\/p>\n<h3 class=\"normal mediumPadBoth\">Sin necesidad de programar<\/h3>\n<p class=\"grey smallerFont\">Sigue la gu\u00eda paso a paso y tu App estar\u00e1 lista en minutos. Incluso nos ocupamos del proceso de aprobaci\u00f3n y del mantenimiento.<\/p>\n<\/div>\n<div class=\"col span_1_of_5\"><img decoding=\"async\" src=\"\/\/static.3dissue.com\/images\/honeycombs\/apps\/autoUpdateLrg.png\" alt=\"\"><\/p>\n<h3 class=\"normal mediumPadBoth\">Actualizaci\u00f3n autom\u00e1tica<\/h3>\n<p class=\"grey smallerFont\">A medida que a\u00f1ades contenido a tus canales de comunicaci\u00f3n, tu App se actualiza autom\u00e1ticamente en busca de contenido fresco para asegurarse de que tu audiencia est\u00e1 al d\u00eda.<\/p>\n<\/div>\n<div class=\"col span_1_of_5\"><img decoding=\"async\" src=\"\/\/static.3dissue.com\/images\/honeycombs\/apps\/crossPlatformLrg.png\" alt=\"\"><\/p>\n<h3 class=\"normal mediumPadBoth\">Multi-plataformas<\/h3>\n<p class=\"grey smallerFont\">3D Issue se asegura de que tu contenido est\u00e9 disponible tanto en iOS como en Android, sin importar el dispositivo que elija tu audiencia.<\/p>\n<\/div>\n<\/div>\n<\/div>\n<div class=\"section group\">\n<div id=\"samples\" class=\"sectionContent varWidth center samples\">\n<h2 class=\"sectionHeading\">Descarga nuestros <b>ejemplos<\/b> de Apps<\/h2>\n<p class=\"mediumPad grey reducedWidth2\">Mira algunas de las apps de nuestros clientes en la App Store y Google Play.<\/p>\n<div class=\"group\">\n<div class=\"col span_1_of_3\">\n<div class=\"center clientLogo\"><img decoding=\"async\" src=\"\/\/static.3dissue.com\/images\/apps\/ebaylogo.png\" alt=\"eBay logo\" \/><\/div>\n<div class=\"sampleCover center\"><img decoding=\"async\" src=\"\/\/static.3dissue.com\/images\/apps\/ebayapp.png\" alt=\"eBay App Preview\" \/><\/div>\n<div class=\"center group\">\n<div class=\"col span_1_of_2\"><a class=\"sample-link\" href=\"https:\/\/play.google.com\/store\/apps\/details?id=com.dissue.weareebay\" target=\"_blank\"><img decoding=\"async\" src=\"\/\/static.3dissue.com\/images\/apps\/googleplay.png\" alt=\"Abrir Google Play para ver la app de eBay\" \/><\/a><\/div>\n<div class=\"col span_1_of_2\"><a class=\"sample-link\" href=\"https:\/\/itunes.apple.com\/us\/app\/we-are-ebay\/id1005616365?ls=1&#038;mt=8\" target=\"_blank\"><img decoding=\"async\" src=\"\/\/static.3dissue.com\/images\/apps\/appstore.png\" alt=\"Abrir App Store para ver la app de eBay\" \/><\/a><\/div>\n<\/div>\n<\/div>\n<div class=\"col span_1_of_3\">\n<div class=\"center clientLogo\"><img decoding=\"async\" src=\"\/\/static.3dissue.com\/images\/apps\/fqlogo.png\" alt=\"FQ magazine logo\" \/><\/div>\n<div class=\"sampleCover center\"><img decoding=\"async\" src=\"\/\/static.3dissue.com\/images\/apps\/fq.png\" alt=\"FQ magazine App Preview\" \/><\/div>\n<div class=\"center group\">\n<div class=\"col span_1_of_2\"><a class=\"sample-link\" href=\"https:\/\/play.google.com\/store\/apps\/details?id=com.dissue.fqmagazine&#038;hl=en\" target=\"_blank\"><img decoding=\"async\" src=\"\/\/static.3dissue.com\/images\/apps\/googleplay.png\" alt=\"Abrir Google Play para ver la app de la Revista FQ\" \/><\/a><\/div>\n<div class=\"col span_1_of_2\"><a class=\"sample-link\" href=\"https:\/\/itunes.apple.com\/us\/app\/fq-magazine\/id1179732293?ls=1&#038;mt=8\" target=\"_blank\"><img decoding=\"async\" src=\"\/\/static.3dissue.com\/images\/apps\/appstore.png\" alt=\"Abrir App Store para ver la app de la Revista FQ\" \/><\/a><\/div>\n<\/div>\n<\/div>\n<div class=\"col span_1_of_3\">\n<div class=\"center clientLogo\"><img decoding=\"async\" src=\"\/\/static.3dissue.com\/images\/apps\/wackerneusonlogo.png\" alt=\"Wacker Neuson logo\" \/><\/div>\n<div class=\"sampleCover center\"><img decoding=\"async\" src=\"\/\/static.3dissue.com\/images\/apps\/wackerneuson.png\" alt=\"Wacker Neuson App Preview\" \/><\/div>\n<div class=\"center group\">\n<div class=\"col span_1_of_2\"><a class=\"sample-link\" href=\"https:\/\/play.google.com\/store\/apps\/details?id=com.dissue.wackerneusonhub&#038;hl=en\" target=\"_blank\"><img decoding=\"async\" src=\"\/\/static.3dissue.com\/images\/apps\/googleplay.png\" alt=\"Abrir Google Play para ver la app de Wacker Neuson\" \/><\/a><\/div>\n<div class=\"col span_1_of_2\"><a class=\"sample-link\" href=\"https:\/\/itunes.apple.com\/us\/app\/wacker-neuson-hub\/id932362030?mt=8\" target=\"_blank\"><img decoding=\"async\" src=\"\/\/static.3dissue.com\/images\/apps\/appstore.png\" alt=\"Abrir la App Store para ver app de Wacker Neuson\" \/><\/a><\/div>\n<\/div>\n<\/div>\n<\/div>\n<\/div>\n<\/div>\n<div id=\"appFeatures\" class=\"section group\">\n<div id=\"flipbooks\" class=\"sectionContent varWidth center\">\n<p class=\"sectionLogo\"><img decoding=\"async\" src=\"\/\/static.3dissue.com\/images\/logos\/appsSmall.png\" alt=\"\"><\/p>\n<h2 class=\"sectionHeading\">3D Issue <b>Apps<\/b><\/h2>\n<p class=\"mediumPad grey reducedWidth3\">3D Issue Apps es una plataforma online que permite la creaci\u00f3n y publicaci\u00f3n de apps nativas propias para iPad, iPhone o Android. No es necesario saber programar y su uso es tan sencillo que podr\u00e1s centrarte en lo que es de verdad importante. <\/p>\n<p style=\"margin-bottom:0;\"><img decoding=\"async\" src=\"\/\/static.3dissue.com\/images\/stock\/iPadLrg.jpg\" alt=\"\" class=\"largePad\"><\/p>\n<div class=\"group\">\n<div class=\"col span_1_of_3 productInfoHoneycomb textLeft\" style=\"margin-top:0;\">\n<div class=\"group\">\n<div class=\"col span_1_of_5\"><img decoding=\"async\" src=\"\/\/static.3dissue.com\/images\/honeycombs\/apps\/cross_platform.png\" alt=\"\"><\/div>\n<div class=\"col span_4_of_5 paddedFeature\">\n<h3>Multi-plataforma<\/h3>\n<p>Crea Apps para iPad, iPhone y Android.<\/p>\n<\/div>\n<\/div>\n<\/div>\n<div class=\"col span_1_of_3 productInfoHoneycomb textLeft\" style=\"margin-top:0;\">\n<div class=\"group\">\n<div class=\"col span_1_of_5\"><img decoding=\"async\" src=\"\/\/static.3dissue.com\/images\/honeycombs\/apps\/instant_app.png\" alt=\"\"><\/div>\n<div class=\"col span_4_of_5 paddedFeature\">\n<h3>Creaci\u00f3n de App instant\u00e1nea<\/h3>\n<p>Simplemente a\u00f1ade tus im\u00e1genes, logo y fuentes de contenido y ya est\u00e1s listo.<\/p>\n<\/div>\n<\/div>\n<\/div>\n<div class=\"col span_1_of_3 productInfoHoneycomb textLeft\" style=\"margin-top:0;\">\n<div class=\"group\">\n<div class=\"col span_1_of_5\"><img decoding=\"async\" src=\"\/\/static.3dissue.com\/images\/honeycombs\/apps\/centralize.png\" alt=\"\"><\/div>\n<div class=\"col span_4_of_5 paddedFeature\">\n<h3>Centraliza <\/h3>\n<p>Utiliza tu contenido de marketing disponible en tu blog, feeds, alertas y plataformas de redes sociales para actualizar el contenido de tu App.<\/p>\n<\/div>\n<\/div>\n<\/div>\n<\/div>\n<div class=\"group\">\n<div class=\"col span_1_of_3 productInfoHoneycomb textLeft\">\n<div class=\"group\">\n<div class=\"col span_1_of_5\"><img decoding=\"async\" src=\"\/\/static.3dissue.com\/images\/honeycombs\/apps\/auto_updating.png\" alt=\"\"><\/div>\n<div class=\"col span_4_of_5 paddedFeature\">\n<h3>Auto \u2013 actualizaci\u00f3n<\/h3>\n<p>Nuestro motor para App comprueba de forma continua las fuentes de informaci\u00f3n para a\u00f1adir cualquier novedad de forma autom\u00e1tica. Tu audiencia siempre estar\u00e1 al d\u00eda.  <\/p>\n<\/div>\n<\/div>\n<\/div>\n<div class=\"col span_1_of_3 productInfoHoneycomb textLeft\">\n<div class=\"group\">\n<div class=\"col span_1_of_5\"><img decoding=\"async\" src=\"\/\/static.3dissue.com\/images\/honeycombs\/apps\/collaborate.png\" alt=\"\"><\/div>\n<div class=\"col span_4_of_5 paddedFeature\">\n<h3>Collaboraci\u00f3n<\/h3>\n<p>Permite que tu equipo colabore en las publicaciones autorizando el env\u00edo de art\u00edculos a la publicaci\u00f3n a trav\u00e9s del uso de determinados correos electr\u00f3nicos.<\/p>\n<\/div>\n<\/div>\n<\/div>\n<div class=\"col span_1_of_3 productInfoHoneycomb textLeft\">\n<div class=\"group\">\n<div class=\"col span_1_of_5\"><img decoding=\"async\" src=\"\/\/static.3dissue.com\/images\/honeycombs\/apps\/blog.png\" alt=\"\"><\/div>\n<div class=\"col span_4_of_5 paddedFeature\">\n<h3>Integraci\u00f3n Blog<\/h3>\n<p>A\u00f1ade la direcci\u00f3n URL de tu Blog, 3D Issue App extraer\u00e1 los art\u00edculos y crear\u00e1 la App basada en este contenido.<\/p>\n<\/div>\n<\/div>\n<\/div>\n<\/div>\n<div class=\"group\">\n<div class=\"col span_1_of_3 productInfoHoneycomb textLeft\" style=\"margin-top:0;\">\n<div class=\"group\">\n<div class=\"col span_1_of_5\"><img decoding=\"async\" src=\"\/\/static.3dissue.com\/images\/honeycombs\/apps\/cloud_storage.png\" alt=\"\"><\/div>\n<div class=\"col span_4_of_5 paddedFeature\">\n<h3>Almacenamiento en la Nube<\/h3>\n<p>3D Issue rastrea y absorbe tu contenido a nuestro r\u00e1pido y seguro servidor en la nube para asegurarnos de que tu audiencia recibe r\u00e1pidamente la informaci\u00f3n en la app. <\/p>\n<\/div>\n<\/div>\n<\/div>\n<div class=\"col span_1_of_3 productInfoHoneycomb textLeft\" style=\"margin-top:0;\">\n<div class=\"group\">\n<div class=\"col span_1_of_5\"><img decoding=\"async\" src=\"\/\/static.3dissue.com\/images\/honeycombs\/apps\/stats.png\" alt=\"\"><\/div>\n<div class=\"col span_4_of_5 paddedFeature\">\n<h3>Estad\u00edsticas<\/h3>\n<p>Obt\u00e9n estad\u00edsticas en profundidad sobre el comportamiento de tu audiencia y sobre c\u00f3mo interact\u00faan con tu contenido.<\/p>\n<\/div>\n<\/div>\n<\/div>\n<div class=\"col span_1_of_3 productInfoHoneycomb textLeft\" style=\"margin-top:0;\">\n<div class=\"group\">\n<div class=\"col span_1_of_5\"><img decoding=\"async\" src=\"\/\/static.3dissue.com\/images\/honeycombs\/apps\/trending.png\" alt=\"\"><\/div>\n<div class=\"col span_4_of_5 paddedFeature\">\n<h3>Notcias trending <\/h3>\n<p>Crea tu propio lector de noticias con las herramientas integradas de noticias trending y alertas.<\/p>\n<\/div>\n<\/div>\n<\/div>\n<\/div>\n<div class=\"group\">\n<div class=\"col span_1_of_3 productInfoHoneycomb textLeft\" style=\"margin-top:0;\">\n<div class=\"group\">\n<div class=\"col span_1_of_5\"><img decoding=\"async\" src=\"\/\/static.3dissue.com\/images\/honeycombs\/apps\/facebook.png\" alt=\"\"><\/div>\n<div class=\"col span_4_of_5 paddedFeature\">\n<h3>Integraci\u00f3n con Facebook<\/h3>\n<p>A\u00f1ade el contenido que has compartido y los post de Facebook directamente a tu App.<\/p>\n<\/div>\n<\/div>\n<\/div>\n<div class=\"col span_1_of_3 productInfoHoneycomb textLeft\" style=\"margin-top:0;\">\n<div class=\"group\">\n<div class=\"col span_1_of_5\"><img decoding=\"async\" src=\"\/\/static.3dissue.com\/images\/honeycombs\/apps\/embed_video.png\" alt=\"\"><\/div>\n<div class=\"col span_4_of_5 paddedFeature\">\n<h3>Inserta Video<\/h3>\n<p>A\u00f1ade clips y playlists de tu canal de YouTube. <\/p>\n<\/div>\n<\/div>\n<\/div>\n<div class=\"col span_1_of_3 productInfoHoneycomb textLeft\" style=\"margin-top:0;\">\n<div class=\"group\">\n<div class=\"col span_1_of_5\"><img decoding=\"async\" src=\"\/\/static.3dissue.com\/images\/honeycombs\/apps\/twitter.png\" alt=\"\"><\/div>\n<div class=\"col span_4_of_5 paddedFeature\">\n<h3>Integraci\u00f3n con Twitter<\/h3>\n<p>Informa a tu audiencia sobre lo que le interesa destacando tus tweets y retweets.  <\/p>\n<\/div>\n<\/div>\n<\/div>\n<\/div>\n<div class=\"group\">\n<div class=\"col span_1_of_3 productInfoHoneycomb textLeft\" style=\"margin-top:0;\">\n<div class=\"group\">\n<div class=\"col span_1_of_5\"><img decoding=\"async\" src=\"\/\/static.3dissue.com\/images\/honeycombs\/apps\/photos.png\" alt=\"\"><\/div>\n<div class=\"col span_4_of_5 paddedFeature\">\n<h3>Fotos<\/h3>\n<p>A\u00f1ade im\u00e1genes y galer\u00edas con Flickr e Instagram de forma instant\u00e1nea<\/p>\n<\/div>\n<\/div>\n<\/div>\n<div class=\"col span_1_of_3 productInfoHoneycomb textLeft\" style=\"margin-top:0;\">\n<div class=\"group\">\n<div class=\"col span_1_of_5\"><img decoding=\"async\" src=\"\/\/static.3dissue.com\/images\/honeycombs\/apps\/social_sharing.png\" alt=\"\"><\/div>\n<div class=\"col span_4_of_5 paddedFeature\">\n<h3>Redes Sociales<\/h3>\n<p>Permite que tu audiencia dirija un mayor tr\u00e1fico a tu contenido habilitando las opciones para compartir links en redes sociales. <\/p>\n<\/div>\n<\/div>\n<\/div>\n<div class=\"col span_1_of_3 productInfoHoneycomb textLeft\" style=\"margin-top:0;\">\n<div class=\"group\">\n<div class=\"col span_1_of_5\"><img decoding=\"async\" src=\"\/\/static.3dissue.com\/images\/honeycombs\/apps\/documents.png\" alt=\"\"><\/div>\n<div class=\"col span_4_of_5 paddedFeature\">\n<h3>Documentos<\/h3>\n<p>A\u00f1ade tus documentos y presentaciones a trav\u00e9s de nuestra API para SlideShare. Simplemente tienes que introducir el nombre de tu cuenta y se a\u00f1adir\u00e1n todos los documentos al momento. <\/p>\n<\/div>\n<\/div>\n<\/div>\n<\/div>\n<div class=\"group\">\n<div class=\"col span_1_of_3 productInfoHoneycomb textLeft\" style=\"margin-top:0;\">\n<div class=\"group\">\n<div class=\"col span_1_of_5\"><img decoding=\"async\" src=\"\/\/static.3dissue.com\/images\/honeycombs\/apps\/flipping_book.png\" alt=\"\"><\/div>\n<div class=\"col span_4_of_5 paddedFeature\">\n<h3>Flipbooks<\/h3>\n<p>A\u00f1ade el flipbook creado con 3D Issue a tu App al instante.<\/p>\n<\/div>\n<\/div>\n<\/div>\n<div class=\"col span_1_of_3 productInfoHoneycomb textLeft\" style=\"margin-top:0;\">\n<div class=\"group\">\n<div class=\"col span_1_of_5\"><img decoding=\"async\" src=\"\/\/static.3dissue.com\/images\/honeycombs\/apps\/edit.png\" alt=\"\"><\/div>\n<div class=\"col span_4_of_5 paddedFeature\">\n<h3>Edici\u00f3n en vivo<\/h3>\n<p>A\u00f1ade, edita y elimina art\u00edculos en vivo desde tu app a trav\u00e9s del editor. <\/p>\n<\/div>\n<\/div>\n<\/div>\n<div class=\"col span_1_of_3 productInfoHoneycomb textLeft\" style=\"margin-top:0;\">\n<div class=\"group\">\n<div class=\"col span_1_of_5\"><img decoding=\"async\" src=\"\/\/static.3dissue.com\/images\/honeycombs\/apps\/no_coding.png\" alt=\"\"><\/div>\n<div class=\"col span_4_of_5 paddedFeature\">\n<h3>Sin Necesidad de programar<\/h3>\n<p>Sigue los sencillos pasos y tu App estar\u00e1 lista en minutos<\/p>\n<\/div>\n<\/div>\n<\/div>\n<\/div>\n<\/div>\n<\/div>\n<div class=\"section group reviewBG\">\n<div class=\"sectionContent varWidth center\">\n<h2>Nuestros <b>clientes<\/b> tienen mucho que decir sobre nosotros<\/h2>\n<p class=\"mediumPad reducedWidth2 grey\">Valoramos mucho las opiniones de nuestros clientes y agradecemos cualquier feedback y sugerencia sobre las caracter\u00edsticas del software.<\/p>\n<p class=\"reviewPadding\"><img decoding=\"async\" src=\"\/\/static.3dissue.com\/images\/reviews\/ebay-review-es.png\" alt=\"Review from eBay\"><\/p>\n<p><img decoding=\"async\" src=\"\/\/static.3dissue.com\/images\/reviews\/ebay.png\" alt=\"eBay Logo\"><\/p>\n<p class=\"smallerFont\"><b>Sara Luker<\/b><br \/>eBay<\/p>\n<p><img decoding=\"async\" src=\"\/\/static.3dissue.com\/images\/reviews\/rating5.png\" alt=\"5 star review\"><\/p>\n<\/div>\n<p class=\"clear center\"><a class=\"button readMore\" href=\"\/es\/testimonios-revista-digital.html\">Sigue leyendo opiniones<\/a><\/p>\n<\/div>\n<\/div>\n","protected":false},"excerpt":{"rendered":"<p>\nLos Beneficios clave de utilizar las Apps de 3D Issue<\/p>\n<p>\nEstrategia m\u00f3vil<br \/>\nCon un 80% de tu audiencia utilizando Apps frente a exploradores web, necesitas publicar un contenido que pueda verse a trav\u00e9s de Apps nativas.<\/p>\n<p>\nUnificaci\u00f3n de contenido<br \/>\nAgrega el contenido disponible a trav\u00e9s de todas tus plataformas online. Blog, feeds, video, emails, alertas, Tweets, comentarios de Facebook y m\u00e1s.<\/p>\n<p>\nSin necesidad de programar<br \/>\nSigue la gu\u00eda paso &#8230;<\/p>\n","protected":false},"author":1,"featured_media":0,"parent":0,"menu_order":0,"comment_status":"closed","ping_status":"closed","template":"template-product-page.php","meta":{"footnotes":""},"class_list":["post-30348","page","type-page","status-publish","hentry","wpautop"],"aioseo_notices":[],"_links":{"self":[{"href":"https:\/\/www.3dissue.com\/es\/wp-json\/wp\/v2\/pages\/30348","targetHints":{"allow":["GET"]}}],"collection":[{"href":"https:\/\/www.3dissue.com\/es\/wp-json\/wp\/v2\/pages"}],"about":[{"href":"https:\/\/www.3dissue.com\/es\/wp-json\/wp\/v2\/types\/page"}],"author":[{"embeddable":true,"href":"https:\/\/www.3dissue.com\/es\/wp-json\/wp\/v2\/users\/1"}],"replies":[{"embeddable":true,"href":"https:\/\/www.3dissue.com\/es\/wp-json\/wp\/v2\/comments?post=30348"}],"version-history":[{"count":3,"href":"https:\/\/www.3dissue.com\/es\/wp-json\/wp\/v2\/pages\/30348\/revisions"}],"predecessor-version":[{"id":63734,"href":"https:\/\/www.3dissue.com\/es\/wp-json\/wp\/v2\/pages\/30348\/revisions\/63734"}],"wp:attachment":[{"href":"https:\/\/www.3dissue.com\/es\/wp-json\/wp\/v2\/media?parent=30348"}],"curies":[{"name":"wp","href":"https:\/\/api.w.org\/{rel}","templated":true}]}}