{"id":29797,"date":"2012-09-14T13:48:59","date_gmt":"2012-09-14T13:48:59","guid":{"rendered":"http:\/\/stage2.3dissue.com\/seo-digital-publications-2.html"},"modified":"2017-09-15T12:59:58","modified_gmt":"2017-09-15T12:59:58","slug":"publicaciones-digitales-seo","status":"publish","type":"page","link":"https:\/\/www.3dissue.com\/es\/recursos\/publicaciones-digitales-seo.html\/","title":{"rendered":"Publicaci\u00f3n Digital &#038; T\u00e9cnicas SEO"},"content":{"rendered":"<div class=\"section group intro\">\n<div class=\"sectionContent varWidth center guideForm\">\n<h2 id=\"guideTitle\">Publicaci\u00f3n Digital &#038; T\u00e9cnicas SEO<\/h2>\n<p class=\"grey\">Has trabajado duro para crear tu publicaci\u00f3n digital con un contenido \u00fanico, interactividad y un fant\u00e1stico dise\u00f1o para tus lectores, as\u00ed que \u00a1es importante que te encuentren! La gu\u00eda cubre:<\/p>\n<p class=\"grey\">\n&#8211; La importancia de las t\u00e9cnicas SEO<br \/>\n&#8211; Las ventajas y dificultades de las t\u00e9cnicas SEO<br \/>\n&#8211; C\u00f3mo optimizar tus publicaciones digitales para los buscadores\n<\/p>\n<div class=\"col span_1_of_2 coverContainer\">\n<p><img decoding=\"async\" src=\"\/\/static.3dissue.com\/images\/guides\/covers\/publishing\/digital-publishing-seo_large.png\" alt=\"Digital publishing and SEO ebook optimization\"><\/p>\n<\/div>\n<div class=\"col span_1_of_2 formContainer\">\n<div class=\"wpcf7 no-js\" id=\"wpcf7-f29867-o1\" lang=\"\" dir=\"ltr\" data-wpcf7-id=\"29867\">\n<div class=\"screen-reader-response\">\n<p role=\"status\" aria-live=\"polite\" aria-atomic=\"true\">\n<ul><\/ul>\n<\/div>\n<form action=\"\/es\/wp-json\/wp\/v2\/pages\/29797#wpcf7-f29867-o1\" method=\"post\" class=\"wpcf7-form init\" aria-label=\"Contact form\" novalidate=\"novalidate\" data-status=\"init\">\n<div style=\"display: none;\">\n<input type=\"hidden\" name=\"_wpcf7\" value=\"29867\" \/><br \/>\n<input type=\"hidden\" name=\"_wpcf7_version\" value=\"6.0.6\" \/><br \/>\n<input type=\"hidden\" name=\"_wpcf7_locale\" value=\"\" \/><br \/>\n<input type=\"hidden\" name=\"_wpcf7_unit_tag\" value=\"wpcf7-f29867-o1\" \/><br \/>\n<input type=\"hidden\" name=\"_wpcf7_container_post\" value=\"0\" \/><br \/>\n<input type=\"hidden\" name=\"_wpcf7_posted_data_hash\" value=\"\" \/>\n<\/div>\n<div class=\"embeddedcf\">\n<p>\n<span id=\"wpcf7-69e15e00f0dd4-wrapper\" class=\"wpcf7-form-control-wrap your-title-348-wrap\" style=\"display:none !important; visibility:hidden !important;\"><label for=\"wpcf7-69e15e00f0dd4-field\" class=\"hp-message\">Please leave this field empty.<\/label><input id=\"wpcf7-69e15e00f0dd4-field\"  class=\"wpcf7-form-control wpcf7-text\" type=\"text\" name=\"your-title-348\" value=\"\" size=\"40\" tabindex=\"-1\" autocomplete=\"new-password\" \/><\/span><\/p>\n<p><span class=\"nameLbl\">Nombre <span>*<\/span><\/span><span class=\"wpcf7-form-control-wrap\" data-name=\"your-name\"><input size=\"40\" maxlength=\"400\" class=\"wpcf7-form-control wpcf7-text wpcf7-validates-as-required nameInput\" aria-required=\"true\" aria-invalid=\"false\" value=\"\" type=\"text\" name=\"your-name\" \/><\/span><\/p>\n<p><span class=\"emailLbl\">Email <span>*<\/span><\/span><span class=\"wpcf7-form-control-wrap\" data-name=\"your-email\"><input size=\"40\" maxlength=\"400\" class=\"wpcf7-form-control wpcf7-email wpcf7-validates-as-required wpcf7-text wpcf7-validates-as-email emailInput\" aria-required=\"true\" aria-invalid=\"false\" value=\"\" type=\"email\" name=\"your-email\" \/><\/span><a style=\"font-size: 0.70em;\" href=\"\/es\/privacy-policy.html\" data-mce-href=\"\/es\/privacy-policy.html\" target=\"_blank\">Pol\u00edtica de Privacidad<\/a><\/p>\n<p><span id=\"wpcf7-69e15e00f0e74-wrapper\" class=\"wpcf7-form-control-wrap your-url-898-wrap\" style=\"display:none !important; visibility:hidden !important;\"><label for=\"wpcf7-69e15e00f0e74-field\" class=\"hp-message\">Please leave this field empty.<\/label><input id=\"wpcf7-69e15e00f0e74-field\"  class=\"wpcf7-form-control wpcf7-text\" type=\"text\" name=\"your-url-898\" value=\"\" size=\"40\" tabindex=\"-1\" autocomplete=\"new-password\" \/><\/span><\/p>\n<p><input class=\"wpcf7-form-control wpcf7-submit has-spinner button\" type=\"submit\" value=\"DESCARGAR GRATIS MI E-BOOK\" \/><\/p>\n<\/div>\n<div class=\"wpcf7-response-output\" aria-hidden=\"true\"><\/div>\n<\/form>\n<\/div>\n<\/div>\n<\/div>\n<\/div>\n","protected":false},"excerpt":{"rendered":"<p>Publicaci\u00f3n Digital &#038; T\u00e9cnicas SEO<br \/>\nHas trabajado duro para crear tu publicaci\u00f3n digital con un contenido \u00fanico, interactividad y un fant\u00e1stico dise\u00f1o para tus lectores, as\u00ed que \u00a1es importante que te encuentren! La gu\u00eda cubre:<\/p>\n<p>&#8211; La importancia de las t\u00e9cnicas SEO<br \/>\n&#8211; Las ventajas y dificultades de las t\u00e9cnicas SEO<br \/>\n&#8211; C\u00f3mo optimizar tus publicaciones digitales para los buscadores<\/p>\n","protected":false},"author":1,"featured_media":0,"parent":7853,"menu_order":0,"comment_status":"open","ping_status":"closed","template":"template-guides.php","meta":{"footnotes":""},"class_list":["post-29797","page","type-page","status-publish","hentry","wpautop"],"aioseo_notices":[],"_links":{"self":[{"href":"https:\/\/www.3dissue.com\/es\/wp-json\/wp\/v2\/pages\/29797","targetHints":{"allow":["GET"]}}],"collection":[{"href":"https:\/\/www.3dissue.com\/es\/wp-json\/wp\/v2\/pages"}],"about":[{"href":"https:\/\/www.3dissue.com\/es\/wp-json\/wp\/v2\/types\/page"}],"author":[{"embeddable":true,"href":"https:\/\/www.3dissue.com\/es\/wp-json\/wp\/v2\/users\/1"}],"replies":[{"embeddable":true,"href":"https:\/\/www.3dissue.com\/es\/wp-json\/wp\/v2\/comments?post=29797"}],"version-history":[{"count":1,"href":"https:\/\/www.3dissue.com\/es\/wp-json\/wp\/v2\/pages\/29797\/revisions"}],"predecessor-version":[{"id":54183,"href":"https:\/\/www.3dissue.com\/es\/wp-json\/wp\/v2\/pages\/29797\/revisions\/54183"}],"up":[{"embeddable":true,"href":"https:\/\/www.3dissue.com\/es\/wp-json\/wp\/v2\/pages\/7853"}],"wp:attachment":[{"href":"https:\/\/www.3dissue.com\/es\/wp-json\/wp\/v2\/media?parent=29797"}],"curies":[{"name":"wp","href":"https:\/\/api.w.org\/{rel}","templated":true}]}}