{"id":29787,"date":"2013-04-25T14:16:17","date_gmt":"2013-04-25T14:16:17","guid":{"rendered":"http:\/\/stage2.3dissue.com\/7-mistakes-to-avoid-when-using-online-magazine-software-2.html"},"modified":"2016-12-20T14:21:46","modified_gmt":"2016-12-20T14:21:46","slug":"7-errores-evitar-utilizando-software-revista-online","status":"publish","type":"page","link":"https:\/\/www.3dissue.com\/es\/recursos\/7-errores-evitar-utilizando-software-revista-online.html\/","title":{"rendered":"7 Errores a evitar con un Software de Revistas Digitales"},"content":{"rendered":"<div class=\"section group intro\">\n<div class=\"sectionContent varWidth center guideForm\">\n<h1 id=\"guideTitle\">7 Errores a evitar cuando utilizas un Software de Revistas Digitales<\/h1>\n<p class=\"grey\">Todo el mundo comete errores, pero \u00bfno ser\u00eda perfecto si alguien nos ense\u00f1ara c\u00f3mo evitarlos antes? Tanto si eres nuevo en la publicaci\u00f3n de revistas como si eres un profesional consagrado, esta gu\u00eda har\u00e1 precisamente eso. Te habla de:<\/p>\n<p class=\"grey\">\n&#8211; C\u00f3mo dise\u00f1ar revistas para todas las plataformas<br \/>\n&#8211; Publicando contenido interesante y atractivo<br \/>\n&#8211; C\u00f3mo ser original<br \/>\n&#8211; Por qu\u00e9 deber\u00edas evitar largos tiempos de carga<br \/>\n&#8211; C\u00f3mo ser creativo<br \/>\n&#8211; Gu\u00edas para crear dise\u00f1os adaptables para tus revistas<br \/>\n&#8211; C\u00f3mo maximizar las posibilidades de que tus revistas aparezcan en los buscadores\n<\/p>\n<div class=\"col span_1_of_2 coverContainer\">\n<p><img decoding=\"async\" src=\"\/\/static.3dissue.com\/images\/guides\/covers\/publishing\/mistakes-to-avoid-online-magazine-software_large.png\" alt=\"Mistakes to avoid when using online magazine software\"><\/p>\n<\/div>\n<div class=\"col span_1_of_2 formContainer\">\n<div class=\"wpcf7 no-js\" id=\"wpcf7-f29866-o1\" lang=\"\" dir=\"ltr\" data-wpcf7-id=\"29866\">\n<div class=\"screen-reader-response\">\n<p role=\"status\" aria-live=\"polite\" aria-atomic=\"true\">\n<ul><\/ul>\n<\/div>\n<form action=\"\/es\/wp-json\/wp\/v2\/pages\/29787#wpcf7-f29866-o1\" method=\"post\" class=\"wpcf7-form init\" aria-label=\"Contact form\" novalidate=\"novalidate\" data-status=\"init\">\n<div style=\"display: none;\">\n<input type=\"hidden\" name=\"_wpcf7\" value=\"29866\" \/><br \/>\n<input type=\"hidden\" name=\"_wpcf7_version\" value=\"6.0.6\" \/><br \/>\n<input type=\"hidden\" name=\"_wpcf7_locale\" value=\"\" \/><br \/>\n<input type=\"hidden\" name=\"_wpcf7_unit_tag\" value=\"wpcf7-f29866-o1\" \/><br \/>\n<input type=\"hidden\" name=\"_wpcf7_container_post\" value=\"0\" \/><br \/>\n<input type=\"hidden\" name=\"_wpcf7_posted_data_hash\" value=\"\" \/>\n<\/div>\n<div class=\"embeddedcf\">\n<p>\n<span id=\"wpcf7-69d5f4532974e-wrapper\" class=\"wpcf7-form-control-wrap your-title-344-wrap\" style=\"display:none !important; visibility:hidden !important;\"><label for=\"wpcf7-69d5f4532974e-field\" class=\"hp-message\">Please leave this field empty.<\/label><input id=\"wpcf7-69d5f4532974e-field\"  class=\"wpcf7-form-control wpcf7-text\" type=\"text\" name=\"your-title-344\" value=\"\" size=\"40\" tabindex=\"-1\" autocomplete=\"new-password\" \/><\/span><\/p>\n<p><span class=\"nameLbl\">Nombre <span>*<\/span><\/span><span class=\"wpcf7-form-control-wrap\" data-name=\"your-name\"><input size=\"40\" maxlength=\"400\" class=\"wpcf7-form-control wpcf7-text wpcf7-validates-as-required nameInput\" aria-required=\"true\" aria-invalid=\"false\" value=\"\" type=\"text\" name=\"your-name\" \/><\/span><\/p>\n<p><span class=\"emailLbl\">Email <span>*<\/span><\/span><span class=\"wpcf7-form-control-wrap\" data-name=\"your-email\"><input size=\"40\" maxlength=\"400\" class=\"wpcf7-form-control wpcf7-email wpcf7-validates-as-required wpcf7-text wpcf7-validates-as-email emailInput\" aria-required=\"true\" aria-invalid=\"false\" value=\"\" type=\"email\" name=\"your-email\" \/><\/span><a style=\"font-size: 0.70em;\" href=\"\/es\/privacy-policy.html\" data-mce-href=\"\/es\/privacy-policy.html\" target=\"_blank\">Pol\u00edtica de Privacidad<\/a><\/p>\n<p><span id=\"wpcf7-69d5f4532980e-wrapper\" class=\"wpcf7-form-control-wrap your-company-543-wrap\" style=\"display:none !important; visibility:hidden !important;\"><label for=\"wpcf7-69d5f4532980e-field\" class=\"hp-message\">Please leave this field empty.<\/label><input id=\"wpcf7-69d5f4532980e-field\"  class=\"wpcf7-form-control wpcf7-text\" type=\"text\" name=\"your-company-543\" value=\"\" size=\"40\" tabindex=\"-1\" autocomplete=\"new-password\" \/><\/span><\/p>\n<p><input class=\"wpcf7-form-control wpcf7-submit has-spinner button\" type=\"submit\" value=\"DESCARGAR GRATIS MI E-BOOK\" \/><\/p>\n<\/div>\n<div class=\"wpcf7-response-output\" aria-hidden=\"true\"><\/div>\n<\/form>\n<\/div>\n<\/div>\n<\/div>\n<\/div>\n","protected":false},"excerpt":{"rendered":"<p>7 Errores a evitar cuando utilizas un Software de Revistas Digitales<br \/>\nTodo el mundo comete errores, pero \u00bfno ser\u00eda perfecto si alguien nos ense\u00f1ara c\u00f3mo evitarlos antes? Tanto si eres nuevo en la publicaci\u00f3n de revistas como si eres un profesional consagrado, esta gu\u00eda har\u00e1 precisamente eso. Te habla de:<\/p>\n<p>&#8211; C\u00f3mo dise\u00f1ar revistas para todas las plataformas<br \/>\n&#8211; Publicando contenido interesante y atractivo<br \/>\n&#8211; C\u00f3mo ser original<br \/>\n&#8211; Por qu\u00e9 deber\u00edas evitar largos tiempos de carga<br ...\n<\/p>\n","protected":false},"author":1,"featured_media":0,"parent":7853,"menu_order":0,"comment_status":"closed","ping_status":"closed","template":"template-guides.php","meta":{"footnotes":""},"class_list":["post-29787","page","type-page","status-publish","hentry","wpautop"],"aioseo_notices":[],"_links":{"self":[{"href":"https:\/\/www.3dissue.com\/es\/wp-json\/wp\/v2\/pages\/29787","targetHints":{"allow":["GET"]}}],"collection":[{"href":"https:\/\/www.3dissue.com\/es\/wp-json\/wp\/v2\/pages"}],"about":[{"href":"https:\/\/www.3dissue.com\/es\/wp-json\/wp\/v2\/types\/page"}],"author":[{"embeddable":true,"href":"https:\/\/www.3dissue.com\/es\/wp-json\/wp\/v2\/users\/1"}],"replies":[{"embeddable":true,"href":"https:\/\/www.3dissue.com\/es\/wp-json\/wp\/v2\/comments?post=29787"}],"version-history":[{"count":2,"href":"https:\/\/www.3dissue.com\/es\/wp-json\/wp\/v2\/pages\/29787\/revisions"}],"predecessor-version":[{"id":62611,"href":"https:\/\/www.3dissue.com\/es\/wp-json\/wp\/v2\/pages\/29787\/revisions\/62611"}],"up":[{"embeddable":true,"href":"https:\/\/www.3dissue.com\/es\/wp-json\/wp\/v2\/pages\/7853"}],"wp:attachment":[{"href":"https:\/\/www.3dissue.com\/es\/wp-json\/wp\/v2\/media?parent=29787"}],"curies":[{"name":"wp","href":"https:\/\/api.w.org\/{rel}","templated":true}]}}