{"id":29751,"date":"2012-06-08T15:41:52","date_gmt":"2012-06-08T15:41:52","guid":{"rendered":"http:\/\/stage2.3dissue.com\/html5-digital-publishing-ipad-2.html"},"modified":"2017-09-15T12:57:18","modified_gmt":"2017-09-15T12:57:18","slug":"edicion-digital-html5-ipad","status":"publish","type":"page","link":"https:\/\/www.3dissue.com\/es\/recursos\/edicion-digital-html5-ipad.html\/","title":{"rendered":"Publicaci\u00f3n Digital en HTML5 para iPad"},"content":{"rendered":"<div class=\"section group intro\">\n<div class=\"sectionContent varWidth center guideForm\">\n<h2 id=\"guideTitle\">Gu\u00eda para Principiantes sobre la Publicaci\u00f3n Digital en HTML5 para iPad<\/h2>\n<p class=\"grey\">\u00bfHas incorporado ya la tecnolog\u00eda m\u00f3vil a tu estrategia? Debido al r\u00e1pido  incremento del uso de tabletas y dispositivos m\u00f3viles en los \u00faltimos a\u00f1os, muchos editores est\u00e1n optando por convertir su contenido en PDF en archivos HTML5 optimizados para la experiencia de lectura en dichos soportes. Esta gu\u00eda est\u00e1 destinada a aquellos que se inician en este campo, mostr\u00e1ndote todo lo que necesitas saber sobre la tecnolog\u00eda HTML5 y la publicaci\u00f3n digital para iPad. Incluye:<\/p>\n<p class=\"grey\">\n&#8211; \u00bfQu\u00e9 es HTML5?<br \/>\n&#8211; Un breve resumen sobre HTML5<br \/>\n&#8211; Los tipos de ediciones digitales que pueden utilizarse en un iPad<br \/>\n&#8211; \u00bfPor qu\u00e9 es importante publicar en HTML5?<br \/>\n&#8211; Apps nativas y Apps web HTML5<br \/>\n&#8211; C\u00f3mo empezar\n<\/p>\n<div class=\"col span_1_of_2 coverContainer\">\n<p><img decoding=\"async\" src=\"\/\/static.3dissue.com\/images\/guides\/covers\/publishing\/html5Large.png\" alt=\"html5 digital publishing guide\"><\/p>\n<\/div>\n<div class=\"col span_1_of_2 formContainer\">\n<div class=\"wpcf7 no-js\" id=\"wpcf7-f29858-o1\" lang=\"\" dir=\"ltr\" data-wpcf7-id=\"29858\">\n<div class=\"screen-reader-response\">\n<p role=\"status\" aria-live=\"polite\" aria-atomic=\"true\">\n<ul><\/ul>\n<\/div>\n<form action=\"\/es\/wp-json\/wp\/v2\/pages\/29751#wpcf7-f29858-o1\" method=\"post\" class=\"wpcf7-form init\" aria-label=\"Contact form\" novalidate=\"novalidate\" data-status=\"init\">\n<div style=\"display: none;\">\n<input type=\"hidden\" name=\"_wpcf7\" value=\"29858\" \/><br \/>\n<input type=\"hidden\" name=\"_wpcf7_version\" value=\"6.0.6\" \/><br \/>\n<input type=\"hidden\" name=\"_wpcf7_locale\" value=\"\" \/><br \/>\n<input type=\"hidden\" name=\"_wpcf7_unit_tag\" value=\"wpcf7-f29858-o1\" \/><br \/>\n<input type=\"hidden\" name=\"_wpcf7_container_post\" value=\"0\" \/><br \/>\n<input type=\"hidden\" name=\"_wpcf7_posted_data_hash\" value=\"\" \/>\n<\/div>\n<div class=\"embeddedcf\">\n<p>\n<span id=\"wpcf7-69d5f6118d36a-wrapper\" class=\"wpcf7-form-control-wrap your-title-310-wrap\" style=\"display:none !important; visibility:hidden !important;\"><label for=\"wpcf7-69d5f6118d36a-field\" class=\"hp-message\">Please leave this field empty.<\/label><input id=\"wpcf7-69d5f6118d36a-field\"  class=\"wpcf7-form-control wpcf7-text\" type=\"text\" name=\"your-title-310\" value=\"\" size=\"40\" tabindex=\"-1\" autocomplete=\"new-password\" \/><\/span><\/p>\n<p><span class=\"nameLbl\">Nombre <span>*<\/span><\/span><span class=\"wpcf7-form-control-wrap\" data-name=\"your-name\"><input size=\"40\" maxlength=\"400\" class=\"wpcf7-form-control wpcf7-text wpcf7-validates-as-required nameInput\" aria-required=\"true\" aria-invalid=\"false\" value=\"\" type=\"text\" name=\"your-name\" \/><\/span><\/p>\n<p><span class=\"emailLbl\">Email <span>*<\/span><\/span><span class=\"wpcf7-form-control-wrap\" data-name=\"your-email\"><input size=\"40\" maxlength=\"400\" class=\"wpcf7-form-control wpcf7-email wpcf7-validates-as-required wpcf7-text wpcf7-validates-as-email emailInput\" aria-required=\"true\" aria-invalid=\"false\" value=\"\" type=\"email\" name=\"your-email\" \/><\/span><a style=\"font-size: 0.70em;\" href=\"\/es\/privacy-policy.html\" data-mce-href=\"\/es\/privacy-policy.html\" target=\"_blank\">Pol\u00edtica de Privacidad<\/a><\/p>\n<p><span id=\"wpcf7-69d5f6118d407-wrapper\" class=\"wpcf7-form-control-wrap your-company-467-wrap\" style=\"display:none !important; visibility:hidden !important;\"><label for=\"wpcf7-69d5f6118d407-field\" class=\"hp-message\">Please leave this field empty.<\/label><input id=\"wpcf7-69d5f6118d407-field\"  class=\"wpcf7-form-control wpcf7-text\" type=\"text\" name=\"your-company-467\" value=\"\" size=\"40\" tabindex=\"-1\" autocomplete=\"new-password\" \/><\/span><\/p>\n<p><input class=\"wpcf7-form-control wpcf7-submit has-spinner button\" type=\"submit\" value=\"DESCARGAR GRATIS MI E-BOOK\" \/><\/p>\n<\/div>\n<div class=\"wpcf7-response-output\" aria-hidden=\"true\"><\/div>\n<\/form>\n<\/div>\n<\/div>\n<\/div>\n<\/div>\n","protected":false},"excerpt":{"rendered":"<p>Gu\u00eda para Principiantes sobre la Publicaci\u00f3n Digital en HTML5 para iPad<br \/>\n\u00bfHas incorporado ya la tecnolog\u00eda m\u00f3vil a tu estrategia? Debido al r\u00e1pido  incremento del uso de tabletas y dispositivos m\u00f3viles en los \u00faltimos a\u00f1os, muchos editores est\u00e1n optando por convertir su contenido en PDF en archivos HTML5 optimizados para la experiencia de lectura en dichos soportes. Esta gu\u00eda est\u00e1 destinada a aquellos que se inician en este campo, mostr\u00e1ndote todo lo que necesitas saber sobre la &#8230;<\/p>\n","protected":false},"author":1,"featured_media":0,"parent":7853,"menu_order":0,"comment_status":"open","ping_status":"closed","template":"template-guides.php","meta":{"footnotes":""},"class_list":["post-29751","page","type-page","status-publish","hentry","wpautop"],"aioseo_notices":[],"_links":{"self":[{"href":"https:\/\/www.3dissue.com\/es\/wp-json\/wp\/v2\/pages\/29751","targetHints":{"allow":["GET"]}}],"collection":[{"href":"https:\/\/www.3dissue.com\/es\/wp-json\/wp\/v2\/pages"}],"about":[{"href":"https:\/\/www.3dissue.com\/es\/wp-json\/wp\/v2\/types\/page"}],"author":[{"embeddable":true,"href":"https:\/\/www.3dissue.com\/es\/wp-json\/wp\/v2\/users\/1"}],"replies":[{"embeddable":true,"href":"https:\/\/www.3dissue.com\/es\/wp-json\/wp\/v2\/comments?post=29751"}],"version-history":[{"count":2,"href":"https:\/\/www.3dissue.com\/es\/wp-json\/wp\/v2\/pages\/29751\/revisions"}],"predecessor-version":[{"id":62607,"href":"https:\/\/www.3dissue.com\/es\/wp-json\/wp\/v2\/pages\/29751\/revisions\/62607"}],"up":[{"embeddable":true,"href":"https:\/\/www.3dissue.com\/es\/wp-json\/wp\/v2\/pages\/7853"}],"wp:attachment":[{"href":"https:\/\/www.3dissue.com\/es\/wp-json\/wp\/v2\/media?parent=29751"}],"curies":[{"name":"wp","href":"https:\/\/api.w.org\/{rel}","templated":true}]}}