{"id":29741,"date":"2012-10-09T13:31:14","date_gmt":"2012-10-09T13:31:14","guid":{"rendered":"http:\/\/stage2.3dissue.com\/create-digital-brochure-2.html"},"modified":"2016-12-20T14:28:30","modified_gmt":"2016-12-20T14:28:30","slug":"crear-folleto-digital","status":"publish","type":"page","link":"https:\/\/www.3dissue.com\/es\/recursos\/crear-folleto-digital.html\/","title":{"rendered":"Gu\u00eda para Crear Folletos Interactivos"},"content":{"rendered":"<div class=\"section group intro\">\n<div class=\"sectionContent varWidth center guideForm\">\n<h2 id=\"guideTitle\">Gu\u00eda del Profesional del Marketing para Crear Folletos Interactivos<\/h2>\n<p class=\"grey\">Si necesitas ayuda para crear tu primer folleto digital, nuevas ideas para darle vida a tu contenido o una r\u00e1pida referencia que te ayude a explicar a tu jefe los beneficios de crear folletos digitales, \u00a1Esta es tu gu\u00eda! Esta completa y concentrada gu\u00eda en forma de libro electr\u00f3nico te mostrar\u00e1 c\u00f3mo crear atractivos folletos digitales para tus clientes actuales y<br \/>\npotenciales e incluye:<\/p>\n<p class=\"grey\">\n&#8211; Razones por las que los profesionales del marketing se est\u00e1n pasando al formato digital<br \/>\n&#8211; Qu\u00e9 tipo de marketing puede ser digitalizado<br \/>\n&#8211; Las caracter\u00edsticas principales que ha de tener un folleto digital y por qu\u00e9<br \/>\n&#8211; \u00datiles recursos y \u00a1muchos m\u00e1s consejos!\n<\/p>\n<div class=\"col span_1_of_2 coverContainer\">\n<p><img decoding=\"async\" src=\"\/\/static.3dissue.com\/images\/guides\/covers\/marketing\/creating-interactive-brochures_large.png\" alt=\"digital brochure software\"><\/p>\n<\/div>\n<div class=\"col span_1_of_2 formContainer\">\n<div class=\"wpcf7 no-js\" id=\"wpcf7-f29851-o1\" lang=\"\" dir=\"ltr\" data-wpcf7-id=\"29851\">\n<div class=\"screen-reader-response\">\n<p role=\"status\" aria-live=\"polite\" aria-atomic=\"true\">\n<ul><\/ul>\n<\/div>\n<form action=\"\/es\/wp-json\/wp\/v2\/pages\/29741#wpcf7-f29851-o1\" method=\"post\" class=\"wpcf7-form init\" aria-label=\"Contact form\" novalidate=\"novalidate\" data-status=\"init\">\n<div style=\"display: none;\">\n<input type=\"hidden\" name=\"_wpcf7\" value=\"29851\" \/><br \/>\n<input type=\"hidden\" name=\"_wpcf7_version\" value=\"6.0.6\" \/><br \/>\n<input type=\"hidden\" name=\"_wpcf7_locale\" value=\"\" \/><br \/>\n<input type=\"hidden\" name=\"_wpcf7_unit_tag\" value=\"wpcf7-f29851-o1\" \/><br \/>\n<input type=\"hidden\" name=\"_wpcf7_container_post\" value=\"0\" \/><br \/>\n<input type=\"hidden\" name=\"_wpcf7_posted_data_hash\" value=\"\" \/>\n<\/div>\n<div class=\"embeddedcf\">\n<p>\n<span id=\"wpcf7-69e1efe5aa152-wrapper\" class=\"wpcf7-form-control-wrap your-title-320-wrap\" style=\"display:none !important; visibility:hidden !important;\"><label for=\"wpcf7-69e1efe5aa152-field\" class=\"hp-message\">Please leave this field empty.<\/label><input id=\"wpcf7-69e1efe5aa152-field\"  class=\"wpcf7-form-control wpcf7-text\" type=\"text\" name=\"your-title-320\" value=\"\" size=\"40\" tabindex=\"-1\" autocomplete=\"new-password\" \/><\/span><\/p>\n<p><span class=\"nameLbl\">Nombre <span>*<\/span><\/span><span class=\"wpcf7-form-control-wrap\" data-name=\"your-name\"><input size=\"40\" maxlength=\"400\" class=\"wpcf7-form-control wpcf7-text wpcf7-validates-as-required nameInput\" aria-required=\"true\" aria-invalid=\"false\" value=\"\" type=\"text\" name=\"your-name\" \/><\/span><\/p>\n<p><span class=\"emailLbl\">Email <span>*<\/span><\/span><span class=\"wpcf7-form-control-wrap\" data-name=\"your-email\"><input size=\"40\" maxlength=\"400\" class=\"wpcf7-form-control wpcf7-email wpcf7-validates-as-required wpcf7-text wpcf7-validates-as-email emailInput\" aria-required=\"true\" aria-invalid=\"false\" value=\"\" type=\"email\" name=\"your-email\" \/><\/span><a style=\"font-size: 0.70em;\" href=\"\/es\/privacy-policy.html\" data-mce-href=\"\/es\/privacy-policy.html\" target=\"_blank\">Pol\u00edtica de Privacidad<\/a><\/p>\n<p><span id=\"wpcf7-69e1efe5aa1ef-wrapper\" class=\"wpcf7-form-control-wrap your-url-870-wrap\" style=\"display:none !important; visibility:hidden !important;\"><label for=\"wpcf7-69e1efe5aa1ef-field\" class=\"hp-message\">Please leave this field empty.<\/label><input id=\"wpcf7-69e1efe5aa1ef-field\"  class=\"wpcf7-form-control wpcf7-text\" type=\"text\" name=\"your-url-870\" value=\"\" size=\"40\" tabindex=\"-1\" autocomplete=\"new-password\" \/><\/span><\/p>\n<p><input class=\"wpcf7-form-control wpcf7-submit has-spinner button\" type=\"submit\" value=\"DESCARGAR GRATIS MI E-BOOK\" \/><\/p>\n<\/div>\n<div class=\"wpcf7-response-output\" aria-hidden=\"true\"><\/div>\n<\/form>\n<\/div>\n<\/div>\n<\/div>\n<\/div>\n","protected":false},"excerpt":{"rendered":"<p>Gu\u00eda del Profesional del Marketing para Crear Folletos Interactivos<br \/>\nSi necesitas ayuda para crear tu primer folleto digital, nuevas ideas para darle vida a tu contenido o una r\u00e1pida referencia que te ayude a explicar a tu jefe los beneficios de crear folletos digitales, \u00a1Esta es tu gu\u00eda! Esta completa y concentrada gu\u00eda en forma de libro electr\u00f3nico te mostrar\u00e1 c\u00f3mo crear atractivos folletos digitales para tus clientes actuales y<br \/>\npotenciales e incluye:<\/p>\n<p>&#8211; Razones por las &#8230;<\/p>\n","protected":false},"author":1,"featured_media":0,"parent":7853,"menu_order":0,"comment_status":"open","ping_status":"closed","template":"template-guides.php","meta":{"footnotes":""},"class_list":["post-29741","page","type-page","status-publish","hentry","wpautop"],"aioseo_notices":[],"_links":{"self":[{"href":"https:\/\/www.3dissue.com\/es\/wp-json\/wp\/v2\/pages\/29741","targetHints":{"allow":["GET"]}}],"collection":[{"href":"https:\/\/www.3dissue.com\/es\/wp-json\/wp\/v2\/pages"}],"about":[{"href":"https:\/\/www.3dissue.com\/es\/wp-json\/wp\/v2\/types\/page"}],"author":[{"embeddable":true,"href":"https:\/\/www.3dissue.com\/es\/wp-json\/wp\/v2\/users\/1"}],"replies":[{"embeddable":true,"href":"https:\/\/www.3dissue.com\/es\/wp-json\/wp\/v2\/comments?post=29741"}],"version-history":[{"count":2,"href":"https:\/\/www.3dissue.com\/es\/wp-json\/wp\/v2\/pages\/29741\/revisions"}],"predecessor-version":[{"id":62615,"href":"https:\/\/www.3dissue.com\/es\/wp-json\/wp\/v2\/pages\/29741\/revisions\/62615"}],"up":[{"embeddable":true,"href":"https:\/\/www.3dissue.com\/es\/wp-json\/wp\/v2\/pages\/7853"}],"wp:attachment":[{"href":"https:\/\/www.3dissue.com\/es\/wp-json\/wp\/v2\/media?parent=29741"}],"curies":[{"name":"wp","href":"https:\/\/api.w.org\/{rel}","templated":true}]}}