{"id":29721,"date":"2012-08-23T10:36:50","date_gmt":"2012-08-23T10:36:50","guid":{"rendered":"http:\/\/stage2.3dissue.com\/e-book-market-digital-magazine-2.html"},"modified":"2017-09-15T12:59:12","modified_gmt":"2017-09-15T12:59:12","slug":"promocionar-ebook-revista-digital","status":"publish","type":"page","link":"https:\/\/www.3dissue.com\/es\/recursos\/promocionar-ebook-revista-digital.html\/","title":{"rendered":"C\u00f3mo promocionar una Revista Digital o un E-Book"},"content":{"rendered":"<div class=\"section group intro\">\n<div class=\"sectionContent varWidth center guideForm\">\n<h2 id=\"guideTitle\">C\u00f3mo promocionar una Revista Digital o un E-Book<\/h2>\n<p class=\"grey\">Esta pr\u00e1ctica gu\u00eda establece los distintos usos de las revistas digitales y e-books en marketing, y explica algunos de los m\u00e9todos para darlos a conocer. Los temas tratados incluyen:<\/p>\n<p class=\"grey\">\n&#8211; Qu\u00e9 es una revista digital: tipos de revistas digitales y c\u00f3mo ven los lectores este tipo de revistas<br \/>\n&#8211; Qu\u00e9 es un e-book y los distintos formatos<br \/>\n&#8211; Albergar tu propia publicaci\u00f3n o acudir a tiendas de venta online<br \/>\n&#8211; Visibilidad en buscadores<br \/>\n&#8211; C\u00f3digos QR en los medios offline y materiales impresos<br \/>\n&#8211; Compartir publicaciones digitales vs Redes Sociales<br \/>\n&#8211; Promocionar publicaciones en tu p\u00e1gina web<br \/>\n&#8211; Por qu\u00e9 es importante considerar la inversi\u00f3n en publicidad<br \/>\n&#8211; \u00bfNecesitan tus publicaciones DRM? y muchos m\u00e1s consejos\n<\/p>\n<div class=\"col span_1_of_2 coverContainer\">\n<p><img decoding=\"async\" src=\"\/\/static.3dissue.com\/images\/guides\/covers\/marketing\/marketing-ebook_large.png\" alt=\"digital-magazine-ebook\"><\/p>\n<\/div>\n<div class=\"col span_1_of_2 formContainer\">\n<div class=\"wpcf7 no-js\" id=\"wpcf7-f29853-o1\" lang=\"\" dir=\"ltr\" data-wpcf7-id=\"29853\">\n<div class=\"screen-reader-response\">\n<p role=\"status\" aria-live=\"polite\" aria-atomic=\"true\">\n<ul><\/ul>\n<\/div>\n<form action=\"\/es\/wp-json\/wp\/v2\/pages\/29721#wpcf7-f29853-o1\" method=\"post\" class=\"wpcf7-form init\" aria-label=\"Contact form\" novalidate=\"novalidate\" data-status=\"init\">\n<div style=\"display: none;\">\n<input type=\"hidden\" name=\"_wpcf7\" value=\"29853\" \/><br \/>\n<input type=\"hidden\" name=\"_wpcf7_version\" value=\"6.0.6\" \/><br \/>\n<input type=\"hidden\" name=\"_wpcf7_locale\" value=\"\" \/><br \/>\n<input type=\"hidden\" name=\"_wpcf7_unit_tag\" value=\"wpcf7-f29853-o1\" \/><br \/>\n<input type=\"hidden\" name=\"_wpcf7_container_post\" value=\"0\" \/><br \/>\n<input type=\"hidden\" name=\"_wpcf7_posted_data_hash\" value=\"\" \/>\n<\/div>\n<div class=\"embeddedcf\">\n<p>\n<span id=\"wpcf7-69e9db60564b7-wrapper\" class=\"wpcf7-form-control-wrap your-title-350-wrap\" style=\"display:none !important; visibility:hidden !important;\"><label for=\"wpcf7-69e9db60564b7-field\" class=\"hp-message\">Please leave this field empty.<\/label><input id=\"wpcf7-69e9db60564b7-field\"  class=\"wpcf7-form-control wpcf7-text\" type=\"text\" name=\"your-title-350\" value=\"\" size=\"40\" tabindex=\"-1\" autocomplete=\"new-password\" \/><\/span><\/p>\n<p><span class=\"nameLbl\">Nombre <span>*<\/span><\/span><span class=\"wpcf7-form-control-wrap\" data-name=\"your-name\"><input size=\"40\" maxlength=\"400\" class=\"wpcf7-form-control wpcf7-text wpcf7-validates-as-required nameInput\" aria-required=\"true\" aria-invalid=\"false\" value=\"\" type=\"text\" name=\"your-name\" \/><\/span><\/p>\n<p><span class=\"emailLbl\">Email <span>*<\/span><\/span><span class=\"wpcf7-form-control-wrap\" data-name=\"your-email\"><input size=\"40\" maxlength=\"400\" class=\"wpcf7-form-control wpcf7-email wpcf7-validates-as-required wpcf7-text wpcf7-validates-as-email emailInput\" aria-required=\"true\" aria-invalid=\"false\" value=\"\" type=\"email\" name=\"your-email\" \/><\/span><a style=\"font-size: 0.70em;\" href=\"\/es\/privacy-policy.html\" data-mce-href=\"\/es\/privacy-policy.html\" target=\"_blank\">Pol\u00edtica de Privacidad<\/a><\/p>\n<p><span id=\"wpcf7-69e9db6056558-wrapper\" class=\"wpcf7-form-control-wrap your-url-900-wrap\" style=\"display:none !important; visibility:hidden !important;\"><label for=\"wpcf7-69e9db6056558-field\" class=\"hp-message\">Please leave this field empty.<\/label><input id=\"wpcf7-69e9db6056558-field\"  class=\"wpcf7-form-control wpcf7-text\" type=\"text\" name=\"your-url-900\" value=\"\" size=\"40\" tabindex=\"-1\" autocomplete=\"new-password\" \/><\/span><\/p>\n<p><input class=\"wpcf7-form-control wpcf7-submit has-spinner button\" type=\"submit\" value=\"DESCARGAR GRATIS MI E-BOOK\" \/><\/p>\n<\/div>\n<div class=\"wpcf7-response-output\" aria-hidden=\"true\"><\/div>\n<\/form>\n<\/div>\n<\/div>\n<\/div>\n<\/div>\n","protected":false},"excerpt":{"rendered":"<p>C\u00f3mo promocionar una Revista Digital o un E-Book<br \/>\nEsta pr\u00e1ctica gu\u00eda establece los distintos usos de las revistas digitales y e-books en marketing, y explica algunos de los m\u00e9todos para darlos a conocer. Los temas tratados incluyen:<\/p>\n<p>&#8211; Qu\u00e9 es una revista digital: tipos de revistas digitales y c\u00f3mo ven los lectores este tipo de revistas<br \/>\n&#8211; Qu\u00e9 es un e-book y los distintos formatos<br \/>\n&#8211; Albergar tu propia publicaci\u00f3n o acudir a tiendas de venta online<br ...\n<\/p>\n","protected":false},"author":1,"featured_media":0,"parent":7853,"menu_order":0,"comment_status":"open","ping_status":"closed","template":"template-guides.php","meta":{"footnotes":""},"class_list":["post-29721","page","type-page","status-publish","hentry","wpautop"],"aioseo_notices":[],"_links":{"self":[{"href":"https:\/\/www.3dissue.com\/es\/wp-json\/wp\/v2\/pages\/29721","targetHints":{"allow":["GET"]}}],"collection":[{"href":"https:\/\/www.3dissue.com\/es\/wp-json\/wp\/v2\/pages"}],"about":[{"href":"https:\/\/www.3dissue.com\/es\/wp-json\/wp\/v2\/types\/page"}],"author":[{"embeddable":true,"href":"https:\/\/www.3dissue.com\/es\/wp-json\/wp\/v2\/users\/1"}],"replies":[{"embeddable":true,"href":"https:\/\/www.3dissue.com\/es\/wp-json\/wp\/v2\/comments?post=29721"}],"version-history":[{"count":1,"href":"https:\/\/www.3dissue.com\/es\/wp-json\/wp\/v2\/pages\/29721\/revisions"}],"predecessor-version":[{"id":54173,"href":"https:\/\/www.3dissue.com\/es\/wp-json\/wp\/v2\/pages\/29721\/revisions\/54173"}],"up":[{"embeddable":true,"href":"https:\/\/www.3dissue.com\/es\/wp-json\/wp\/v2\/pages\/7853"}],"wp:attachment":[{"href":"https:\/\/www.3dissue.com\/es\/wp-json\/wp\/v2\/media?parent=29721"}],"curies":[{"name":"wp","href":"https:\/\/api.w.org\/{rel}","templated":true}]}}