{"id":29661,"date":"2013-03-29T15:53:12","date_gmt":"2013-03-29T15:53:12","guid":{"rendered":"http:\/\/stage2.3dissue.com\/7-common-questions-about-going-digital-answered-2.html"},"modified":"2016-12-08T16:31:15","modified_gmt":"2016-12-08T16:31:15","slug":"7-respuestas-preguntas-comunes-sobre-pasarse-a-digital","status":"publish","type":"page","link":"https:\/\/www.3dissue.com\/es\/recursos\/7-respuestas-preguntas-comunes-sobre-pasarse-a-digital.html\/","title":{"rendered":"7 Preguntas Frecuentes sobre el Paso a la Plataforma Digital"},"content":{"rendered":"<div class=\"section group intro\">\n<div class=\"sectionContent varWidth center guideForm\">\n<h1 id=\"guideTitle\">Publicaci\u00f3n: 7 Preguntas Frecuentes sobre el Paso a la Plataforma Digital<\/h1>\n<p class=\"grey\">Este e-book gratuito recoge las 7 preguntas m\u00e1s frecuentes sobre el paso de las publicaciones a la plataforma digital entre las que se encuentran:<\/p>\n<p class=\"grey\">\n&#8211; \u00bfPor d\u00f3nde empezar y c\u00f3mo funciona la publicaci\u00f3n digital?<br \/>\n&#8211; \u00bfC\u00f3mo acceden los lectores a mi publicaci\u00f3n?<br \/>\n&#8211; \u00bfQu\u00e9 requisitos he de cumplir y cu\u00e1nto le costar\u00e1 a mi empresa?<br \/>\n&#8211; \u00bfGenera beneficios y c\u00f3mo puedo medir los resultados?\n<\/p>\n<div class=\"col span_1_of_2 coverContainer\">\n<p><img decoding=\"async\" src=\"\/\/static.3dissue.com\/images\/guides\/covers\/beginners\/7-common-questions_large.png\" alt=\"7 Preguntas Frecuentes sobre el Paso a la Plataforma Digital\"><\/p>\n<\/div>\n<div class=\"col span_1_of_2 formContainer\">\n<div class=\"wpcf7 no-js\" id=\"wpcf7-f29835-o1\" lang=\"\" dir=\"ltr\" data-wpcf7-id=\"29835\">\n<div class=\"screen-reader-response\">\n<p role=\"status\" aria-live=\"polite\" aria-atomic=\"true\">\n<ul><\/ul>\n<\/div>\n<form action=\"\/es\/wp-json\/wp\/v2\/pages\/29661#wpcf7-f29835-o1\" method=\"post\" class=\"wpcf7-form init\" aria-label=\"Contact form\" novalidate=\"novalidate\" data-status=\"init\">\n<div style=\"display: none;\">\n<input type=\"hidden\" name=\"_wpcf7\" value=\"29835\" \/><br \/>\n<input type=\"hidden\" name=\"_wpcf7_version\" value=\"6.0.6\" \/><br \/>\n<input type=\"hidden\" name=\"_wpcf7_locale\" value=\"\" \/><br \/>\n<input type=\"hidden\" name=\"_wpcf7_unit_tag\" value=\"wpcf7-f29835-o1\" \/><br \/>\n<input type=\"hidden\" name=\"_wpcf7_container_post\" value=\"0\" \/><br \/>\n<input type=\"hidden\" name=\"_wpcf7_posted_data_hash\" value=\"\" \/>\n<\/div>\n<div class=\"embeddedcf\">\n<p>\n<span id=\"wpcf7-69e9db0d4a65d-wrapper\" class=\"wpcf7-form-control-wrap your-title-314-wrap\" style=\"display:none !important; visibility:hidden !important;\"><label for=\"wpcf7-69e9db0d4a65d-field\" class=\"hp-message\">Please leave this field empty.<\/label><input id=\"wpcf7-69e9db0d4a65d-field\"  class=\"wpcf7-form-control wpcf7-text\" type=\"text\" name=\"your-title-314\" value=\"\" size=\"40\" tabindex=\"-1\" autocomplete=\"new-password\" \/><\/span><\/p>\n<p><span class=\"nameLbl\">Nombre <span>*<\/span><\/span><span class=\"wpcf7-form-control-wrap\" data-name=\"your-name\"><input size=\"40\" maxlength=\"400\" class=\"wpcf7-form-control wpcf7-text wpcf7-validates-as-required nameInput\" aria-required=\"true\" aria-invalid=\"false\" value=\"\" type=\"text\" name=\"your-name\" \/><\/span><\/p>\n<p><span class=\"emailLbl\">Email <span>*<\/span><\/span><span class=\"wpcf7-form-control-wrap\" data-name=\"your-email\"><input size=\"40\" maxlength=\"400\" class=\"wpcf7-form-control wpcf7-email wpcf7-validates-as-required wpcf7-text wpcf7-validates-as-email emailInput\" aria-required=\"true\" aria-invalid=\"false\" value=\"\" type=\"email\" name=\"your-email\" \/><\/span><a style=\"font-size: 0.70em;\" href=\"\/es\/privacy-policy.html\" data-mce-href=\"\/es\/privacy-policy.html\" target=\"_blank\">Pol\u00edtica de Privacidad<\/a><\/p>\n<p><span id=\"wpcf7-69e9db0d4a700-wrapper\" class=\"wpcf7-form-control-wrap your-company-981-wrap\" style=\"display:none !important; visibility:hidden !important;\"><label for=\"wpcf7-69e9db0d4a700-field\" class=\"hp-message\">Please leave this field empty.<\/label><input id=\"wpcf7-69e9db0d4a700-field\"  class=\"wpcf7-form-control wpcf7-text\" type=\"text\" name=\"your-company-981\" value=\"\" size=\"40\" tabindex=\"-1\" autocomplete=\"new-password\" \/><\/span><\/p>\n<p><input class=\"wpcf7-form-control wpcf7-submit has-spinner button\" type=\"submit\" value=\"DESCARGAR GRATIS MI E-BOOK\" \/><\/p>\n<\/div>\n<div class=\"wpcf7-response-output\" aria-hidden=\"true\"><\/div>\n<\/form>\n<\/div>\n<\/div>\n<\/div>\n<\/div>\n","protected":false},"excerpt":{"rendered":"<p>Publicaci\u00f3n: 7 Preguntas Frecuentes sobre el Paso a la Plataforma Digital<br \/>\nEste e-book gratuito recoge las 7 preguntas m\u00e1s frecuentes sobre el paso de las publicaciones a la plataforma digital entre las que se encuentran:<\/p>\n<p>&#8211; \u00bfPor d\u00f3nde empezar y c\u00f3mo funciona la publicaci\u00f3n digital?<br \/>\n&#8211; \u00bfC\u00f3mo acceden los lectores a mi publicaci\u00f3n?<br \/>\n&#8211; \u00bfQu\u00e9 requisitos he de cumplir y cu\u00e1nto le costar\u00e1 a mi empresa?<br \/>\n&#8211; \u00bfGenera beneficios y c\u00f3mo puedo medir los resultados?<\/p>\n<p><br ...\n<\/p>\n","protected":false},"author":1,"featured_media":0,"parent":7853,"menu_order":0,"comment_status":"closed","ping_status":"closed","template":"template-guides.php","meta":{"footnotes":""},"class_list":["post-29661","page","type-page","status-publish","hentry","wpautop"],"aioseo_notices":[],"_links":{"self":[{"href":"https:\/\/www.3dissue.com\/es\/wp-json\/wp\/v2\/pages\/29661","targetHints":{"allow":["GET"]}}],"collection":[{"href":"https:\/\/www.3dissue.com\/es\/wp-json\/wp\/v2\/pages"}],"about":[{"href":"https:\/\/www.3dissue.com\/es\/wp-json\/wp\/v2\/types\/page"}],"author":[{"embeddable":true,"href":"https:\/\/www.3dissue.com\/es\/wp-json\/wp\/v2\/users\/1"}],"replies":[{"embeddable":true,"href":"https:\/\/www.3dissue.com\/es\/wp-json\/wp\/v2\/comments?post=29661"}],"version-history":[{"count":2,"href":"https:\/\/www.3dissue.com\/es\/wp-json\/wp\/v2\/pages\/29661\/revisions"}],"predecessor-version":[{"id":62555,"href":"https:\/\/www.3dissue.com\/es\/wp-json\/wp\/v2\/pages\/29661\/revisions\/62555"}],"up":[{"embeddable":true,"href":"https:\/\/www.3dissue.com\/es\/wp-json\/wp\/v2\/pages\/7853"}],"wp:attachment":[{"href":"https:\/\/www.3dissue.com\/es\/wp-json\/wp\/v2\/media?parent=29661"}],"curies":[{"name":"wp","href":"https:\/\/api.w.org\/{rel}","templated":true}]}}