{"id":29651,"date":"2013-03-22T12:06:55","date_gmt":"2013-03-22T12:06:55","guid":{"rendered":"http:\/\/stage2.3dissue.com\/online-publishing-in-the-digital-age-2.html"},"modified":"2017-09-15T12:58:10","modified_gmt":"2017-09-15T12:58:10","slug":"edicion-online-era-digital","status":"publish","type":"page","link":"https:\/\/www.3dissue.com\/es\/recursos\/edicion-online-era-digital.html\/","title":{"rendered":"Edici\u00f3n Online en la Era Digital"},"content":{"rendered":"<div class=\"section group intro\">\n<div class=\"sectionContent varWidth center guideForm\">\n<h2 id=\"guideTitle\">Introduciendo la Edici\u00f3n Online en la Era Digital<\/h2>\n<p class=\"grey\">La publicaci\u00f3n online en la era digital es un proceso que est\u00e1 evolucionando r\u00e1pidamente. Para ayudarte a mantenerte al d\u00eda, hemos creado esta gu\u00eda que recoge:<\/p>\n<p class=\"grey\">\n&#8211; Las diferencias entre la publicaci\u00f3n digital y la impresa, ayud\u00e1ndote a decidir si pasarte al modelo digital es lo acertado para tu compa\u00f1\u00eda.<br \/>\n&#8211; Los primeros pasos necesarios para empezar la edici\u00f3n digital y las oportunidades asociadas a los nuevos medios.<br \/>\n&#8211; C\u00f3mo medir tu progreso en la publicaci\u00f3n digital y muchos m\u00e1s consejos sobre \u00a1c\u00f3mo alcanzar todo tu potencial!\n<\/p>\n<div class=\"col span_1_of_2 coverContainer\">\n<p><img decoding=\"async\" src=\"\/\/static.3dissue.com\/images\/guides\/covers\/beginners\/online-publishing_large.png\" alt=\"An introduction to online digital publishing\"><\/p>\n<\/div>\n<div class=\"col span_1_of_2 formContainer\">\n<div class=\"wpcf7 no-js\" id=\"wpcf7-f29839-o1\" lang=\"\" dir=\"ltr\" data-wpcf7-id=\"29839\">\n<div class=\"screen-reader-response\">\n<p role=\"status\" aria-live=\"polite\" aria-atomic=\"true\">\n<ul><\/ul>\n<\/div>\n<form action=\"\/es\/wp-json\/wp\/v2\/pages\/29651#wpcf7-f29839-o1\" method=\"post\" class=\"wpcf7-form init\" aria-label=\"Contact form\" novalidate=\"novalidate\" data-status=\"init\">\n<div style=\"display: none;\">\n<input type=\"hidden\" name=\"_wpcf7\" value=\"29839\" \/><br \/>\n<input type=\"hidden\" name=\"_wpcf7_version\" value=\"6.0.6\" \/><br \/>\n<input type=\"hidden\" name=\"_wpcf7_locale\" value=\"\" \/><br \/>\n<input type=\"hidden\" name=\"_wpcf7_unit_tag\" value=\"wpcf7-f29839-o1\" \/><br \/>\n<input type=\"hidden\" name=\"_wpcf7_container_post\" value=\"0\" \/><br \/>\n<input type=\"hidden\" name=\"_wpcf7_posted_data_hash\" value=\"\" \/>\n<\/div>\n<div class=\"embeddedcf\">\n<p>\n<span id=\"wpcf7-69d5f8c9532e8-wrapper\" class=\"wpcf7-form-control-wrap your-title-313-wrap\" style=\"display:none !important; visibility:hidden !important;\"><label for=\"wpcf7-69d5f8c9532e8-field\" class=\"hp-message\">Please leave this field empty.<\/label><input id=\"wpcf7-69d5f8c9532e8-field\"  class=\"wpcf7-form-control wpcf7-text\" type=\"text\" name=\"your-title-313\" value=\"\" size=\"40\" tabindex=\"-1\" autocomplete=\"new-password\" \/><\/span><\/p>\n<p><span class=\"nameLbl\">Nombre <span>*<\/span><\/span><span class=\"wpcf7-form-control-wrap\" data-name=\"your-name\"><input size=\"40\" maxlength=\"400\" class=\"wpcf7-form-control wpcf7-text wpcf7-validates-as-required nameInput\" aria-required=\"true\" aria-invalid=\"false\" value=\"\" type=\"text\" name=\"your-name\" \/><\/span><\/p>\n<p><span class=\"emailLbl\">Email <span>*<\/span><\/span><span class=\"wpcf7-form-control-wrap\" data-name=\"your-email\"><input size=\"40\" maxlength=\"400\" class=\"wpcf7-form-control wpcf7-email wpcf7-validates-as-required wpcf7-text wpcf7-validates-as-email emailInput\" aria-required=\"true\" aria-invalid=\"false\" value=\"\" type=\"email\" name=\"your-email\" \/><\/span><a style=\"font-size: 0.70em;\" href=\"\/es\/privacy-policy.html\" data-mce-href=\"\/es\/privacy-policy.html\" target=\"_blank\">Pol\u00edtica de Privacidad<\/a><\/p>\n<p><span id=\"wpcf7-69d5f8c9533a8-wrapper\" class=\"wpcf7-form-control-wrap your-url-860-wrap\" style=\"display:none !important; visibility:hidden !important;\"><label for=\"wpcf7-69d5f8c9533a8-field\" class=\"hp-message\">Please leave this field empty.<\/label><input id=\"wpcf7-69d5f8c9533a8-field\"  class=\"wpcf7-form-control wpcf7-text\" type=\"text\" name=\"your-url-860\" value=\"\" size=\"40\" tabindex=\"-1\" autocomplete=\"new-password\" \/><\/span><\/p>\n<p><input class=\"wpcf7-form-control wpcf7-submit has-spinner button\" type=\"submit\" value=\"DESCARGAR GRATIS MI E-BOOK\" \/><\/p>\n<\/div>\n<div class=\"wpcf7-response-output\" aria-hidden=\"true\"><\/div>\n<\/form>\n<\/div>\n<\/div>\n<\/div>\n<\/div>\n","protected":false},"excerpt":{"rendered":"<p>Introduciendo la Edici\u00f3n Online en la Era Digital<br \/>\nLa publicaci\u00f3n online en la era digital es un proceso que est\u00e1 evolucionando r\u00e1pidamente. Para ayudarte a mantenerte al d\u00eda, hemos creado esta gu\u00eda que recoge:<\/p>\n<p>&#8211; Las diferencias entre la publicaci\u00f3n digital y la impresa, ayud\u00e1ndote a decidir si pasarte al modelo digital es lo acertado para tu compa\u00f1\u00eda.<br \/>\n&#8211; Los primeros pasos necesarios para empezar la edici\u00f3n digital y las oportunidades asociadas a los nuevos medios.<br \/>\n&#8211; &#8230;<\/p>\n","protected":false},"author":1,"featured_media":0,"parent":7853,"menu_order":0,"comment_status":"closed","ping_status":"closed","template":"template-guides.php","meta":{"footnotes":""},"class_list":["post-29651","page","type-page","status-publish","hentry","wpautop"],"aioseo_notices":[],"_links":{"self":[{"href":"https:\/\/www.3dissue.com\/es\/wp-json\/wp\/v2\/pages\/29651","targetHints":{"allow":["GET"]}}],"collection":[{"href":"https:\/\/www.3dissue.com\/es\/wp-json\/wp\/v2\/pages"}],"about":[{"href":"https:\/\/www.3dissue.com\/es\/wp-json\/wp\/v2\/types\/page"}],"author":[{"embeddable":true,"href":"https:\/\/www.3dissue.com\/es\/wp-json\/wp\/v2\/users\/1"}],"replies":[{"embeddable":true,"href":"https:\/\/www.3dissue.com\/es\/wp-json\/wp\/v2\/comments?post=29651"}],"version-history":[{"count":2,"href":"https:\/\/www.3dissue.com\/es\/wp-json\/wp\/v2\/pages\/29651\/revisions"}],"predecessor-version":[{"id":62616,"href":"https:\/\/www.3dissue.com\/es\/wp-json\/wp\/v2\/pages\/29651\/revisions\/62616"}],"up":[{"embeddable":true,"href":"https:\/\/www.3dissue.com\/es\/wp-json\/wp\/v2\/pages\/7853"}],"wp:attachment":[{"href":"https:\/\/www.3dissue.com\/es\/wp-json\/wp\/v2\/media?parent=29651"}],"curies":[{"name":"wp","href":"https:\/\/api.w.org\/{rel}","templated":true}]}}