{"id":29500,"date":"2014-06-03T15:54:36","date_gmt":"2014-06-03T15:54:36","guid":{"rendered":"http:\/\/stage2.3dissue.com\/?page_id=29500"},"modified":"2017-09-15T13:01:37","modified_gmt":"2017-09-15T13:01:37","slug":"socio-colaborador","status":"publish","type":"page","link":"https:\/\/www.3dissue.com\/es\/socio-colaborador.html\/","title":{"rendered":"Programa Partners"},"content":{"rendered":"<div id=\"partners\">\n<div class=\"section group intro\">\n<div class=\"sectionContent varWidth center\">\n<div class=\"partnerText textLeft\"><a href=\"#contact_form_partner_guide\" class=\"fancybox sectionImg floatleft\"><img decoding=\"async\" src=\"\/\/static.3dissue.com\/images\/contact\/partnerGuide.png\" alt=\"Descarga gu\u00eda partners\"><\/a><\/p>\n<h2 class=\"sectionHeading sectionHeadingEs\">Reg\u00edstrate como <b>Partner<\/b><\/h2>\n<p class=\"smallerFont\">En 3D Issue Ltd, trabajamos con muchos partners a trav\u00e9s de distintas \u00e1reas de publicaci\u00f3n, desde el dise\u00f1o creativo hasta el acabado, la impresi\u00f3n y la distribuci\u00f3n.<\/p>\n<p class=\"smallerFont\">\u00danete a nuestro programa de socios colaboradores \u201c3D Issue Partner Program\u201d y te permitiremos utilizar nuestro software para proveer a tus clientes \u00a1con mayores servicios!<\/p>\n<p class=\"smallerFont\">Estos servicios para la publicaci\u00f3n y edici\u00f3n digital a\u00f1adir\u00e1n valor a lo que tienes que ofertar a tus clientes y permitir\u00e1n a tu negocio obtener un beneficio de esa experiencia. Actualmente disponemos de dos grupos de compa\u00f1\u00edas colaboradoras: agencias y revendedores.<\/p>\n<p><a href=\"#contact_form_partners\" class=\"button primary fancybox\">Reg\u00edstrate Ahora &gt;&gt;<\/a><\/p>\n<p id=\"partner_guide_button\"><a href=\"#contact_form_partner_guide\" class=\"button fancybox\">Descargar gu\u00eda del Partner &gt;&gt;<\/a><\/p>\n<\/div>\n<\/div>\n<\/div>\n<div class=\"section group\" style=\"padding-bottom:0;\">\n<div id=\"agencies\" class=\"sectionContent varWidth center\">\n<div class=\"partnerText textLeft\"><img decoding=\"async\" src=\"\/\/static.3dissue.com\/images\/contact\/agencies.jpg\" class=\"sectionImg floatright\" alt=\"3D Issue Programa Partner para Agencias\"><\/p>\n<h2 class=\"sectionHeading\">Agencias<\/h2>\n<p class=\"smallerFont\"><b>\u00bfNecesitas nuestro software para dar servicio a m\u00faltiples clientes?<\/b><\/p>\n<p class=\"smallerFont\">\u00danete a nuestro programa de socios colaboradores \u201c3D Issue Partner Program\u201d y utiliza nuestro software para ofrecer mayores servicios a numerosos clientes, a cada uno con su propia marca. Haz destacar los productos y servicios aumentando o conservando el consumo por cliente con una completa plataforma de publicaci\u00f3n digital que a\u00f1ade valor a trav\u00e9s de todas las plataformas. Nosotros creemos en el establecimiento de relaciones a largo plazo con proveedores de servicio de calidad.<\/p>\n<p class=\"smallerFont\">Nosotros te autorizamos para utilizar la licencia directamente mientras que t\u00fa eres qui\u00e9n mantiene la relaci\u00f3n con los clientes. Utilizando una plantilla distinta para cada cliente puedes ofrecer una personalizaci\u00f3n y distribuci\u00f3n a trav\u00e9s de distintas apps para cada marca. Podr\u00e1s crear ediciones digitales ilimitadas para cada cliente. Como agencia colaboradora dispondr\u00e1s de un descuento en el precio en funci\u00f3n del volumen de clientes a los que das servicio. Con el servicio de marca-blanca que tambi\u00e9n tenemos disponible, existen gran cantidad de opciones que se ajustan a agencias creativas y de impresi\u00f3n de todo tipo de caracter\u00edsticas y tama\u00f1os.<\/p>\n<\/div>\n<\/div>\n<\/div>\n<div class=\"section group\">\n<div id=\"resellers\" class=\"sectionContent varWidth center\">\n<div class=\"partnerText textLeft\"><img decoding=\"async\" src=\"\/\/static.3dissue.com\/images\/contact\/resellers.jpg\" class=\"sectionImg floatleft\" alt=\"Revender 3D Issue Software\"><\/p>\n<h2 class=\"sectionHeading\">Revendedores<\/h2>\n<p class=\"smallerFont\">Disponemos de miles de clientes por todo el mundo gracias a la rapidez con la que nuestros productos pueden traducirse a distintos idiomas. Sin embargo, somos conscientes de que una atenci\u00f3n local a trav\u00e9s de partners de calidad, es muchas veces beneficiosa para las relaciones con los consumidores<br \/>\nfavoreciendo el \u00e9xito y el incremento en el n\u00famero de clientes. Como revendedor podr\u00e1s vender nuestro producto con el respaldo de que es utilizado por grandes marcas en todo el mundo, que tiene gran demanda y un tremendo potencial para generar ingresos.<\/p>\n<p class=\"smallerFont\">Con el objetivo de dar recursos a tu negocio a trav\u00e9s de tus clientes, te ofrecemos un descuento. T\u00fa te encargar\u00e1s de todo el proceso de ventas y de crear ejemplos y propuestas directamente al cliente. Nuestro dedicado equipo estar\u00e1 a tu disposici\u00f3n para ofrecerte tanto el entrenamiento necesario como la ayuda en marketing que te pudiera hacer falta, manteni\u00e9ndote al d\u00eda de las nuevas caracter\u00edsticas y de las tendencias dentro de la industria. Tu cliente recibir\u00e1 la licencia del programa cedi\u00e9ndole la creaci\u00f3n de publicaciones ilimitadas para ellos y un mayor volumen de negocio para ti.<\/p>\n<\/div>\n<\/div>\n<\/div>\n<div style=\"display:none\" class=\"fancybox-hidden\">\n<div id=\"contact_form_partner_guide\">\n<div class=\"wpcf7 no-js\" id=\"wpcf7-f29491-o1\" lang=\"\" dir=\"ltr\" data-wpcf7-id=\"29491\">\n<div class=\"screen-reader-response\">\n<p role=\"status\" aria-live=\"polite\" aria-atomic=\"true\">\n<ul><\/ul>\n<\/div>\n<form action=\"\/es\/wp-json\/wp\/v2\/pages\/29500#wpcf7-f29491-o1\" method=\"post\" class=\"wpcf7-form init\" aria-label=\"Contact form\" novalidate=\"novalidate\" data-status=\"init\">\n<div style=\"display: none;\">\n<input type=\"hidden\" name=\"_wpcf7\" value=\"29491\" \/><br \/>\n<input type=\"hidden\" name=\"_wpcf7_version\" value=\"6.0.6\" \/><br \/>\n<input type=\"hidden\" name=\"_wpcf7_locale\" value=\"\" \/><br \/>\n<input type=\"hidden\" name=\"_wpcf7_unit_tag\" value=\"wpcf7-f29491-o1\" \/><br \/>\n<input type=\"hidden\" name=\"_wpcf7_container_post\" value=\"0\" \/><br \/>\n<input type=\"hidden\" name=\"_wpcf7_posted_data_hash\" value=\"\" \/>\n<\/div>\n<p><b class=\"contactTitle\">Descarga la Gu\u00eda del Socio Colaborador<\/b><br \/>\n<b>Tu nombre<br \/>\n    <span class=\"wpcf7-form-control-wrap\" data-name=\"your-name\"><input size=\"40\" maxlength=\"400\" class=\"wpcf7-form-control wpcf7-text wpcf7-validates-as-required\" aria-required=\"true\" aria-invalid=\"false\" value=\"\" type=\"text\" name=\"your-name\" \/><\/span> <\/b><\/p>\n<p><b>Tu email<br \/>\n    <span class=\"wpcf7-form-control-wrap\" data-name=\"your-email\"><input size=\"40\" maxlength=\"400\" class=\"wpcf7-form-control wpcf7-email wpcf7-validates-as-required wpcf7-text wpcf7-validates-as-email\" aria-required=\"true\" aria-invalid=\"false\" value=\"\" type=\"email\" name=\"your-email\" \/><\/span> <\/b><\/p>\n<p><b>Tu empresa<br \/>\n    <span class=\"wpcf7-form-control-wrap\" data-name=\"your-company\"><input size=\"40\" maxlength=\"400\" class=\"wpcf7-form-control wpcf7-text wpcf7-validates-as-required\" aria-required=\"true\" aria-invalid=\"false\" value=\"\" type=\"text\" name=\"your-company\" \/><\/span> <\/b><\/p>\n<p><span id=\"wpcf7-6a01f9dc173ad-wrapper\" class=\"wpcf7-form-control-wrap your-telephone-792-wrap\" style=\"display:none !important; visibility:hidden !important;\"><label for=\"wpcf7-6a01f9dc173ad-field\" class=\"hp-message\">Please leave this field empty.<\/label><input id=\"wpcf7-6a01f9dc173ad-field\"  class=\"wpcf7-form-control wpcf7-text\" type=\"text\" name=\"your-telephone-792\" value=\"\" size=\"40\" tabindex=\"-1\" autocomplete=\"new-password\" \/><\/span><\/p>\n<p><input class=\"wpcf7-form-control wpcf7-submit has-spinner button\" type=\"submit\" value=\"Descarga la Gu\u00eda\" \/><\/p>\n<div class=\"wpcf7-response-output\" aria-hidden=\"true\"><\/div>\n<\/form>\n<\/div>\n<\/div>\n<\/div>\n<div style=\"display:none\" class=\"fancybox-hidden\">\n<div id=\"contact_form_partners\">\n<div class=\"wpcf7 no-js\" id=\"wpcf7-f29490-o2\" lang=\"en-US\" dir=\"ltr\" data-wpcf7-id=\"29490\">\n<div class=\"screen-reader-response\">\n<p role=\"status\" aria-live=\"polite\" aria-atomic=\"true\">\n<ul><\/ul>\n<\/div>\n<form action=\"\/es\/wp-json\/wp\/v2\/pages\/29500#wpcf7-f29490-o2\" method=\"post\" class=\"wpcf7-form init\" aria-label=\"Contact form\" novalidate=\"novalidate\" data-status=\"init\">\n<div style=\"display: none;\">\n<input type=\"hidden\" name=\"_wpcf7\" value=\"29490\" \/><br \/>\n<input type=\"hidden\" name=\"_wpcf7_version\" value=\"6.0.6\" \/><br \/>\n<input type=\"hidden\" name=\"_wpcf7_locale\" value=\"en_US\" \/><br \/>\n<input type=\"hidden\" name=\"_wpcf7_unit_tag\" value=\"wpcf7-f29490-o2\" \/><br \/>\n<input type=\"hidden\" name=\"_wpcf7_container_post\" value=\"0\" \/><br \/>\n<input type=\"hidden\" name=\"_wpcf7_posted_data_hash\" value=\"\" \/>\n<\/div>\n<div class=\"page-form\">\n<div class=\"title\">Env\u00edanos un mensaje y nos pondremos en contacto contigo lo antes posible<\/div>\n<div class=\"form-elements\">\n<div class=\"wpcf7-response-output\" aria-hidden=\"true\"><\/div>\n<div class=\"label\">Nombre<span class=\"asterix\"><\/span><\/div>\n<div class=\"input\">\n<span class=\"wpcf7-form-control-wrap\" data-name=\"your-name\"><input size=\"40\" maxlength=\"50\" class=\"wpcf7-form-control wpcf7-text wpcf7-validates-as-required c-name\" aria-required=\"true\" aria-invalid=\"false\" value=\"\" type=\"text\" name=\"your-name\" \/><\/span>\n<\/div>\n<div class=\"label\">Email<span class=\"asterix\"><\/span><\/div>\n<div class=\"input\">\n<span class=\"wpcf7-form-control-wrap\" data-name=\"your-email\"><input size=\"40\" maxlength=\"400\" class=\"wpcf7-form-control wpcf7-email wpcf7-validates-as-required wpcf7-text wpcf7-validates-as-email c-email\" aria-required=\"true\" aria-invalid=\"false\" value=\"\" type=\"email\" name=\"your-email\" \/><\/span>\n<\/div>\n<p><span id=\"wpcf7-6a01f9dc17d79-wrapper\" class=\"wpcf7-form-control-wrap your-company-111-wrap\" style=\"display:none !important; visibility:hidden !important;\"><label for=\"wpcf7-6a01f9dc17d79-field\" class=\"hp-message\">Please leave this field empty.<\/label><input id=\"wpcf7-6a01f9dc17d79-field\"  class=\"wpcf7-form-control wpcf7-text\" type=\"text\" name=\"your-company-111\" value=\"\" size=\"40\" tabindex=\"-1\" autocomplete=\"new-password\" \/><\/span><\/p>\n<div class=\"label\">Cu\u00e9ntanos brevemente qu\u00e9 es lo que necesitas<span class=\"asterix\"><\/span><\/div>\n<div class=\"input\">\n<span class=\"wpcf7-form-control-wrap\" data-name=\"your-message\"><textarea cols=\"40\" rows=\"10\" maxlength=\"2000\" class=\"wpcf7-form-control wpcf7-textarea wpcf7-validates-as-required\" aria-required=\"true\" aria-invalid=\"false\" name=\"your-message\"><\/textarea><\/span>\n<\/div>\n<p><span id=\"wpcf7-6a01f9dc17dd6-wrapper\" class=\"wpcf7-form-control-wrap your-telephone-9186-wrap\" style=\"display:none !important; visibility:hidden !important;\"><label for=\"wpcf7-6a01f9dc17dd6-field\" class=\"hp-message\">Please leave this field empty.<\/label><input id=\"wpcf7-6a01f9dc17dd6-field\"  class=\"wpcf7-form-control wpcf7-text\" type=\"text\" name=\"your-telephone-9186\" value=\"\" size=\"40\" tabindex=\"-1\" autocomplete=\"new-password\" \/><\/span><br \/>\n[recaptcha]\n<\/div>\n<div class=\"footer\">\n<input class=\"wpcf7-form-control wpcf7-submit has-spinner button\" type=\"submit\" value=\"Env\u00edar\" \/>\n<\/div>\n<\/div>\n<div class=\"page-thankyou\">\n<div class=\"title\">\n<img decoding=\"async\" src=\"\/\/static.3dissue.com\/images\/logos\/logo.png\"\/><\/p>\n<div>Gracias por su inter\u00e9s en 3D Issue<\/div>\n<\/div>\n<div class=\"form-elements\">\n<div class=\"normal-text\">Su solicitud ha sido enviada a un miembro de nuestro equipo el cu\u00e1l se pondr\u00e1 en contacto con usted en breve<\/div>\n<div class=\"small-text\">Si tiene preguntas o dudas adicionales puede ponerse en contacto con nosotros a trav\u00e9s del email <a href=\"mailto:info@3dissue.com\">info@3dissue.com<\/a><\/div>\n<\/div>\n<div class=\"footer\">\n<input type=\"button\" class=\"button-close\" value=\"Cerrar\">\n<\/div>\n<\/div>\n<\/form>\n<\/div>\n<\/div>\n<\/div>\n<\/div>\n","protected":false},"excerpt":{"rendered":"<p>Reg\u00edstrate como Partner<br \/>\nEn 3D Issue Ltd, trabajamos con muchos partners a trav\u00e9s de distintas \u00e1reas de publicaci\u00f3n, desde el dise\u00f1o creativo hasta el acabado, la impresi\u00f3n y la distribuci\u00f3n.<br \/>\n\u00danete a nuestro programa de socios colaboradores \u201c3D Issue Partner Program\u201d y te permitiremos utilizar nuestro software para proveer a tus clientes \u00a1con mayores servicios!<br \/>\nEstos servicios para la publicaci\u00f3n y edici\u00f3n digital a\u00f1adir\u00e1n valor a lo que tienes que ofertar a tus clientes y permitir\u00e1n &#8230;<\/p>\n","protected":false},"author":1,"featured_media":0,"parent":0,"menu_order":0,"comment_status":"closed","ping_status":"closed","template":"template-contact.php","meta":{"footnotes":""},"class_list":["post-29500","page","type-page","status-publish","hentry","wpautop"],"aioseo_notices":[],"_links":{"self":[{"href":"https:\/\/www.3dissue.com\/es\/wp-json\/wp\/v2\/pages\/29500","targetHints":{"allow":["GET"]}}],"collection":[{"href":"https:\/\/www.3dissue.com\/es\/wp-json\/wp\/v2\/pages"}],"about":[{"href":"https:\/\/www.3dissue.com\/es\/wp-json\/wp\/v2\/types\/page"}],"author":[{"embeddable":true,"href":"https:\/\/www.3dissue.com\/es\/wp-json\/wp\/v2\/users\/1"}],"replies":[{"embeddable":true,"href":"https:\/\/www.3dissue.com\/es\/wp-json\/wp\/v2\/comments?post=29500"}],"version-history":[{"count":2,"href":"https:\/\/www.3dissue.com\/es\/wp-json\/wp\/v2\/pages\/29500\/revisions"}],"predecessor-version":[{"id":61318,"href":"https:\/\/www.3dissue.com\/es\/wp-json\/wp\/v2\/pages\/29500\/revisions\/61318"}],"wp:attachment":[{"href":"https:\/\/www.3dissue.com\/es\/wp-json\/wp\/v2\/media?parent=29500"}],"curies":[{"name":"wp","href":"https:\/\/api.w.org\/{rel}","templated":true}]}}